{"id":22001,"date":"2023-12-28T11:53:55","date_gmt":"2023-12-28T10:53:55","guid":{"rendered":"https:\/\/www.wepaflyer.com\/?post_type=product&#038;p=22001"},"modified":"2026-05-04T12:30:17","modified_gmt":"2026-05-04T10:30:17","slug":"parafoil-easy-rainbow","status":"publish","type":"product","link":"https:\/\/www.wepaflyer.com\/de\/produkt\/parafoil-easy-rainbow\/","title":{"rendered":"Parafoil Easy Rainbow"},"content":{"rendered":"<h3>PARAFOIL EASY RAINBOW<\/h3>\n<h5 class=\"tw-data-text tw-text-large tw-ta\" dir=\"ltr\" data-placeholder=\"Vertaling\" aria-label=\"Vertaalde tekst: Parafoil Easy Rainbow Drachen ohne Stange | 56 x 35 cm. | R2F Wundersch\u00f6ner stangenloser Drachen nach dem Parafoil-Prinzip, also mit Luftkammern f\u00fcr zus\u00e4tzliche Robustheit und Stabilisierung. Durch die stabilisierenden Luftkammern fliegen die Parafoils deutlich stabiler als ein einfacher Schlittendrachen oder die ohnehin schon stabilen Beachkites und bleiben auch bei starkem Wind relativ ruhig am Himmel. Mit diesen Parafoils werden Jung und Alt viel Spa\u00df haben. Idealer Stranddrachen, denn Sie starten ihn, befestigen ihn an Ihrem Sonnenschirm und er bleibt oben, bis Sie ihn wieder einholen. Das Parafoil ist extrem langlebig und nahezu unzerst\u00f6rbar. Geeignet f\u00fcr jedes Alter, ab 5 Jahren. Der Drachen wird R2F (Ready-to-Fly) mit ca. 60 Meter 17 daN Drachenfaden am Drachenring. Hergestellt aus Spinnakertuch und in den Farben und dem Design wie abgebildet. Einzeln verpackt in einer sch\u00f6nen Sporttasche, die an jeden G\u00fcrtel passt \u2026\" data-ved=\"2ahUKEwjuh5jliIeNAxWjnf0HHS8ZKUgQ3ewLegQICBAV\"><span class=\"Y2IQFc\" lang=\"de\">Stabloser Drachen | 56 x 35 cm. | R2F <\/span><\/h5>\n<p class=\"tw-data-text tw-text-large tw-ta\" dir=\"ltr\" data-placeholder=\"Vertaling\" aria-label=\"Vertaalde tekst: Parafoil Easy Rainbow Drachen ohne Stange | 56 x 35 cm. | R2F Wundersch\u00f6ner stangenloser Drachen nach dem Parafoil-Prinzip, also mit Luftkammern f\u00fcr zus\u00e4tzliche Robustheit und Stabilisierung. Durch die stabilisierenden Luftkammern fliegen die Parafoils deutlich stabiler als ein einfacher Schlittendrachen oder die ohnehin schon stabilen Beachkites und bleiben auch bei starkem Wind relativ ruhig am Himmel. Mit diesen Parafoils werden Jung und Alt viel Spa\u00df haben. Idealer Stranddrachen, denn Sie starten ihn, befestigen ihn an Ihrem Sonnenschirm und er bleibt oben, bis Sie ihn wieder einholen. Das Parafoil ist extrem langlebig und nahezu unzerst\u00f6rbar. Geeignet f\u00fcr jedes Alter, ab 5 Jahren. Der Drachen wird R2F (Ready-to-Fly) mit ca. 60 Meter 17 daN Drachenfaden am Drachenring. Hergestellt aus Spinnakertuch und in den Farben und dem Design wie abgebildet. Einzeln verpackt in einer sch\u00f6nen Sporttasche, die an jeden G\u00fcrtel passt \u2026\" data-ved=\"2ahUKEwjuh5jliIeNAxWjnf0HHS8ZKUgQ3ewLegQICBAV\"><span class=\"Y2IQFc\" lang=\"de\">Wundersch\u00f6ner stabloser Drachen nach dem Parafoil-Prinzip, also mit Luftkammern f\u00fcr zus\u00e4tzliche Robustheit und Stabilisierung. Durch die stabilisierenden Luftkammern fliegen die Parafoils deutlich stabiler als ein einfacher Schlittendrachen oder die ohnehin schon stabilen Beachkites und bleiben auch bei starkem Wind relativ ruhig am Himmel. Mit diesen Parafoils werden Jung und Alt viel Spa\u00df haben. <\/span><\/p>\n<p class=\"tw-data-text tw-text-large tw-ta\" dir=\"ltr\" data-placeholder=\"Vertaling\" aria-label=\"Vertaalde tekst: Parafoil Easy Rainbow Drachen ohne Stange | 56 x 35 cm. | R2F Wundersch\u00f6ner stangenloser Drachen nach dem Parafoil-Prinzip, also mit Luftkammern f\u00fcr zus\u00e4tzliche Robustheit und Stabilisierung. Durch die stabilisierenden Luftkammern fliegen die Parafoils deutlich stabiler als ein einfacher Schlittendrachen oder die ohnehin schon stabilen Beachkites und bleiben auch bei starkem Wind relativ ruhig am Himmel. Mit diesen Parafoils werden Jung und Alt viel Spa\u00df haben. Idealer Stranddrachen, denn Sie starten ihn, befestigen ihn an Ihrem Sonnenschirm und er bleibt oben, bis Sie ihn wieder einholen. Das Parafoil ist extrem langlebig und nahezu unzerst\u00f6rbar. Geeignet f\u00fcr jedes Alter, ab 5 Jahren. Der Drachen wird R2F (Ready-to-Fly) mit ca. 60 Meter 17 daN Drachenfaden am Drachenring. Hergestellt aus Spinnakertuch und in den Farben und dem Design wie abgebildet. Einzeln verpackt in einer sch\u00f6nen Sporttasche, die an jeden G\u00fcrtel passt \u2026\" data-ved=\"2ahUKEwjuh5jliIeNAxWjnf0HHS8ZKUgQ3ewLegQICBAV\"><span class=\"Y2IQFc\" lang=\"de\">Idealer Stranddrachen, denn Sie starten ihn, befestigen ihn an Ihrem Sonnenschirm und er bleibt oben, bis Sie ihn wieder einholen. Das Parafoil ist extrem langlebig und nahezu unzerst\u00f6rbar. Geeignet f\u00fcr jedes Alter, ab 5 Jahren. <\/span><\/p>\n<p class=\"tw-data-text tw-text-large tw-ta\" dir=\"ltr\" data-placeholder=\"Vertaling\" aria-label=\"Vertaalde tekst: Parafoil Easy Rainbow Drachen ohne Stange | 56 x 35 cm. | R2F Wundersch\u00f6ner stangenloser Drachen nach dem Parafoil-Prinzip, also mit Luftkammern f\u00fcr zus\u00e4tzliche Robustheit und Stabilisierung. Durch die stabilisierenden Luftkammern fliegen die Parafoils deutlich stabiler als ein einfacher Schlittendrachen oder die ohnehin schon stabilen Beachkites und bleiben auch bei starkem Wind relativ ruhig am Himmel. Mit diesen Parafoils werden Jung und Alt viel Spa\u00df haben. Idealer Stranddrachen, denn Sie starten ihn, befestigen ihn an Ihrem Sonnenschirm und er bleibt oben, bis Sie ihn wieder einholen. Das Parafoil ist extrem langlebig und nahezu unzerst\u00f6rbar. Geeignet f\u00fcr jedes Alter, ab 5 Jahren. Der Drachen wird R2F (Ready-to-Fly) mit ca. 60 Meter 17 daN Drachenfaden am Drachenring. Hergestellt aus Spinnakertuch und in den Farben und dem Design wie abgebildet. Einzeln verpackt in einer sch\u00f6nen Sporttasche, die an jeden G\u00fcrtel passt \u2026\" data-ved=\"2ahUKEwjuh5jliIeNAxWjnf0HHS8ZKUgQ3ewLegQICBAV\"><span class=\"Y2IQFc\" lang=\"de\">Der Drachen wird R2F (Ready-to-Fly) mit ca. 60 Meter 17 daN Drachenschnur auf Drachenring. Hergestellt aus Spinnakertuch und in den Farben und dem Design wie abgebildet. Einzeln verpackt in einer sch\u00f6nen Reisetasche, die an jeden G\u00fcrtel passt \u2026<\/span><\/p>\n","protected":false},"excerpt":{"rendered":"<p class=\"tw-data-text tw-text-large tw-ta\" dir=\"ltr\" data-placeholder=\"Vertaling\" aria-label=\"Vertaalde tekst: Parafoil Easy Rainbow Drachen ohne Stange | 56 x 35 cm. | R2F Wundersch\u00f6ner stangenloser Drachen nach dem Parafoil-Prinzip, also mit Luftkammern f\u00fcr zus\u00e4tzliche Robustheit und Stabilisierung. Durch die stabilisierenden Luftkammern fliegen die Parafoils deutlich stabiler als ein einfacher Schlittendrachen oder die ohnehin schon stabilen Beachkites und bleiben auch bei starkem Wind relativ ruhig am Himmel. Mit diesen Parafoils werden Jung und Alt viel Spa\u00df haben. Idealer Stranddrachen, denn Sie starten ihn, befestigen ihn an Ihrem Sonnenschirm und er bleibt oben, bis Sie ihn wieder einholen. Das Parafoil ist extrem langlebig und nahezu unzerst\u00f6rbar. Geeignet f\u00fcr jedes Alter, ab 5 Jahren. Der Drachen wird R2F (Ready-to-Fly) mit ca. 60 Meter 17 daN Drachenfaden am Drachenring. Hergestellt aus Spinnakertuch und in den Farben und dem Design wie abgebildet. Einzeln verpackt in einer sch\u00f6nen Sporttasche, die an jeden G\u00fcrtel passt \u2026\" data-ved=\"2ahUKEwjuh5jliIeNAxWjnf0HHS8ZKUgQ3ewLegQICBAV\"><span class=\"Y2IQFc\" lang=\"de\">Stabloser Drachen | 56 x 35 cm. | R2F<\/span><\/p>\n","protected":false},"featured_media":12974,"comment_status":"closed","ping_status":"closed","template":"","meta":{"_acf_changed":false},"product_brand":[],"product_cat":[1396,2177,2184,1348,1384],"product_tag":[3631],"class_list":{"0":"post-22001","1":"product","2":"type-product","3":"status-publish","4":"has-post-thumbnail","6":"product_cat-drachen","7":"product_cat-hq-kites","8":"product_cat-kinderdrachen","9":"product_cat-marken","10":"product_cat-sale","11":"product_tag-kindervliegers","12":"pa_breedte-cm-35-de","13":"pa_lengte-cm-56-de","15":"first","16":"instock","17":"sale","18":"taxable","19":"shipping-taxable","20":"purchasable","21":"product-type-simple"},"acf":[],"_links":{"self":[{"href":"https:\/\/www.wepaflyer.com\/de\/wp-json\/wp\/v2\/product\/22001","targetHints":{"allow":["GET"]}}],"collection":[{"href":"https:\/\/www.wepaflyer.com\/de\/wp-json\/wp\/v2\/product"}],"about":[{"href":"https:\/\/www.wepaflyer.com\/de\/wp-json\/wp\/v2\/types\/product"}],"replies":[{"embeddable":true,"href":"https:\/\/www.wepaflyer.com\/de\/wp-json\/wp\/v2\/comments?post=22001"}],"wp:featuredmedia":[{"embeddable":true,"href":"https:\/\/www.wepaflyer.com\/de\/wp-json\/wp\/v2\/media\/12974"}],"wp:attachment":[{"href":"https:\/\/www.wepaflyer.com\/de\/wp-json\/wp\/v2\/media?parent=22001"}],"wp:term":[{"taxonomy":"product_brand","embeddable":true,"href":"https:\/\/www.wepaflyer.com\/de\/wp-json\/wp\/v2\/product_brand?post=22001"},{"taxonomy":"product_cat","embeddable":true,"href":"https:\/\/www.wepaflyer.com\/de\/wp-json\/wp\/v2\/product_cat?post=22001"},{"taxonomy":"product_tag","embeddable":true,"href":"https:\/\/www.wepaflyer.com\/de\/wp-json\/wp\/v2\/product_tag?post=22001"}],"curies":[{"name":"wp","href":"https:\/\/api.w.org\/{rel}","templated":true}]}}