{"id":21998,"date":"2023-12-28T11:53:22","date_gmt":"2023-12-28T10:53:22","guid":{"rendered":"https:\/\/www.wepaflyer.com\/?post_type=product&#038;p=21998"},"modified":"2026-03-11T20:57:32","modified_gmt":"2026-03-11T19:57:32","slug":"parapowerpack-fuer-2-powerkites","status":"publish","type":"product","link":"https:\/\/www.wepaflyer.com\/de\/produkt\/parapowerpack-fuer-2-powerkites\/","title":{"rendered":"ParaPowerPack f\u00fcr 2 | PowerKites | DoppelPack"},"content":{"rendered":"<h3>PARA POWER PACK F\u00dcR 2 | POWER-KITES OLD SCHOOL<\/h3>\n<h4>Parakites in 340 &amp; 490 cm. Spannweite | 3,0 &amp; 4,5 m\u00b2 | R2F <strong>inkl. Lenkstange<\/strong><\/h4>\n<p>Zwei (2) ParaKites-Lenkmatten, 2-Leiner, im DoublePack. Sehr leistungsstarke Drachen f\u00fcr (sehr) erfahrene Anf\u00e4nger, Fortgeschrittene und Draufg\u00e4nger.<\/p>\n<p><b>Praktisches Powerkiten Old School. Doppelter Spa\u00df!<\/b><\/p>\n<p>Bei flinker Brise hat man alle H\u00e4nde voll zu tun, bei starkem Wind wird es zur echten Herausforderung&#8230;<\/p>\n<p>Aus stabilem Spinnakertuch im abgebildeten Design.<\/p>\n<p><strong>Drachen werden R2F (Ready-to-Fly) mit Climax WhiteLines Dyneema-Lenkset von 110 bzw. 140 kg auf Wickelgriff, LIBRE Classic gepolsterte Lenksets und HQ ControlBar f\u00fcr 2-Leiner geliefert f\u00fcr endlosen Kitespa\u00df zu zweit. Wenn Sie Powerkiten m\u00f6gen und die Kr\u00e4fte von Wind und Kite unkompliziert genie\u00dfen m\u00f6chten, dann ist dies eine ausgezeichnete Wahl!<\/strong><\/p>\n<p><b>Inhalt dieses ParaPowerPackFor2:<\/b><\/p>\n<ul>\n<li><b>1x ParaKite 3500<\/b><\/li>\n<li><b>1x ParaKite 5000<\/b><\/li>\n<li><b>1x Climax WhiteLines Lenkset 2x25m \/ 140 daN<\/b><\/li>\n<li><b>1x Climax WhiteLines Lenkset 2x25m \/ 160 daN<\/b><\/li>\n<li><b>2x LIBRE Classic Straps Set (Lenkschlaufen)<\/b><\/li>\n<li><b>1x HQ ControlBar 2-Liner<\/b><\/li>\n<\/ul>\n<p>Verpackt in einfachen Aufbewahrungsbeuteln.<\/p>\n<p><strong>Jetzt oder nie!<\/strong><\/p>\n","protected":false},"excerpt":{"rendered":"<p>Parakites in 340 &amp; 490 cm. Spannweite | 3,0 &amp; 4,5 m\u00b2 | R2F <strong>inkl. Lenkstange<\/strong><\/p>\n","protected":false},"featured_media":12961,"comment_status":"closed","ping_status":"closed","template":"","meta":{"_acf_changed":false},"product_brand":[],"product_cat":[2164,3553,1348,1372,3554,1384,2165],"product_tag":[],"class_list":{"0":"post-21998","1":"product","2":"type-product","3":"status-publish","4":"has-post-thumbnail","6":"product_cat-2-leiner-lenkmatten","7":"product_cat-drachenpakete","8":"product_cat-marken","9":"product_cat-powerkites","10":"product_cat-powerkitespakete","11":"product_cat-sale","12":"product_cat-wepa","14":"first","15":"instock","16":"sale","17":"taxable","18":"shipping-taxable","19":"purchasable","20":"product-type-simple"},"acf":[],"_links":{"self":[{"href":"https:\/\/www.wepaflyer.com\/de\/wp-json\/wp\/v2\/product\/21998","targetHints":{"allow":["GET"]}}],"collection":[{"href":"https:\/\/www.wepaflyer.com\/de\/wp-json\/wp\/v2\/product"}],"about":[{"href":"https:\/\/www.wepaflyer.com\/de\/wp-json\/wp\/v2\/types\/product"}],"replies":[{"embeddable":true,"href":"https:\/\/www.wepaflyer.com\/de\/wp-json\/wp\/v2\/comments?post=21998"}],"wp:featuredmedia":[{"embeddable":true,"href":"https:\/\/www.wepaflyer.com\/de\/wp-json\/wp\/v2\/media\/12961"}],"wp:attachment":[{"href":"https:\/\/www.wepaflyer.com\/de\/wp-json\/wp\/v2\/media?parent=21998"}],"wp:term":[{"taxonomy":"product_brand","embeddable":true,"href":"https:\/\/www.wepaflyer.com\/de\/wp-json\/wp\/v2\/product_brand?post=21998"},{"taxonomy":"product_cat","embeddable":true,"href":"https:\/\/www.wepaflyer.com\/de\/wp-json\/wp\/v2\/product_cat?post=21998"},{"taxonomy":"product_tag","embeddable":true,"href":"https:\/\/www.wepaflyer.com\/de\/wp-json\/wp\/v2\/product_tag?post=21998"}],"curies":[{"name":"wp","href":"https:\/\/api.w.org\/{rel}","templated":true}]}}