{"id":21997,"date":"2023-12-28T11:53:22","date_gmt":"2023-12-28T10:53:22","guid":{"rendered":"https:\/\/www.wepaflyer.com\/?post_type=product&#038;p=21997"},"modified":"2025-04-01T17:58:19","modified_gmt":"2025-04-01T15:58:19","slug":"plkb-4-line-powerkitebar-v2","status":"publish","type":"product","link":"https:\/\/www.wepaflyer.com\/de\/produkt\/plkb-4-line-powerkitebar-v2\/","title":{"rendered":"PLKB 4-Line Powerkitebar V2"},"content":{"rendered":"<h3>PLKB 4-LINE POWERKITEBAR V2<\/h3>\n<h3>4-Line Powerkiting Bar \u00b150cm<\/h3>\n<p>Wir haben die PLKB 4-Line Powerkite Control Bar V2 f\u00fcr alle 4-Line Powerkites wie z wie der Hornet und der Twister.<\/p>\n<p>Es bietet eine pr\u00e4zisere Kontrolle und eine gute Reaktion des Drachens. Die Ronstan-Umlenkrolle erm\u00f6glicht es den Powerlines, sich zusammen mit den Steuerleinen zu bewegen und sorgt f\u00fcr ein Gleichgewicht zwischen schnellem Lenken und Vorw\u00e4rtsfliegen.<\/p>\n<p>Die Powerlines sind verstellbar, um Ihren Drachen bis ins letzte Detail zu trimmen. Eine an den Steuerleinen befestigte Bremsleine erm\u00f6glicht eine einfache Selbstlandung oder dient als Sicherheitsmerkmal mit der Sicherheitsleine.<\/p>\n<p>Diese Steuerstange funktioniert bei den neuen und \u00e4lteren PLKB Hornet- und Twister-Modellen. Alle neuen Powerkites sind mit dieser Powerkite-Bar V2 ausgestattet.<\/p>\n<ul>\n<li>Befestigen Sie die Front-\/Powerleinen an der grauen verstellbaren Mittelleine<\/li>\n<li>Befestigen Sie die Steuerleinen an den roten und grauen Vorlaufleinen an jedem Ende der Bar.<\/li>\n<li>Wenn der Kite dazu neigt, abzuw\u00fcrgen (r\u00fcckw\u00e4rts zu fliegen), k\u00fcrzen Sie die vorderen\/Power-Leinen, indem Sie die Leine in Richtung der Rolle verknoten zu bewegen.<\/li>\n<\/ul>\n<p>PLKB\/Peter Lynn b\u00fcrgt seit vielen Jahren f\u00fcr hervorragende Qualit\u00e4t und hervorragende Verarbeitung. Diese Kitebar ist auf jeden Fall zu empfehlen. Zus\u00e4tzlich zu dieser Power Kite Bar sind diverse weitere Bars (Steuerstangen) erh\u00e4ltlich. Hier sollte dir immer gelingen.<\/p>\n<p><b>Viel Spa\u00df beim Kiten!<\/b><\/p>\n","protected":false},"excerpt":{"rendered":"<p>4-Leinen-Bar f\u00fcr ALLE 4-Leinen-Powerkites \u00b150 cm<\/p>\n","protected":false},"featured_media":12959,"comment_status":"closed","ping_status":"closed","template":"","meta":{"_acf_changed":false},"product_brand":[],"product_cat":[2186,1348,2163,3546],"product_tag":[],"class_list":{"0":"post-21997","1":"product","2":"type-product","3":"status-publish","4":"has-post-thumbnail","6":"product_cat-drachen-lenkschlaufen","7":"product_cat-marken","8":"product_cat-peter-lynn","9":"product_cat-powerkites-zubehor","11":"first","12":"onbackorder","13":"taxable","14":"shipping-taxable","15":"purchasable","16":"product-type-simple"},"acf":[],"_links":{"self":[{"href":"https:\/\/www.wepaflyer.com\/de\/wp-json\/wp\/v2\/product\/21997","targetHints":{"allow":["GET"]}}],"collection":[{"href":"https:\/\/www.wepaflyer.com\/de\/wp-json\/wp\/v2\/product"}],"about":[{"href":"https:\/\/www.wepaflyer.com\/de\/wp-json\/wp\/v2\/types\/product"}],"replies":[{"embeddable":true,"href":"https:\/\/www.wepaflyer.com\/de\/wp-json\/wp\/v2\/comments?post=21997"}],"wp:featuredmedia":[{"embeddable":true,"href":"https:\/\/www.wepaflyer.com\/de\/wp-json\/wp\/v2\/media\/12959"}],"wp:attachment":[{"href":"https:\/\/www.wepaflyer.com\/de\/wp-json\/wp\/v2\/media?parent=21997"}],"wp:term":[{"taxonomy":"product_brand","embeddable":true,"href":"https:\/\/www.wepaflyer.com\/de\/wp-json\/wp\/v2\/product_brand?post=21997"},{"taxonomy":"product_cat","embeddable":true,"href":"https:\/\/www.wepaflyer.com\/de\/wp-json\/wp\/v2\/product_cat?post=21997"},{"taxonomy":"product_tag","embeddable":true,"href":"https:\/\/www.wepaflyer.com\/de\/wp-json\/wp\/v2\/product_tag?post=21997"}],"curies":[{"name":"wp","href":"https:\/\/api.w.org\/{rel}","templated":true}]}}