{"id":21992,"date":"2023-12-28T11:53:22","date_gmt":"2023-12-28T10:53:22","guid":{"rendered":"https:\/\/www.wepaflyer.com\/?post_type=product&#038;p=21992"},"modified":"2026-04-06T19:37:26","modified_gmt":"2026-04-06T17:37:26","slug":"pk-big-generator-rainbow-xxl","status":"publish","type":"product","link":"https:\/\/www.wepaflyer.com\/de\/produkt\/pk-big-generator-rainbow-xxl\/","title":{"rendered":"PK Big Generator Rainbow XXL"},"content":{"rendered":"<h3>PK BIG GENERATOR RAINBOW XXL<\/h3>\n<h4>\u00f8 380 cm \/ 610 cm hoch | Windgenerator-Turbine<\/h4>\n<p><strong>Erzeuge deinen eigenen Strom!<\/strong><\/p>\n<p><span>Riesen Windrad XXL in sturmfester Bauweise mit Edelstahlachse und Teleskop \u2013 Aluminiummast. Ideal f\u00fcr die nachhaltige Au\u00dfendekoration in gro\u00dfen G\u00e4rten und Parks. Mit etwas Geschick wird daraus Ihr eigener kleiner Energielieferant.<\/span><\/p>\n<p><span>Detaillierte Einsatzm\u00f6glichkeiten. F\u00e4llt immer auf, \u00fcberraschte Gesichter garantiert!<\/span><\/p>\n<p><span>Hergestellt aus extra starkem SolarMax-Polyestergewebe f\u00fcr extrem lange Farben Echtheit. Garantiert UV- und witterungsbest\u00e4ndig f\u00fcr eine besonders lange Lebensdauer, mit extra starken Fiberglasstangen, inklusive Aluminiummast und Erdanker. H\u00f6he 610 cm.<\/span><\/p>\n","protected":false},"excerpt":{"rendered":"<p>\u00f8 380 cm \/ 610 cm hoch | Windgenerator-Turbine<\/p>\n","protected":false},"featured_media":12946,"comment_status":"closed","ping_status":"closed","template":"","meta":{"_acf_changed":false},"product_brand":[],"product_cat":[1347,1348,1403,2188],"product_tag":[],"class_list":{"0":"post-21992","1":"product","2":"type-product","3":"status-publish","4":"has-post-thumbnail","6":"product_cat-angebote","7":"product_cat-marken","8":"product_cat-windspiele","9":"product_cat-windspiele-garten","10":"pa_hoogte-cm-610-de","12":"first","13":"instock","14":"sale","15":"taxable","16":"shipping-taxable","17":"purchasable","18":"product-type-simple"},"acf":[],"_links":{"self":[{"href":"https:\/\/www.wepaflyer.com\/de\/wp-json\/wp\/v2\/product\/21992","targetHints":{"allow":["GET"]}}],"collection":[{"href":"https:\/\/www.wepaflyer.com\/de\/wp-json\/wp\/v2\/product"}],"about":[{"href":"https:\/\/www.wepaflyer.com\/de\/wp-json\/wp\/v2\/types\/product"}],"replies":[{"embeddable":true,"href":"https:\/\/www.wepaflyer.com\/de\/wp-json\/wp\/v2\/comments?post=21992"}],"wp:featuredmedia":[{"embeddable":true,"href":"https:\/\/www.wepaflyer.com\/de\/wp-json\/wp\/v2\/media\/12946"}],"wp:attachment":[{"href":"https:\/\/www.wepaflyer.com\/de\/wp-json\/wp\/v2\/media?parent=21992"}],"wp:term":[{"taxonomy":"product_brand","embeddable":true,"href":"https:\/\/www.wepaflyer.com\/de\/wp-json\/wp\/v2\/product_brand?post=21992"},{"taxonomy":"product_cat","embeddable":true,"href":"https:\/\/www.wepaflyer.com\/de\/wp-json\/wp\/v2\/product_cat?post=21992"},{"taxonomy":"product_tag","embeddable":true,"href":"https:\/\/www.wepaflyer.com\/de\/wp-json\/wp\/v2\/product_tag?post=21992"}],"curies":[{"name":"wp","href":"https:\/\/api.w.org\/{rel}","templated":true}]}}