{"id":21990,"date":"2023-12-28T11:53:22","date_gmt":"2023-12-28T10:53:22","guid":{"rendered":"https:\/\/www.wepaflyer.com\/?post_type=product&#038;p=21990"},"modified":"2026-04-06T18:37:06","modified_gmt":"2026-04-06T16:37:06","slug":"pk-big-generator-rainbow-l","status":"publish","type":"product","link":"https:\/\/www.wepaflyer.com\/de\/produkt\/pk-big-generator-rainbow-l\/","title":{"rendered":"PK Big Generator Rainbow L"},"content":{"rendered":"<h3>PK BIG GENERATOR RAINBOW L<\/h3>\n<h4>\u00f8 200 cm \/ 420 cm hoch | Windgenerator-Turbine<\/h4>\n<p><strong>Erzeuge deinen eigenen Strom!<\/strong><\/p>\n<p>Riesiges Windrad im sturmfesten Bauprinzip mit Edelstahlachse und Teleskop &#8211; Aluminiummast. Ideal f\u00fcr die nachhaltige Au\u00dfendekoration in gro\u00dfen G\u00e4rten und Parks. Mit etwas Geschick wird daraus Ihr eigener kleiner Energieversorger.<\/p>\n<p>Detaillierte Anwendungen. F\u00e4llt immer auf, \u00fcberraschte Gesichter garantiert!<\/p>\n<p>Hergestellt aus extra starkem SolarMax-Polyestergewebe f\u00fcr extrem lange Farbechtheit. Garantiert UV- und witterungsbest\u00e4ndig f\u00fcr eine besonders lange Lebensdauer, mit extra starken Fiberglasstangen, inklusive Aluminiummast und Erdanker. H\u00f6he 420 cm.<\/p>\n","protected":false},"excerpt":{"rendered":"<p>\u00f8 200 cm \/ 420 cm hoch | Windgenerator-Turbine<\/p>\n","protected":false},"featured_media":12941,"comment_status":"closed","ping_status":"closed","template":"","meta":{"_acf_changed":false},"product_brand":[],"product_cat":[1347,1348,1403,2188],"product_tag":[],"class_list":{"0":"post-21990","1":"product","2":"type-product","3":"status-publish","4":"has-post-thumbnail","6":"product_cat-angebote","7":"product_cat-marken","8":"product_cat-windspiele","9":"product_cat-windspiele-garten","10":"pa_hoogte-cm-420-de","12":"first","13":"instock","14":"sale","15":"taxable","16":"shipping-taxable","17":"purchasable","18":"product-type-simple"},"acf":[],"_links":{"self":[{"href":"https:\/\/www.wepaflyer.com\/de\/wp-json\/wp\/v2\/product\/21990","targetHints":{"allow":["GET"]}}],"collection":[{"href":"https:\/\/www.wepaflyer.com\/de\/wp-json\/wp\/v2\/product"}],"about":[{"href":"https:\/\/www.wepaflyer.com\/de\/wp-json\/wp\/v2\/types\/product"}],"replies":[{"embeddable":true,"href":"https:\/\/www.wepaflyer.com\/de\/wp-json\/wp\/v2\/comments?post=21990"}],"wp:featuredmedia":[{"embeddable":true,"href":"https:\/\/www.wepaflyer.com\/de\/wp-json\/wp\/v2\/media\/12941"}],"wp:attachment":[{"href":"https:\/\/www.wepaflyer.com\/de\/wp-json\/wp\/v2\/media?parent=21990"}],"wp:term":[{"taxonomy":"product_brand","embeddable":true,"href":"https:\/\/www.wepaflyer.com\/de\/wp-json\/wp\/v2\/product_brand?post=21990"},{"taxonomy":"product_cat","embeddable":true,"href":"https:\/\/www.wepaflyer.com\/de\/wp-json\/wp\/v2\/product_cat?post=21990"},{"taxonomy":"product_tag","embeddable":true,"href":"https:\/\/www.wepaflyer.com\/de\/wp-json\/wp\/v2\/product_tag?post=21990"}],"curies":[{"name":"wp","href":"https:\/\/api.w.org\/{rel}","templated":true}]}}