{"id":21989,"date":"2023-12-28T11:53:22","date_gmt":"2023-12-28T10:53:22","guid":{"rendered":"https:\/\/www.wepaflyer.com\/?post_type=product&#038;p=21989"},"modified":"2024-11-22T13:05:19","modified_gmt":"2024-11-22T12:05:19","slug":"pe-rohrende-13-meter","status":"publish","type":"product","link":"https:\/\/www.wepaflyer.com\/de\/produkt\/pe-rohrende-13-meter\/","title":{"rendered":"PE-Rohrende 13 Meter"},"content":{"rendered":"<h3>PE-ROHRENDE 13 Meter<\/h3>\n<h3>1300cm 4 Farben<\/h3>\n<p>Dieses PE-Rohrendst\u00fcck mit einer L\u00e4nge von 13 Metern ist eines der Objekte, die wir seit mehr als 35 Jahren am l\u00e4ngsten in unserer Sammlung haben! Urspr\u00fcnglich das klassische Heck des Acro Racer Lenkdrachens, dem goldenen Oldie schlechthin, passt aber nat\u00fcrlich auch zu allen anderen 1-Leiner- und Lenkdrachen. Dieser Schwanz w\u00f6lbt sich im Wind und wenn du mit deinem Lenkdrachen Loopings machst, ergibt das einen sehr sch\u00f6nen Effekt. Sollte der Schwanz mit der Zeit an der Unterseite ausfransen, binden Sie ihn unten zu, damit Sie lange Freude daran haben. Oben wird dieser Schwanz mittels befestigt Extra starkes Klebeband verst\u00e4rkt und der Karabiner erm\u00f6glicht die Befestigung am Drachen.<\/p>\n<p><span style=\"LINE-HEIGHT: 1.5em\">Erh\u00e4ltlich in den Farben Rot, Gelb, Blau und Gr\u00fcn.<\/span><\/p>\n<p><b><span style=\"LINE-HEIGHT : 1,5em\">Bitte geben Sie im Feld \u201eBemerkungen\u201c des Bestellformulars an, welche Farbe Sie erhalten m\u00f6chten.<\/span><\/b><\/p>\n<p><b>Mengenrabatte<\/b>; Beim Kauf gr\u00f6\u00dferer Mengen gew\u00e4hren wir folgende Mengenrabatte:<\/p>\n<\/p>\n<ul>\n<li><b>ab 50 St\u00fcck: 10%<\/b><\/li>\n<p>< li ><b>ab 100 St\u00fcck: 20%<\/b><\/li>\n<li><b>ab 250 St\u00fcck: 30%<\/b><\/li>\n<\/ul>\n<p>Der Mengenrabatt wird direkt in der angerechnet Warenkorb abgewickelt.<\/p>\n<p><i>Hinweis!: Diese Tube Tails sind auch in Spinnakerstoff in vielen Farben erh\u00e4ltlich! Schauen Sie einfach mal vorbei.<\/i><\/p>\n","protected":false},"excerpt":{"rendered":"<p>1300cm 4 Farben<\/p>\n","protected":false},"featured_media":12938,"comment_status":"closed","ping_status":"closed","template":"","meta":{"_acf_changed":false},"product_brand":[],"product_cat":[1385,2174],"product_tag":[],"class_list":{"0":"post-21989","1":"product","2":"type-product","3":"status-publish","4":"has-post-thumbnail","6":"product_cat-drachen-zubehor","7":"product_cat-drachenteile-metall","8":"pa_lengte-cm-1300-de","10":"first","11":"instock","12":"taxable","13":"shipping-taxable","14":"purchasable","15":"product-type-simple"},"acf":[],"_links":{"self":[{"href":"https:\/\/www.wepaflyer.com\/de\/wp-json\/wp\/v2\/product\/21989","targetHints":{"allow":["GET"]}}],"collection":[{"href":"https:\/\/www.wepaflyer.com\/de\/wp-json\/wp\/v2\/product"}],"about":[{"href":"https:\/\/www.wepaflyer.com\/de\/wp-json\/wp\/v2\/types\/product"}],"replies":[{"embeddable":true,"href":"https:\/\/www.wepaflyer.com\/de\/wp-json\/wp\/v2\/comments?post=21989"}],"wp:featuredmedia":[{"embeddable":true,"href":"https:\/\/www.wepaflyer.com\/de\/wp-json\/wp\/v2\/media\/12938"}],"wp:attachment":[{"href":"https:\/\/www.wepaflyer.com\/de\/wp-json\/wp\/v2\/media?parent=21989"}],"wp:term":[{"taxonomy":"product_brand","embeddable":true,"href":"https:\/\/www.wepaflyer.com\/de\/wp-json\/wp\/v2\/product_brand?post=21989"},{"taxonomy":"product_cat","embeddable":true,"href":"https:\/\/www.wepaflyer.com\/de\/wp-json\/wp\/v2\/product_cat?post=21989"},{"taxonomy":"product_tag","embeddable":true,"href":"https:\/\/www.wepaflyer.com\/de\/wp-json\/wp\/v2\/product_tag?post=21989"}],"curies":[{"name":"wp","href":"https:\/\/api.w.org\/{rel}","templated":true}]}}