{"id":21987,"date":"2023-12-28T11:53:22","date_gmt":"2023-12-28T10:53:22","guid":{"rendered":"https:\/\/www.wepaflyer.com\/?post_type=product&#038;p=21987"},"modified":"2024-11-22T13:05:18","modified_gmt":"2024-11-22T12:05:18","slug":"nova-hawk-allcolors-cfk","status":"publish","type":"product","link":"https:\/\/www.wepaflyer.com\/de\/produkt\/nova-hawk-allcolors-cfk\/","title":{"rendered":"NOVA Hawk AllColors CfK"},"content":{"rendered":"<h3>NOVA HAWK ALLE FARBEN CfK <\/h3>\n<h5>150 x 65 cm.<\/h5>\n<h2 align=\"center\"><em>von 29,95 jetzt 19,95!<\/em><\/h5>\n<p>2-Linien-Stunt-Delta. Sch\u00f6ner Einsteigerdrachen f\u00fcr Powerkiten. <br \/>Grundsolide Konstruktion, nahezu unzerst\u00f6rbar, Basismodell, fliegt am besten bei etwas starkem Wind und beh\u00e4lt dann dank der steifen Carbonst\u00e4be seine Form.<br \/>Hergestellt aus robustem Spinnakertuch, sortiert in verschiedenen Farbkombinationen. Rahmen aus 6 mm Carbonrohr.<\/p>\n<p>Der Kite wird R2F (Ready-to-Fly) mit entsprechenden Steuerleinen an den Kiteringen geliefert. Anweisungen im Paket enthalten. Verpackt in PE-H\u00fclle.<\/p>\n","protected":false},"excerpt":{"rendered":"<p>150 x 65 cm. Bereit zum Fliegen<\/p>\n","protected":false},"featured_media":12934,"comment_status":"closed","ping_status":"closed","template":"","meta":{"_acf_changed":false},"product_brand":[],"product_cat":[1396,2184],"product_tag":[],"class_list":{"0":"post-21987","1":"product","2":"type-product","3":"status-publish","4":"has-post-thumbnail","6":"product_cat-drachen","7":"product_cat-kinderdrachen","8":"pa_breedte-cm-65-de","9":"pa_lengte-cm-150-de","11":"first","12":"instock","13":"taxable","14":"shipping-taxable","15":"purchasable","16":"product-type-simple"},"acf":[],"_links":{"self":[{"href":"https:\/\/www.wepaflyer.com\/de\/wp-json\/wp\/v2\/product\/21987","targetHints":{"allow":["GET"]}}],"collection":[{"href":"https:\/\/www.wepaflyer.com\/de\/wp-json\/wp\/v2\/product"}],"about":[{"href":"https:\/\/www.wepaflyer.com\/de\/wp-json\/wp\/v2\/types\/product"}],"replies":[{"embeddable":true,"href":"https:\/\/www.wepaflyer.com\/de\/wp-json\/wp\/v2\/comments?post=21987"}],"wp:featuredmedia":[{"embeddable":true,"href":"https:\/\/www.wepaflyer.com\/de\/wp-json\/wp\/v2\/media\/12934"}],"wp:attachment":[{"href":"https:\/\/www.wepaflyer.com\/de\/wp-json\/wp\/v2\/media?parent=21987"}],"wp:term":[{"taxonomy":"product_brand","embeddable":true,"href":"https:\/\/www.wepaflyer.com\/de\/wp-json\/wp\/v2\/product_brand?post=21987"},{"taxonomy":"product_cat","embeddable":true,"href":"https:\/\/www.wepaflyer.com\/de\/wp-json\/wp\/v2\/product_cat?post=21987"},{"taxonomy":"product_tag","embeddable":true,"href":"https:\/\/www.wepaflyer.com\/de\/wp-json\/wp\/v2\/product_tag?post=21987"}],"curies":[{"name":"wp","href":"https:\/\/api.w.org\/{rel}","templated":true}]}}