{"id":21986,"date":"2023-12-28T11:53:22","date_gmt":"2023-12-28T10:53:22","guid":{"rendered":"https:\/\/www.wepaflyer.com\/?post_type=product&#038;p=21986"},"modified":"2024-11-22T13:05:18","modified_gmt":"2024-11-22T12:05:18","slug":"mehrfarbiges-led-licht","status":"publish","type":"product","link":"https:\/\/www.wepaflyer.com\/de\/produkt\/mehrfarbiges-led-licht\/","title":{"rendered":"Mehrfarbiges LED-Licht"},"content":{"rendered":"<h3>MEHRFARBIGES LED-LICHT<\/h3>\n<h3>LED-Beleuchtung f\u00fcr Windspiele | \u00f8 7 cm<\/h3>\n<p>Mehrfarbige LED-Lampe mit 10 superhellen, dimmbaren LEDs. Ideal zum Anz\u00fcnden von Hoffmanns Laternen und anderen Windspielen.<\/p>\n<p><b>Spezifikationen<\/b>:<\/p>\n<ul>\n<li>Infrarot-Fernbedienung mit 24 Tasten (Reichweite ca. 10 Meter) f\u00fcr 16 verschiedene Farben<\/li>\n<li>4 dynamische Modi: Flash, Strobe, Fade, Smooth.<\/li>\n<li>Wasserdicht, wetterfest, kabellos.<\/li>\n<li>Geh\u00e4usefarbe: transparent. <\/li>\n<li>Batteriebetrieben: 3 x AAA-Batterien (nicht im Lieferumfang enthalten) f\u00fcr 10\u201312 Stunden Beleuchtung.<\/li>\n<li>Durchmesser: 7 cm.<\/li>\n<\/ul>\n<p>< p><b>Mengenrabatte<\/b>; Beim Kauf gr\u00f6\u00dferer Mengen gew\u00e4hren wir folgende Mengenrabatte:<\/p>\n<div>\n<ul>\n<li><b>ab 2 St\u00fcck: 5%<\/b><\/li>\n<li > <b>ab 3 St\u00fcck: 10%<\/b><\/li>\n<li><b>ab 6 St\u00fcck: 15%<\/b><\/li>\n<li><b>ab 12 St\u00fcck: 20% < \/b><\/li>\n<\/ul>\n<p>Der Mengenrabatt wird direkt im Warenkorb abgerechnet.<\/p>\n<\/div>\n","protected":false},"excerpt":{"rendered":"<p>Mehrfarbiges LED-Licht + 10 LEDs. Ideal zum Anz\u00fcnden von Laternen und Windspielen<\/p>\n","protected":false},"featured_media":12933,"comment_status":"closed","ping_status":"closed","template":"","meta":{"_acf_changed":false},"product_brand":[],"product_cat":[1403,2188],"product_tag":[],"class_list":{"0":"post-21986","1":"product","2":"type-product","3":"status-publish","4":"has-post-thumbnail","6":"product_cat-windspiele","7":"product_cat-windspiele-garten","9":"first","10":"instock","11":"taxable","12":"shipping-taxable","13":"purchasable","14":"product-type-simple"},"acf":[],"_links":{"self":[{"href":"https:\/\/www.wepaflyer.com\/de\/wp-json\/wp\/v2\/product\/21986","targetHints":{"allow":["GET"]}}],"collection":[{"href":"https:\/\/www.wepaflyer.com\/de\/wp-json\/wp\/v2\/product"}],"about":[{"href":"https:\/\/www.wepaflyer.com\/de\/wp-json\/wp\/v2\/types\/product"}],"replies":[{"embeddable":true,"href":"https:\/\/www.wepaflyer.com\/de\/wp-json\/wp\/v2\/comments?post=21986"}],"wp:featuredmedia":[{"embeddable":true,"href":"https:\/\/www.wepaflyer.com\/de\/wp-json\/wp\/v2\/media\/12933"}],"wp:attachment":[{"href":"https:\/\/www.wepaflyer.com\/de\/wp-json\/wp\/v2\/media?parent=21986"}],"wp:term":[{"taxonomy":"product_brand","embeddable":true,"href":"https:\/\/www.wepaflyer.com\/de\/wp-json\/wp\/v2\/product_brand?post=21986"},{"taxonomy":"product_cat","embeddable":true,"href":"https:\/\/www.wepaflyer.com\/de\/wp-json\/wp\/v2\/product_cat?post=21986"},{"taxonomy":"product_tag","embeddable":true,"href":"https:\/\/www.wepaflyer.com\/de\/wp-json\/wp\/v2\/product_tag?post=21986"}],"curies":[{"name":"wp","href":"https:\/\/api.w.org\/{rel}","templated":true}]}}