{"id":21985,"date":"2023-12-28T11:53:22","date_gmt":"2023-12-28T10:53:22","guid":{"rendered":"https:\/\/www.wepaflyer.com\/?post_type=product&#038;p=21985"},"modified":"2026-02-27T17:38:42","modified_gmt":"2026-02-27T16:38:42","slug":"mojo-rainbow","status":"publish","type":"product","link":"https:\/\/www.wepaflyer.com\/de\/produkt\/mojo-rainbow\/","title":{"rendered":"HQ Mojo QuadKite Rainbow"},"content":{"rendered":"<h3>HQ MOJO QUAD-KITE RAINBOW<\/h3>\n<h4>222 x 75 cm | R2F | Inkl. Griffe &amp; Schn\u00fcre | Revolution\u00e4rer QuadLine Kite<\/h4>\n<p>Eine zweiteilige Leading Edge verleiht dem Mojo einerseits sein einzigartiges Design und andererseits seine au\u00dfergew\u00f6hnliche Robustheit. Bei Abst\u00fcrzen fungiert die Vorderkante als Sto\u00dfd\u00e4mpfer, was dem Mojo eine sehr gro\u00dfe Knautschzone verleiht. Diese Bauweise ist f\u00fcr Fluganf\u00e4nger sehr attraktiv, da sie ein langes und ungest\u00f6rtes Flugvergn\u00fcgen garantiert.<\/p>\n<p>Der Mojo verf\u00fcgt \u00fcber abnehmbare Bremssegel, die auch bei st\u00e4rkerem Wind einen ruhigen und kontrollierbaren Flug in alle Richtungen garantieren und das Erlernen des 4-Leiner-Fliegens erleichtern. Auch das komplette Flugrepertoire eines 4-Leiners ist mit dem Mojo m\u00f6glich, z.B. Vorw\u00e4rts- und R\u00fcckw\u00e4rtsflug, Direktstopp und Schwebeflug, Propellerdrehungen auf der Stelle. Besonders im R\u00fcckw\u00e4rtsflug setzt der Mojo Ma\u00dfst\u00e4be. Ohne Bremssegel ist der Kite besonders bei Loopings sehr schnell und ein sehr interessantes Flugger\u00e4t f\u00fcr Speedkite-Freaks im 4-Leiner-Segment.<\/p>\n<p>Daher ist der Mojo sowohl f\u00fcr Einsteiger als auch f\u00fcr Fortgeschrittene eine au\u00dferordentlich gute Wahl.<\/p>\n<p><strong>Spezifikationen:<\/strong><\/p>\n<ul>\n<li>Fl\u00fcgelspannweite: 222 cm<\/li>\n<li>Standh\u00f6he: 75 cm<\/li>\n<li>Tuch: Ripstop-Nylon<\/li>\n<li>St\u00e4be: Carbon + Hybrid 6 mm<\/li>\n<li>Schn\u00fcre: inkl., DyneemaLines 40 daN, 4&#215;20 m auf Quad-Handles<\/li>\n<li>Wind: 2\u20134 Bft (7\u201328 km\/h)<\/li>\n<li>Alter: ab 12 Jahren<\/li>\n<\/ul>\n","protected":false},"excerpt":{"rendered":"<p>222 x 75 cm | R2F | Inkl. Griffe &amp; Schn\u00fcre | Revolution\u00e4rer QuadLine Kite<\/p>\n","protected":false},"featured_media":12928,"comment_status":"closed","ping_status":"closed","template":"","meta":{"_acf_changed":false},"product_brand":[],"product_cat":[1396,2177,1348,2166,1384],"product_tag":[],"class_list":{"0":"post-21985","1":"product","2":"type-product","3":"status-publish","4":"has-post-thumbnail","6":"product_cat-drachen","7":"product_cat-hq-kites","8":"product_cat-marken","9":"product_cat-quad-line-kites","10":"product_cat-sale","11":"pa_breedte-cm-19-de","12":"pa_lengte-cm-222-de","14":"first","15":"instock","16":"sale","17":"taxable","18":"shipping-taxable","19":"purchasable","20":"product-type-simple"},"acf":[],"_links":{"self":[{"href":"https:\/\/www.wepaflyer.com\/de\/wp-json\/wp\/v2\/product\/21985","targetHints":{"allow":["GET"]}}],"collection":[{"href":"https:\/\/www.wepaflyer.com\/de\/wp-json\/wp\/v2\/product"}],"about":[{"href":"https:\/\/www.wepaflyer.com\/de\/wp-json\/wp\/v2\/types\/product"}],"replies":[{"embeddable":true,"href":"https:\/\/www.wepaflyer.com\/de\/wp-json\/wp\/v2\/comments?post=21985"}],"wp:featuredmedia":[{"embeddable":true,"href":"https:\/\/www.wepaflyer.com\/de\/wp-json\/wp\/v2\/media\/12928"}],"wp:attachment":[{"href":"https:\/\/www.wepaflyer.com\/de\/wp-json\/wp\/v2\/media?parent=21985"}],"wp:term":[{"taxonomy":"product_brand","embeddable":true,"href":"https:\/\/www.wepaflyer.com\/de\/wp-json\/wp\/v2\/product_brand?post=21985"},{"taxonomy":"product_cat","embeddable":true,"href":"https:\/\/www.wepaflyer.com\/de\/wp-json\/wp\/v2\/product_cat?post=21985"},{"taxonomy":"product_tag","embeddable":true,"href":"https:\/\/www.wepaflyer.com\/de\/wp-json\/wp\/v2\/product_tag?post=21985"}],"curies":[{"name":"wp","href":"https:\/\/api.w.org\/{rel}","templated":true}]}}