{"id":21977,"date":"2023-12-28T11:52:57","date_gmt":"2023-12-28T10:52:57","guid":{"rendered":"https:\/\/www.wepaflyer.com\/?post_type=product&#038;p=21977"},"modified":"2026-05-04T12:44:19","modified_gmt":"2026-05-04T10:44:19","slug":"marker-set-mit-8-stueck","status":"publish","type":"product","link":"https:\/\/www.wepaflyer.com\/de\/produkt\/marker-set-mit-8-stueck\/","title":{"rendered":"Marker \u2013 Set mit 8 St\u00fcck"},"content":{"rendered":"<h3>Marker \u2013 Filzstifte-Set mit 8 St\u00fcck<\/h3>\n<div><\/div>\n<p>Marker Filzstifte Set in 8 verschiedenen Farben. Ideal zum F\u00e4rben Ihrer eigenen Tyvek-Drachen oder nat\u00fcrlich vieler anderer Dinge. Von Natur aus ungiftig.<\/p>\n<p>Die Marker sind geb\u00fcndelt (Verpackung 148 x 96 mm) und sofort einsatzbereit.<\/p>\n<p><b>Mengenrabatte<\/b>; Beim Kauf gr\u00f6\u00dferer Mengen gew\u00e4hren wir folgende Mengenrabatte:<\/p>\n<ul>\n<li><b>ab 5 St\u00fcck: 5%<\/b><\/li>\n<li><b>ab 10 St\u00fcck: 7,5%<\/b><\/li>\n<li><b>ab 25 St\u00fcck: 10%<\/b><\/li>\n<\/ul>\n<p>Der Mengenrabatt wird direkt im Warenkorb abgerechnet.<\/p>\n","protected":false},"excerpt":{"rendered":"<p>8 St\u00fcck &#8211; verschiedene Farben<\/p>\n","protected":false},"featured_media":12907,"comment_status":"closed","ping_status":"closed","template":"","meta":{"_acf_changed":false},"product_brand":[],"product_cat":[2185,2165],"product_tag":[3639],"class_list":{"0":"post-21977","1":"product","2":"type-product","3":"status-publish","4":"has-post-thumbnail","6":"product_cat-basteldrachen","7":"product_cat-wepa","8":"product_tag-workshopvliegers","10":"first","11":"instock","12":"taxable","13":"shipping-taxable","14":"purchasable","15":"product-type-simple"},"acf":[],"_links":{"self":[{"href":"https:\/\/www.wepaflyer.com\/de\/wp-json\/wp\/v2\/product\/21977","targetHints":{"allow":["GET"]}}],"collection":[{"href":"https:\/\/www.wepaflyer.com\/de\/wp-json\/wp\/v2\/product"}],"about":[{"href":"https:\/\/www.wepaflyer.com\/de\/wp-json\/wp\/v2\/types\/product"}],"replies":[{"embeddable":true,"href":"https:\/\/www.wepaflyer.com\/de\/wp-json\/wp\/v2\/comments?post=21977"}],"wp:featuredmedia":[{"embeddable":true,"href":"https:\/\/www.wepaflyer.com\/de\/wp-json\/wp\/v2\/media\/12907"}],"wp:attachment":[{"href":"https:\/\/www.wepaflyer.com\/de\/wp-json\/wp\/v2\/media?parent=21977"}],"wp:term":[{"taxonomy":"product_brand","embeddable":true,"href":"https:\/\/www.wepaflyer.com\/de\/wp-json\/wp\/v2\/product_brand?post=21977"},{"taxonomy":"product_cat","embeddable":true,"href":"https:\/\/www.wepaflyer.com\/de\/wp-json\/wp\/v2\/product_cat?post=21977"},{"taxonomy":"product_tag","embeddable":true,"href":"https:\/\/www.wepaflyer.com\/de\/wp-json\/wp\/v2\/product_tag?post=21977"}],"curies":[{"name":"wp","href":"https:\/\/api.w.org\/{rel}","templated":true}]}}