{"id":21975,"date":"2023-12-28T11:52:57","date_gmt":"2023-12-28T10:52:57","guid":{"rendered":"https:\/\/www.wepaflyer.com\/?post_type=product&#038;p=21975"},"modified":"2026-04-09T20:37:27","modified_gmt":"2026-04-09T18:37:27","slug":"zauberblume-regenbogen","status":"publish","type":"product","link":"https:\/\/www.wepaflyer.com\/de\/produkt\/zauberblume-regenbogen\/","title":{"rendered":"CiM Magic Flower RAINBOW"},"content":{"rendered":"<h3>CiM MAGIC FLOWER RAINBOW<\/h3>\n<h4>\u00f8 38 x 93 cm. | Windblumenspiel<\/h4>\n<p><strong>Lustiges Windblumenspiel aus der Magic Windspielkollektion von CiM<\/strong><\/p>\n<p>Magic Flowers sind 3D-Windblumen, die sich leicht und locker im Wind drehen. Aufgrund ihrer dreidimensionalen Form sieht die Magic Flower von allen Seiten unterschiedlich aus. Die Magic Flowers gibt es in mehreren Ausf\u00fchrungen, sodass f\u00fcr jeden Geschmack etwas dabei ist.<\/p>\n<p>Hergestellt aus rei\u00dffestem Spinnakertuch und PET-Material. Ausgestattet mit Applikationen und Bedruckungen. UV- und witterungsbest\u00e4ndig, mit Fiberglasst\u00e4ben und inkl. Bodend\u00fcbel.<\/p>\n","protected":false},"excerpt":{"rendered":"<p>\u00f8 38 x 93 cm. | Windblumenspiel<\/p>\n","protected":false},"featured_media":12904,"comment_status":"closed","ping_status":"closed","template":"","meta":{"_acf_changed":false},"product_brand":[],"product_cat":[2187,1348,1384,1403,2188],"product_tag":[],"class_list":{"0":"post-21975","1":"product","2":"type-product","3":"status-publish","4":"has-post-thumbnail","6":"product_cat-colours-in-motion","7":"product_cat-marken","8":"product_cat-sale","9":"product_cat-windspiele","10":"product_cat-windspiele-garten","11":"pa_breedte-cm-60-de","12":"pa_lengte-cm-38-de","14":"first","15":"instock","16":"sale","17":"taxable","18":"shipping-taxable","19":"purchasable","20":"product-type-simple"},"acf":[],"_links":{"self":[{"href":"https:\/\/www.wepaflyer.com\/de\/wp-json\/wp\/v2\/product\/21975","targetHints":{"allow":["GET"]}}],"collection":[{"href":"https:\/\/www.wepaflyer.com\/de\/wp-json\/wp\/v2\/product"}],"about":[{"href":"https:\/\/www.wepaflyer.com\/de\/wp-json\/wp\/v2\/types\/product"}],"replies":[{"embeddable":true,"href":"https:\/\/www.wepaflyer.com\/de\/wp-json\/wp\/v2\/comments?post=21975"}],"wp:featuredmedia":[{"embeddable":true,"href":"https:\/\/www.wepaflyer.com\/de\/wp-json\/wp\/v2\/media\/12904"}],"wp:attachment":[{"href":"https:\/\/www.wepaflyer.com\/de\/wp-json\/wp\/v2\/media?parent=21975"}],"wp:term":[{"taxonomy":"product_brand","embeddable":true,"href":"https:\/\/www.wepaflyer.com\/de\/wp-json\/wp\/v2\/product_brand?post=21975"},{"taxonomy":"product_cat","embeddable":true,"href":"https:\/\/www.wepaflyer.com\/de\/wp-json\/wp\/v2\/product_cat?post=21975"},{"taxonomy":"product_tag","embeddable":true,"href":"https:\/\/www.wepaflyer.com\/de\/wp-json\/wp\/v2\/product_tag?post=21975"}],"curies":[{"name":"wp","href":"https:\/\/api.w.org\/{rel}","templated":true}]}}