{"id":21970,"date":"2023-12-28T11:52:57","date_gmt":"2023-12-28T10:52:57","guid":{"rendered":"https:\/\/www.wepaflyer.com\/?post_type=product&#038;p=21970"},"modified":"2025-01-23T15:39:20","modified_gmt":"2025-01-23T14:39:20","slug":"mirai-ripstop-40d-stahlset","status":"publish","type":"product","link":"https:\/\/www.wepaflyer.com\/de\/produkt\/mirai-ripstop-40d-stahlset\/","title":{"rendered":"MIRAI: Ripstop 40D Mustersatz"},"content":{"rendered":"<h3>MIRAI 40D Mustersatz<\/h3>\n<h5>Mustersatz Mirai | Alle 21 Farben | 50 cm\u00b2 pro Farbe<\/h5>\n<p>Mustersatz des Mirai 40D-Tuches, damit Sie zu Hause in Ruhe Ihre Farben ausw\u00e4hlen k\u00f6nnen.<\/p>\n<p>Das Mirai (das japanische Wort f\u00fcr \u201eZukunft\u201c) 40D ist ein mittelschweres Spinnakertuch von ausgezeichneter Qualit\u00e4t mit einem effektiven Nettogewicht von ca. 48 g\/m\u00b2. Die Tuchbreite betr\u00e4gt 150cm.<\/p>\n<p>Es eignet sich sehr gut f\u00fcr den Bau von Drachen aller Art, insbesondere von H\u00e4ngegleitern, Parafoils und auch Einleinerdrachen. Dar\u00fcber hinaus wird das Mirai-Tuch auch f\u00fcr viele andere Zwecke verwendet, darunter Skytubes, Inflatables, Banner und Bodenobjekte.<\/p>\n<p><b>Eigenschaften des MIRAI Ripstop Nylon-Tuchs sind:<\/b><\/p>\n<ul>\n<li><b>Leichtes Gewicht<\/b><\/li>\n<li><b>Gute Luftundurchl\u00e4ssigkeit<\/b><\/li>\n<li><b>Mittlere bis geringe Dehnung<\/b><\/li>\n<li><b>Hohe Bruchfestigkeit<\/b><\/li>\n<li><b>Hohe UV-Best\u00e4ndigkeit<\/b><\/li>\n<li><b>Einseitige PU (PolyUrethan)-Beschichtung; doppelseitiges WR<\/b><\/li>\n<li><b>Hohe Wasserabweisung<\/b><\/li>\n<li><b>Nicht feuerhemmend<\/b><\/li>\n<\/ul>\n<div>\n<p><b>Technische Details ab Werk:<\/b><\/p>\n<ul>\n<li><b>Material \u2013 Ripstop-Nylon<\/b><\/li>\n<li><b>Nylontyp \u2013 40Dernier Nylon 6<\/b><\/li>\n<li><b>Beschichtung \u2013 einseitiges Polyurethan<\/b><\/li>\n<li><b>Gewicht \u2013 48 g\/m\u00b2<\/b><\/li>\n<li><b>Breite \u2013 150 cm<\/b><\/li>\n<li><b>Rei\u00dffestigkeit \u2013 Kette 2,3 \/ F\u00fcllung 2,4 kg<\/b><\/li>\n<li><b>Bruchfestigkeit \u2013 Kette 49 \/ F\u00fcllung 46 kg\/5 cm<\/b><\/li>\n<li><b>Bruchdehnung \u2013 Kette 36 \/ F\u00fcllung 36 %\/5 cm<\/b><\/li>\n<li><b>Luftdurchl\u00e4ssigkeit \u2013 0,1 cc\/cm\u00b2\/s<\/b><\/li>\n<\/ul>\n<\/div>\n<p><span>Erh\u00e4ltlich in vielen Farben gem\u00e4\u00df der Farbnummernliste unten, wobei auch die Farbbeschreibung angegeben ist. Zwischen (Klammern) die Werks-Farbnummern.<\/span><\/p>\n<p><b>Farbnummern\/Farben\/Mustersatz:<\/b><\/p>\n<ul>\n<li><b>01 Schwarz\/Black (DNMI0001)<\/b><\/li>\n<li><b>02 Wei\u00df\/White (DNMI0002)<\/b><\/li>\n<li><b>03 Hellgrau\/Light Grey (DNMI0021)<\/b><\/li>\n<li><b>04 Grau\/Grey (DNMI0007)<\/b><\/li>\n<li><b>05 Dunkelgrau\/Dark Grey (DNMI0010)<\/b><\/li>\n<li><b>06 Gelb\/Yellow (DNMI0004)<\/b><\/li>\n<li><b>07 Gold\/Gold (DNMI0013)<\/b><\/li>\n<li><b>08 Orange\/Orange (DNMI0008)<\/b><\/li>\n<li><b>09 Rot\/Red (DNMI0019)<\/b><\/li>\n<li><b>10 Weinrot\/Wine Red (DNMI0018)<\/b><\/li>\n<li><b>11 Rosa\/Pink (DNMI0023)<\/b><\/li>\n<li><b>12 Dunkelrosa\/Dark Pink (DNMI0024)<\/b><\/li>\n<li><b>13 Lila\/Purple (DNMI0009)<\/b><\/li>\n<li><b>14 Limette\/Lime (DNMI0015)<\/b><\/li>\n<li><b>15 Gr\u00fcn\/Green (DNMI0012)<\/b><\/li>\n<li><b>16 Meeresblau\/Sea Blue (DNMI0025)<\/b><\/li>\n<li><b>17 Blaugr\u00fcn\/Teal (DNMI0026)<\/b><\/li>\n<li><b>18 Aquablau\/Aqua Blue (DNMI0016)<\/b><\/li>\n<li><b>19 Hellblau\/Light Blue (DNMI0006)<\/b><\/li>\n<li><b>20 K\u00f6nigsblau\/Royal Blue (DNMI0011)<\/b><\/li>\n<li><b>21 Mitternachtsblau\/Midnight Blue (DNMI0017)<\/b><\/li>\n<\/ul>\n<p><strong>F\u00fcr dieses Musterset fallen keine Versandkosten an.<\/strong><\/p>\n","protected":false},"excerpt":{"rendered":"<p>Mustersatz Mirai | Alle 21 Farben | 50 cm\u00b2 pro Farbe<\/p>\n","protected":false},"featured_media":12895,"comment_status":"closed","ping_status":"closed","template":"","meta":{"_acf_changed":false},"product_brand":[],"product_cat":[1385,2154,1348,2157],"product_tag":[],"class_list":{"0":"post-21970","1":"product","2":"type-product","3":"status-publish","4":"has-post-thumbnail","6":"product_cat-drachen-zubehor","7":"product_cat-drachentuch","8":"product_cat-marken","9":"product_cat-mirai","10":"product_shipping_class-proben-set","12":"first","13":"instock","14":"taxable","15":"shipping-taxable","16":"purchasable","17":"product-type-simple"},"acf":[],"_links":{"self":[{"href":"https:\/\/www.wepaflyer.com\/de\/wp-json\/wp\/v2\/product\/21970","targetHints":{"allow":["GET"]}}],"collection":[{"href":"https:\/\/www.wepaflyer.com\/de\/wp-json\/wp\/v2\/product"}],"about":[{"href":"https:\/\/www.wepaflyer.com\/de\/wp-json\/wp\/v2\/types\/product"}],"replies":[{"embeddable":true,"href":"https:\/\/www.wepaflyer.com\/de\/wp-json\/wp\/v2\/comments?post=21970"}],"wp:featuredmedia":[{"embeddable":true,"href":"https:\/\/www.wepaflyer.com\/de\/wp-json\/wp\/v2\/media\/12895"}],"wp:attachment":[{"href":"https:\/\/www.wepaflyer.com\/de\/wp-json\/wp\/v2\/media?parent=21970"}],"wp:term":[{"taxonomy":"product_brand","embeddable":true,"href":"https:\/\/www.wepaflyer.com\/de\/wp-json\/wp\/v2\/product_brand?post=21970"},{"taxonomy":"product_cat","embeddable":true,"href":"https:\/\/www.wepaflyer.com\/de\/wp-json\/wp\/v2\/product_cat?post=21970"},{"taxonomy":"product_tag","embeddable":true,"href":"https:\/\/www.wepaflyer.com\/de\/wp-json\/wp\/v2\/product_tag?post=21970"}],"curies":[{"name":"wp","href":"https:\/\/api.w.org\/{rel}","templated":true}]}}