{"id":21969,"date":"2023-12-28T11:52:57","date_gmt":"2023-12-28T10:52:57","guid":{"rendered":"https:\/\/www.wepaflyer.com\/?post_type=product&#038;p=21969"},"modified":"2026-05-04T12:34:11","modified_gmt":"2026-05-04T10:34:11","slug":"kleine-blume-regenbogen-doppelt","status":"publish","type":"product","link":"https:\/\/www.wepaflyer.com\/de\/produkt\/kleine-blume-regenbogen-doppelt\/","title":{"rendered":"CiM Little Flower RAINBOW DOUBLE"},"content":{"rendered":"<h3>CiM LITTLE FLOWER RAINBOW DOUBLE<\/h3>\n<h4>\u00f8 28 x 85 cm. | Windblumenspiel<\/h4>\n<p><strong>Lustiges Windblumenspiel aus der Magic Windspielkollektion von CiM<\/strong><\/p>\n<p>Little Flowers sind 3D-Windblumen, die sich leicht und locker im Wind drehen. Aufgrund ihrer dreidimensionalen Form sieht die Little Flower von allen Seiten unterschiedlich aus. Die Little Flowers gibt es in mehreren Ausf\u00fchrungen, sodass f\u00fcr jeden Geschmack etwas dabei ist.<\/p>\n<p>Hergestellt aus rei\u00dffestem Spinnakertuch und PET-Material. Ausgestattet mit Applikationen und Bedruckungen. UV- und witterungsbest\u00e4ndig, mit Fiberglasst\u00e4ben und inkl. Bodend\u00fcbel.<\/p>\n","protected":false},"excerpt":{"rendered":"<p>\u00f8 28 x 85 cm. | Windblumenspiel<\/p>\n","protected":false},"featured_media":12892,"comment_status":"closed","ping_status":"closed","template":"","meta":{"_acf_changed":false},"product_brand":[],"product_cat":[2187,1348,1384,1403,2188],"product_tag":[3634],"class_list":{"0":"post-21969","1":"product","2":"type-product","3":"status-publish","4":"has-post-thumbnail","6":"product_cat-colours-in-motion","7":"product_cat-marken","8":"product_cat-sale","9":"product_cat-windspiele","10":"product_cat-windspiele-garten","11":"product_tag-windspelen","12":"pa_breedte-cm-85-de","13":"pa_lengte-cm-28-de","15":"first","16":"instock","17":"sale","18":"taxable","19":"shipping-taxable","20":"purchasable","21":"product-type-simple"},"acf":[],"_links":{"self":[{"href":"https:\/\/www.wepaflyer.com\/de\/wp-json\/wp\/v2\/product\/21969","targetHints":{"allow":["GET"]}}],"collection":[{"href":"https:\/\/www.wepaflyer.com\/de\/wp-json\/wp\/v2\/product"}],"about":[{"href":"https:\/\/www.wepaflyer.com\/de\/wp-json\/wp\/v2\/types\/product"}],"replies":[{"embeddable":true,"href":"https:\/\/www.wepaflyer.com\/de\/wp-json\/wp\/v2\/comments?post=21969"}],"wp:featuredmedia":[{"embeddable":true,"href":"https:\/\/www.wepaflyer.com\/de\/wp-json\/wp\/v2\/media\/12892"}],"wp:attachment":[{"href":"https:\/\/www.wepaflyer.com\/de\/wp-json\/wp\/v2\/media?parent=21969"}],"wp:term":[{"taxonomy":"product_brand","embeddable":true,"href":"https:\/\/www.wepaflyer.com\/de\/wp-json\/wp\/v2\/product_brand?post=21969"},{"taxonomy":"product_cat","embeddable":true,"href":"https:\/\/www.wepaflyer.com\/de\/wp-json\/wp\/v2\/product_cat?post=21969"},{"taxonomy":"product_tag","embeddable":true,"href":"https:\/\/www.wepaflyer.com\/de\/wp-json\/wp\/v2\/product_tag?post=21969"}],"curies":[{"name":"wp","href":"https:\/\/api.w.org\/{rel}","templated":true}]}}