{"id":21965,"date":"2023-12-28T11:52:57","date_gmt":"2023-12-28T10:52:57","guid":{"rendered":"https:\/\/www.wepaflyer.com\/?post_type=product&#038;p=21965"},"modified":"2026-05-04T12:34:10","modified_gmt":"2026-05-04T10:34:10","slug":"kleines-gaensebluemchen-gelb","status":"publish","type":"product","link":"https:\/\/www.wepaflyer.com\/de\/produkt\/kleines-gaensebluemchen-gelb\/","title":{"rendered":"CiM Windflower Little Daisy YellowRainbow"},"content":{"rendered":"<h3><span>CiM WINDFLOWER LITTLE DAISY YELLOWRAINBOW\u00a0 (G\u00c4NSEBL\u00dcMCHEN)<\/span><\/h3>\n<h4>\u00f8 27 cm. \/ 45 x 16 cm. \/ H\u00f6he 100 cm. | Windblumenspiel<\/h4>\n<p><strong>Lustiges Windbluemenspiel aus der Windflower Kollektion von CiM<\/strong><\/p>\n<p>Das Little Daisy Yellow ist ein fr\u00f6hliches Windspiel in Form einer Blume. Bringt Farbe in jeden Garten und jedes Beet, auch an den dunkelsten Wintertagen.<\/p>\n<p>Hergestellt aus rei\u00dffestem Spinnakerstoff. UV- und witterungsbest\u00e4ndig, mit Glasfaserst\u00e4ben und inkl. Bodend\u00fcbel.<\/p>\n","protected":false},"excerpt":{"rendered":"<p>\u00f8 27 cm. \/ 45 x 16 cm. \/ H\u00f6he 100 cm. | Windblumenspiel<\/p>\n","protected":false},"featured_media":12883,"comment_status":"closed","ping_status":"closed","template":"","meta":{"_acf_changed":false},"product_brand":[],"product_cat":[2187,1348,1384,1403,2188],"product_tag":[3634],"class_list":{"0":"post-21965","1":"product","2":"type-product","3":"status-publish","4":"has-post-thumbnail","6":"product_cat-colours-in-motion","7":"product_cat-marken","8":"product_cat-sale","9":"product_cat-windspiele","10":"product_cat-windspiele-garten","11":"product_tag-windspelen","12":"pa_breedte-cm-16-de","13":"pa_hoogte-cm-100-de","14":"pa_lengte-cm-45-de","16":"first","17":"instock","18":"sale","19":"taxable","20":"shipping-taxable","21":"purchasable","22":"product-type-simple"},"acf":[],"_links":{"self":[{"href":"https:\/\/www.wepaflyer.com\/de\/wp-json\/wp\/v2\/product\/21965","targetHints":{"allow":["GET"]}}],"collection":[{"href":"https:\/\/www.wepaflyer.com\/de\/wp-json\/wp\/v2\/product"}],"about":[{"href":"https:\/\/www.wepaflyer.com\/de\/wp-json\/wp\/v2\/types\/product"}],"replies":[{"embeddable":true,"href":"https:\/\/www.wepaflyer.com\/de\/wp-json\/wp\/v2\/comments?post=21965"}],"wp:featuredmedia":[{"embeddable":true,"href":"https:\/\/www.wepaflyer.com\/de\/wp-json\/wp\/v2\/media\/12883"}],"wp:attachment":[{"href":"https:\/\/www.wepaflyer.com\/de\/wp-json\/wp\/v2\/media?parent=21965"}],"wp:term":[{"taxonomy":"product_brand","embeddable":true,"href":"https:\/\/www.wepaflyer.com\/de\/wp-json\/wp\/v2\/product_brand?post=21965"},{"taxonomy":"product_cat","embeddable":true,"href":"https:\/\/www.wepaflyer.com\/de\/wp-json\/wp\/v2\/product_cat?post=21965"},{"taxonomy":"product_tag","embeddable":true,"href":"https:\/\/www.wepaflyer.com\/de\/wp-json\/wp\/v2\/product_tag?post=21965"}],"curies":[{"name":"wp","href":"https:\/\/api.w.org\/{rel}","templated":true}]}}