{"id":21962,"date":"2023-12-28T11:52:14","date_gmt":"2023-12-28T10:52:14","guid":{"rendered":"https:\/\/www.wepaflyer.com\/?post_type=product&#038;p=21962"},"modified":"2026-02-18T18:35:42","modified_gmt":"2026-02-18T17:35:42","slug":"kiddy-kite-a5-set-mit-25-teilen","status":"publish","type":"product","link":"https:\/\/www.wepaflyer.com\/de\/produkt\/kiddy-kite-a5-set-mit-25-teilen\/","title":{"rendered":"Kiddy Kite A5 &#8211; Tyvek | Satz von 25 St\u00fcck"},"content":{"rendered":"<h3>Kiddy Kite A5 Tyvek Basteldrachen \u2013 Satz von 25 St\u00fcck<\/h3>\n<h4>21 x 15 cm. | Ready-to-Fly | Kinder Favorit<\/h4>\n<p style=\"text-align: justify;\">Der simpelste und einfachste Drachen aller Zeiten! Nehmen Sie ein St\u00fcck Papier (in diesem Fall Tyvek DRY), machen Sie die richtigen Falten, kleben Sie den Schwanz, binden Sie die Waage fest und schon ist Ihr Drachen fertig! Du auch?<\/p>\n<p style=\"text-align: justify;\">Da die Kiddy Kites so klein und g\u00fcnstig sind, werden sie nur in B\u00fcndeln zu 25 St\u00fcck geliefert. <span style=\"line-height: 1.5em;\">Sie ben\u00f6tigen hierf\u00fcr keine zus\u00e4tzlichen Materialien. Unschlagbar in Preis und Leistung. Befolgen Sie die Anweisungen und achten Sie auf die Symmetrie. Man kann nichts falsch machen, lass einfach einen Drachen steigen!<\/span><\/p>\n<p style=\"text-align: justify;\">Drachen werden in Paketen zu 25 St\u00fcck R2F (Ready-to-Fly) geliefert, nat\u00fcrlich mit 25 Drachengriffen mit Schnur, 25 Schw\u00e4nzen und Anleitungsbl\u00e4ttern.<\/p>\n<p><b>Mengenrabatte<\/b>; Beim Kauf gr\u00f6\u00dferer Mengen gew\u00e4hren wir folgende Mengenrabatte:<\/p>\n<ul>\n<li><b>ab 5 VPE: 5 %<\/b><\/li>\n<li><b>ab 10 VPE: 7,5 %<\/b><\/li>\n<li><b>ab 25 VPE: 10 %<\/b><\/li>\n<\/ul>\n<p>Der Mengenrabatt wird direkt im Warenkorb abgerechnet.<\/p>\n","protected":false},"excerpt":{"rendered":"<p>21 x 15 cm. | Ready-to-Fly | Kinder Favorit<\/p>\n","protected":false},"featured_media":12874,"comment_status":"closed","ping_status":"closed","template":"","meta":{"_acf_changed":false},"product_brand":[],"product_cat":[2185,1396,3553,2184,1348,2165],"product_tag":[],"class_list":{"0":"post-21962","1":"product","2":"type-product","3":"status-publish","4":"has-post-thumbnail","6":"product_cat-basteldrachen","7":"product_cat-drachen","8":"product_cat-drachenpakete","9":"product_cat-kinderdrachen","10":"product_cat-marken","11":"product_cat-wepa","12":"pa_breedte-cm-15-de","13":"pa_lengte-cm-21-de","15":"first","16":"instock","17":"sale","18":"taxable","19":"shipping-taxable","20":"purchasable","21":"product-type-simple"},"acf":[],"_links":{"self":[{"href":"https:\/\/www.wepaflyer.com\/de\/wp-json\/wp\/v2\/product\/21962","targetHints":{"allow":["GET"]}}],"collection":[{"href":"https:\/\/www.wepaflyer.com\/de\/wp-json\/wp\/v2\/product"}],"about":[{"href":"https:\/\/www.wepaflyer.com\/de\/wp-json\/wp\/v2\/types\/product"}],"replies":[{"embeddable":true,"href":"https:\/\/www.wepaflyer.com\/de\/wp-json\/wp\/v2\/comments?post=21962"}],"wp:featuredmedia":[{"embeddable":true,"href":"https:\/\/www.wepaflyer.com\/de\/wp-json\/wp\/v2\/media\/12874"}],"wp:attachment":[{"href":"https:\/\/www.wepaflyer.com\/de\/wp-json\/wp\/v2\/media?parent=21962"}],"wp:term":[{"taxonomy":"product_brand","embeddable":true,"href":"https:\/\/www.wepaflyer.com\/de\/wp-json\/wp\/v2\/product_brand?post=21962"},{"taxonomy":"product_cat","embeddable":true,"href":"https:\/\/www.wepaflyer.com\/de\/wp-json\/wp\/v2\/product_cat?post=21962"},{"taxonomy":"product_tag","embeddable":true,"href":"https:\/\/www.wepaflyer.com\/de\/wp-json\/wp\/v2\/product_tag?post=21962"}],"curies":[{"name":"wp","href":"https:\/\/api.w.org\/{rel}","templated":true}]}}