{"id":21961,"date":"2023-12-28T11:52:14","date_gmt":"2023-12-28T10:52:14","guid":{"rendered":"https:\/\/www.wepaflyer.com\/?post_type=product&#038;p=21961"},"modified":"2024-11-22T13:05:13","modified_gmt":"2024-11-22T12:05:13","slug":"kiddy-kite-a4-set-mit-25-teilen-2","status":"publish","type":"product","link":"https:\/\/www.wepaflyer.com\/de\/produkt\/kiddy-kite-a4-set-mit-25-teilen-2\/","title":{"rendered":"Kiddy Kite A4 &#8211; Set mit 25 Teilen"},"content":{"rendered":"<h3>\n<p>Kiddy Kite A4 Tyvek Workshop Kite \u2013 Set mit 25 Teilen<\/p>\n<\/h3>\n<h5>30 x 21 cm.<\/h5>\n<div><img decoding=\"async\" src=\"\/wepaflyer\/images\/brand-logo-s\/wepa-flyer-workshop-kites.jpg\"><\/div>\n<p style=\"text-align: justify;\">Der einfachste und einfachste Drachen aller Zeiten! Nehmen Sie ein St\u00fcck Papier (in diesem Fall Tyvek\u00ae), machen Sie die richtigen Falten, kleben Sie den Schwanz, binden Sie die Waage fest und schon ist Ihr Drachen fertig! Du auch?<\/p>\n<p style=\"text-align: justify;\">Da die Kiddy Kites so klein und g\u00fcnstig sind, werden sie nur in B\u00fcndeln zu 25 St\u00fcck geliefert.<span style=\"line-height: 1,5 em;\">Sie ben\u00f6tigen hierf\u00fcr keine zus\u00e4tzlichen Materialien. Unschlagbar in Preis und Leistung. Befolgen Sie die Anweisungen und achten Sie auf die Symmetrie. Man kann nichts falsch machen, lass einfach einen Drachen steigen!<\/span><\/p>\n<p style=\"text-align: justify;\">Drachen werden in Paketen zu 25 St\u00fcck R2F (Ready-to-Fly) geliefert, nat\u00fcrlich mit 25 Garnrollen, 25 Schw\u00e4nzen und Anleitungsbl\u00e4ttern.<\/p>\n<p> <b>Mengenrabatte<\/b>; Beim Kauf gr\u00f6\u00dferer Mengen gew\u00e4hren wir folgende Mengenrabatte:<\/p>\n<\/p>\n<ul>\n<li><b>ab 4 VPE: 5%<\/b><\/li>\n<p>< li ><b>ab 10 VPE: 10 %<\/b><\/li>\n<li><b>ab 20 VPE: 15 %<\/b><\/li>\n<li><b>ab 40 VPE: 20 % <\/b><\/li>\n<\/ul>\n<p>Der Mengenrabatt wird direkt im Warenkorb abgerechnet.<\/p>\n","protected":false},"excerpt":{"rendered":"<p>30 x 21 cm. Bereit zum Fliegen<\/p>\n","protected":false},"featured_media":12867,"comment_status":"closed","ping_status":"closed","template":"","meta":{"_acf_changed":false},"product_brand":[],"product_cat":[1396,2184,2165],"product_tag":[],"class_list":{"0":"post-21961","1":"product","2":"type-product","3":"status-publish","4":"has-post-thumbnail","6":"product_cat-drachen","7":"product_cat-kinderdrachen","8":"product_cat-wepa","9":"pa_breedte-cm-21-de","10":"pa_lengte-cm-30-de","12":"first","13":"instock","14":"taxable","15":"shipping-taxable","16":"purchasable","17":"product-type-simple"},"acf":[],"_links":{"self":[{"href":"https:\/\/www.wepaflyer.com\/de\/wp-json\/wp\/v2\/product\/21961","targetHints":{"allow":["GET"]}}],"collection":[{"href":"https:\/\/www.wepaflyer.com\/de\/wp-json\/wp\/v2\/product"}],"about":[{"href":"https:\/\/www.wepaflyer.com\/de\/wp-json\/wp\/v2\/types\/product"}],"replies":[{"embeddable":true,"href":"https:\/\/www.wepaflyer.com\/de\/wp-json\/wp\/v2\/comments?post=21961"}],"wp:featuredmedia":[{"embeddable":true,"href":"https:\/\/www.wepaflyer.com\/de\/wp-json\/wp\/v2\/media\/12867"}],"wp:attachment":[{"href":"https:\/\/www.wepaflyer.com\/de\/wp-json\/wp\/v2\/media?parent=21961"}],"wp:term":[{"taxonomy":"product_brand","embeddable":true,"href":"https:\/\/www.wepaflyer.com\/de\/wp-json\/wp\/v2\/product_brand?post=21961"},{"taxonomy":"product_cat","embeddable":true,"href":"https:\/\/www.wepaflyer.com\/de\/wp-json\/wp\/v2\/product_cat?post=21961"},{"taxonomy":"product_tag","embeddable":true,"href":"https:\/\/www.wepaflyer.com\/de\/wp-json\/wp\/v2\/product_tag?post=21961"}],"curies":[{"name":"wp","href":"https:\/\/api.w.org\/{rel}","templated":true}]}}