{"id":21958,"date":"2023-12-28T11:52:14","date_gmt":"2023-12-28T10:52:14","guid":{"rendered":"https:\/\/www.wepaflyer.com\/?post_type=product&#038;p=21958"},"modified":"2026-05-05T11:54:47","modified_gmt":"2026-05-05T09:54:47","slug":"kinder-stunter-sportlich-sportdelta","status":"publish","type":"product","link":"https:\/\/www.wepaflyer.com\/de\/produkt\/kinder-stunter-sportlich-sportdelta\/","title":{"rendered":"SPORTY CLASSIC Sportlenkdrachen"},"content":{"rendered":"<h3>SPORTY CLASSIC Sportlenkdelta | Einsteigerlenkdrachen<\/h3>\n<h4>115 x 40 cm. | R2F (Ready-to-Fly = flugfertig)<\/h4>\n<p><strong>2-Leiner Lenkdelta. Einsteigerlenkdrachen.<\/strong><\/p>\n<p><span>Der\u00a0<b><i>Sporty<\/i><\/b> ist der j\u00fcngere Bruder des Bizzy. Es hat keine obere Querstange und fliegt daher etwas wilder und r\u00fccksichtsloser, aber manche Leute m\u00f6gen das. Aus robustem Spinnakertuch in vielen Farbkombinationen. Farbw\u00fcnsche k\u00f6nnen Sie bei Bestellung angeben, wenn m\u00f6glich werden wir diese befolgen, k\u00f6nnen das aber nicht garantieren. Fiberglasgest\u00e4nge in 4mm.<\/span><\/p>\n<p>Alle Drachen werden R2F (Ready-to-Fly = flugfertig) in verschiedenen Farbkombinationen mit passenden Lenkschn\u00fcren auf 2 Drachenspulen geliefert.<br \/>\nAnweisungen im Paket enthalten. Verpackt in PE-Beutel.<\/p>\n","protected":false},"excerpt":{"rendered":"<p>SPORTY CLASSIC Sportlenkdelta | Einsteigerlenkdrachen |\u00a0115 x 40 cm. | R2F (Ready-to-Fly = flugfertig)<\/p>\n","protected":false},"featured_media":12858,"comment_status":"closed","ping_status":"closed","template":"","meta":{"_acf_changed":false},"product_brand":[],"product_cat":[1396,2169,1348,2165],"product_tag":[3644],"class_list":{"0":"post-21958","1":"product","2":"type-product","3":"status-publish","4":"has-post-thumbnail","6":"product_cat-drachen","7":"product_cat-lenkdrachen","8":"product_cat-marken","9":"product_cat-wepa","10":"product_tag-stuntvliegers","11":"pa_breedte-cm-40-de","12":"pa_lengte-cm-115-de","14":"first","15":"instock","16":"sale","17":"taxable","18":"shipping-taxable","19":"purchasable","20":"product-type-simple"},"acf":[],"_links":{"self":[{"href":"https:\/\/www.wepaflyer.com\/de\/wp-json\/wp\/v2\/product\/21958","targetHints":{"allow":["GET"]}}],"collection":[{"href":"https:\/\/www.wepaflyer.com\/de\/wp-json\/wp\/v2\/product"}],"about":[{"href":"https:\/\/www.wepaflyer.com\/de\/wp-json\/wp\/v2\/types\/product"}],"replies":[{"embeddable":true,"href":"https:\/\/www.wepaflyer.com\/de\/wp-json\/wp\/v2\/comments?post=21958"}],"wp:featuredmedia":[{"embeddable":true,"href":"https:\/\/www.wepaflyer.com\/de\/wp-json\/wp\/v2\/media\/12858"}],"wp:attachment":[{"href":"https:\/\/www.wepaflyer.com\/de\/wp-json\/wp\/v2\/media?parent=21958"}],"wp:term":[{"taxonomy":"product_brand","embeddable":true,"href":"https:\/\/www.wepaflyer.com\/de\/wp-json\/wp\/v2\/product_brand?post=21958"},{"taxonomy":"product_cat","embeddable":true,"href":"https:\/\/www.wepaflyer.com\/de\/wp-json\/wp\/v2\/product_cat?post=21958"},{"taxonomy":"product_tag","embeddable":true,"href":"https:\/\/www.wepaflyer.com\/de\/wp-json\/wp\/v2\/product_tag?post=21958"}],"curies":[{"name":"wp","href":"https:\/\/api.w.org\/{rel}","templated":true}]}}