{"id":21956,"date":"2023-12-28T11:52:14","date_gmt":"2023-12-28T10:52:14","guid":{"rendered":"https:\/\/www.wepaflyer.com\/?post_type=product&#038;p=21956"},"modified":"2024-12-20T17:13:24","modified_gmt":"2024-12-20T16:13:24","slug":"kinder-stunter-hotfly-sportdelta","status":"publish","type":"product","link":"https:\/\/www.wepaflyer.com\/de\/produkt\/kinder-stunter-hotfly-sportdelta\/","title":{"rendered":"HOT FLY CLASSIC Sportlenkdrachen"},"content":{"rendered":"<h3>HOT FLY CLASSIC Sportlenkdelta | Pro Stunter Lookalike<\/h3>\n<h4>105 x 50 cm. | R2F (Ready-to-Fly = flugfertig)<\/h4>\n<p><strong>2-Leiner Lenkdelta. Pro Stunter Lookalike.<\/strong><\/p>\n<p><span>Die\u00a0<\/span><b><i>Hot Fly<\/i><\/b><span>\u00a0ist ein Lenkdrachen im echten \u201ePro-Kite-Look\u201c und dennoch aufgrund seiner einfachen Handhabung, Solidit\u00e4t und stabilen Flugweise f\u00fcr Jung und Alt geeignet. Die obere Querspreize sorgt f\u00fcr zus\u00e4tzliche Stabilit\u00e4t und dieses Modell bietet die M\u00f6glichkeit, die allerersten Tricks des Trickkitens auszuprobieren. Grundsolide, praktisch unzerst\u00f6rbar und fliegt von der leichtesten Brise bis zum st\u00e4rksten Sturmwind. Aus robustem Spinnakertuch in vielen Farbkombinationen. Glasfasergest\u00e4nge in 4mm.<\/span><\/p>\n<p><span>Alle Drachen werden R2F (Ready-to-Fly = flugfertig) in verschiedenen Farbkombinationen mit passenden Lenkschn\u00fcren auf 2 Drachenspulen geliefert.<\/span><br \/>\n<span>Anweisungen im Paket enthalten. Verpackt in PE-Beutel.<\/span><\/p>\n","protected":false},"excerpt":{"rendered":"<p>HOT FLY CLASSIC Sportlenkdelta | Pro Stunter Lookalike |\u00a0105 x 50 cm. | R2F (Ready-to-Fly = flugfertig)<\/p>\n","protected":false},"featured_media":12845,"comment_status":"closed","ping_status":"closed","template":"","meta":{"_acf_changed":false},"product_brand":[],"product_cat":[1396,2169,1348,2165],"product_tag":[],"class_list":{"0":"post-21956","1":"product","2":"type-product","3":"status-publish","4":"has-post-thumbnail","6":"product_cat-drachen","7":"product_cat-lenkdrachen","8":"product_cat-marken","9":"product_cat-wepa","10":"pa_breedte-cm-50-de","11":"pa_lengte-cm-105-de","13":"first","14":"instock","15":"sale","16":"taxable","17":"shipping-taxable","18":"purchasable","19":"product-type-simple"},"acf":[],"_links":{"self":[{"href":"https:\/\/www.wepaflyer.com\/de\/wp-json\/wp\/v2\/product\/21956","targetHints":{"allow":["GET"]}}],"collection":[{"href":"https:\/\/www.wepaflyer.com\/de\/wp-json\/wp\/v2\/product"}],"about":[{"href":"https:\/\/www.wepaflyer.com\/de\/wp-json\/wp\/v2\/types\/product"}],"replies":[{"embeddable":true,"href":"https:\/\/www.wepaflyer.com\/de\/wp-json\/wp\/v2\/comments?post=21956"}],"wp:featuredmedia":[{"embeddable":true,"href":"https:\/\/www.wepaflyer.com\/de\/wp-json\/wp\/v2\/media\/12845"}],"wp:attachment":[{"href":"https:\/\/www.wepaflyer.com\/de\/wp-json\/wp\/v2\/media?parent=21956"}],"wp:term":[{"taxonomy":"product_brand","embeddable":true,"href":"https:\/\/www.wepaflyer.com\/de\/wp-json\/wp\/v2\/product_brand?post=21956"},{"taxonomy":"product_cat","embeddable":true,"href":"https:\/\/www.wepaflyer.com\/de\/wp-json\/wp\/v2\/product_cat?post=21956"},{"taxonomy":"product_tag","embeddable":true,"href":"https:\/\/www.wepaflyer.com\/de\/wp-json\/wp\/v2\/product_tag?post=21956"}],"curies":[{"name":"wp","href":"https:\/\/api.w.org\/{rel}","templated":true}]}}