{"id":21955,"date":"2023-12-28T11:52:14","date_gmt":"2023-12-28T10:52:14","guid":{"rendered":"https:\/\/www.wepaflyer.com\/?post_type=product&#038;p=21955"},"modified":"2024-12-20T16:32:10","modified_gmt":"2024-12-20T15:32:10","slug":"kinder-stunter-bizzy-classic-sportdelta","status":"publish","type":"product","link":"https:\/\/www.wepaflyer.com\/de\/produkt\/kinder-stunter-bizzy-classic-sportdelta\/","title":{"rendered":"BIZZY CLASSIC Sportlenkdrachen"},"content":{"rendered":"<h3>BIZZY CLASSIC Sportlenkdelta | All Time Favorite<\/h3>\n<h4>115 x 46 cm. | R2F (Ready-to-Fly = flugfertig)<\/h4>\n<p><strong>2-Leiner Lenkdelta. All Time Favorite<\/strong><\/p>\n<p><span>Der\u00a0<\/span><b><i>Bizzy<span>\u00a0<\/span><\/i><\/b><span>ist Jahr f\u00fcr Jahr der beliebteste Delta-Stunter in unserer Kollektion. Geeignet f\u00fcr Jung und Alt, grundsolide, praktisch unzerst\u00f6rbar und fliegt von der leichtesten Brise bis zum st\u00e4rksten Sturmwind. Fliegt extrem stabil. Aus robustem Spinnakertuch in vielen Farbkombinationen. Glasfasergest\u00e4nge in 4mm.<\/span><\/p>\n<p><span>Alle Drachen werden R2F (Ready-to-Fly = flugfertig) in verschiedenen Farbkombinationen mit passenden Lenkschn\u00fcren auf 2 Drachenspulen geliefert.<\/span><br \/>\n<span>Anweisungen im Paket enthalten. Verpackt in PE-Beutel.<\/span><\/p>\n","protected":false},"excerpt":{"rendered":"<p>BIZZY CLASSIC Sportlenkdelta | All Time Favorite |\u00a0115 x 46 cm. | R2F (Ready-to-Fly = flugfertig)<\/p>\n","protected":false},"featured_media":12840,"comment_status":"closed","ping_status":"closed","template":"","meta":{"_acf_changed":false},"product_brand":[],"product_cat":[1396,2169,1348,2165],"product_tag":[],"class_list":{"0":"post-21955","1":"product","2":"type-product","3":"status-publish","4":"has-post-thumbnail","6":"product_cat-drachen","7":"product_cat-lenkdrachen","8":"product_cat-marken","9":"product_cat-wepa","10":"pa_breedte-cm-46-de","11":"pa_lengte-cm-115-de","13":"first","14":"instock","15":"sale","16":"taxable","17":"shipping-taxable","18":"purchasable","19":"product-type-simple"},"acf":[],"_links":{"self":[{"href":"https:\/\/www.wepaflyer.com\/de\/wp-json\/wp\/v2\/product\/21955","targetHints":{"allow":["GET"]}}],"collection":[{"href":"https:\/\/www.wepaflyer.com\/de\/wp-json\/wp\/v2\/product"}],"about":[{"href":"https:\/\/www.wepaflyer.com\/de\/wp-json\/wp\/v2\/types\/product"}],"replies":[{"embeddable":true,"href":"https:\/\/www.wepaflyer.com\/de\/wp-json\/wp\/v2\/comments?post=21955"}],"wp:featuredmedia":[{"embeddable":true,"href":"https:\/\/www.wepaflyer.com\/de\/wp-json\/wp\/v2\/media\/12840"}],"wp:attachment":[{"href":"https:\/\/www.wepaflyer.com\/de\/wp-json\/wp\/v2\/media?parent=21955"}],"wp:term":[{"taxonomy":"product_brand","embeddable":true,"href":"https:\/\/www.wepaflyer.com\/de\/wp-json\/wp\/v2\/product_brand?post=21955"},{"taxonomy":"product_cat","embeddable":true,"href":"https:\/\/www.wepaflyer.com\/de\/wp-json\/wp\/v2\/product_cat?post=21955"},{"taxonomy":"product_tag","embeddable":true,"href":"https:\/\/www.wepaflyer.com\/de\/wp-json\/wp\/v2\/product_tag?post=21955"}],"curies":[{"name":"wp","href":"https:\/\/api.w.org\/{rel}","templated":true}]}}