{"id":21954,"date":"2023-12-28T11:52:14","date_gmt":"2023-12-28T10:52:14","guid":{"rendered":"https:\/\/www.wepaflyer.com\/?post_type=product&#038;p=21954"},"modified":"2026-05-04T15:52:04","modified_gmt":"2026-05-04T13:52:04","slug":"justy-picolo-colors-gfk","status":"publish","type":"product","link":"https:\/\/www.wepaflyer.com\/de\/produkt\/justy-picolo-colors-gfk\/","title":{"rendered":"Justy Picolo Colours GfK"},"content":{"rendered":"<h3>JUSTY PICOLO COLOURS GfK<\/h3>\n<h4>Lenkdrachen f\u00fcr Anf\u00e4nger | 120 x 57 cm. | R2F<\/h4>\n<h3 align=\"center\"><em>von 14,50 jetzt 9,95!<\/em><\/h3>\n<p>2-Leiner-Lenk-Delta, etwas schwererer Bruder des Justy Picolo CfK-Version. Ben\u00f6tigt etwas mehr Wind und ist etwas langsamer beim Lenken. Beliebter Einsteigerlenkdrachen, der einiges aushalten kann. Es ist vor allem unkompliziert, aber wenn man einigerma\u00dfen Gef\u00fchl f\u00fcrs Lenken hat, kann er auch nah am Wind geflogen werden, vor allem ab Windst\u00e4rke 3 bis 4. Durch die 4 mm Fiberglasst\u00e4be ist er etwas beweglicher und flexibler, was bei st\u00e4rkerem Wind die Geschwindigkeit reduziert. Dazu ist er etwas g\u00fcnstiger als sein CfK-Bruder. Klassisches Design in verschiedenen Farben. Hergestellt aus robustem Spinnakertuch in verschiedenen Farbkombinationen, abgebildet ist nur ein Beispiel.<\/p>\n<p>Der Drachen wird R2F (Ready-to-Fly) mit Lenkschn\u00fcren auf Drachenspulen geliefert. Anweisungen im Paket enthalten. Verpackt in PE-H\u00fclle.<\/p>\n","protected":false},"excerpt":{"rendered":"<p>Lenkdrachen f\u00fcr Anf\u00e4nger | 120 x 57 cm. | R2F<\/p>\n","protected":false},"featured_media":12839,"comment_status":"closed","ping_status":"closed","template":"","meta":{"_acf_changed":false},"product_brand":[],"product_cat":[1396,2184,2169,1348,1384,2165],"product_tag":[3640],"class_list":{"0":"post-21954","1":"product","2":"type-product","3":"status-publish","4":"has-post-thumbnail","6":"product_cat-drachen","7":"product_cat-kinderdrachen","8":"product_cat-lenkdrachen","9":"product_cat-marken","10":"product_cat-sale","11":"product_cat-wepa","12":"product_tag-stuntvliegers","13":"pa_breedte-cm-57-de","14":"pa_lengte-cm-120-de","16":"first","17":"instock","18":"sale","19":"taxable","20":"shipping-taxable","21":"purchasable","22":"product-type-simple"},"acf":[],"_links":{"self":[{"href":"https:\/\/www.wepaflyer.com\/de\/wp-json\/wp\/v2\/product\/21954","targetHints":{"allow":["GET"]}}],"collection":[{"href":"https:\/\/www.wepaflyer.com\/de\/wp-json\/wp\/v2\/product"}],"about":[{"href":"https:\/\/www.wepaflyer.com\/de\/wp-json\/wp\/v2\/types\/product"}],"replies":[{"embeddable":true,"href":"https:\/\/www.wepaflyer.com\/de\/wp-json\/wp\/v2\/comments?post=21954"}],"wp:featuredmedia":[{"embeddable":true,"href":"https:\/\/www.wepaflyer.com\/de\/wp-json\/wp\/v2\/media\/12839"}],"wp:attachment":[{"href":"https:\/\/www.wepaflyer.com\/de\/wp-json\/wp\/v2\/media?parent=21954"}],"wp:term":[{"taxonomy":"product_brand","embeddable":true,"href":"https:\/\/www.wepaflyer.com\/de\/wp-json\/wp\/v2\/product_brand?post=21954"},{"taxonomy":"product_cat","embeddable":true,"href":"https:\/\/www.wepaflyer.com\/de\/wp-json\/wp\/v2\/product_cat?post=21954"},{"taxonomy":"product_tag","embeddable":true,"href":"https:\/\/www.wepaflyer.com\/de\/wp-json\/wp\/v2\/product_tag?post=21954"}],"curies":[{"name":"wp","href":"https:\/\/api.w.org\/{rel}","templated":true}]}}