{"id":21953,"date":"2023-12-28T11:52:14","date_gmt":"2023-12-28T10:52:14","guid":{"rendered":"https:\/\/www.wepaflyer.com\/?post_type=product&#038;p=21953"},"modified":"2026-05-04T12:30:16","modified_gmt":"2026-05-04T10:30:16","slug":"indonesischer-kampfdrachen","status":"publish","type":"product","link":"https:\/\/www.wepaflyer.com\/de\/produkt\/indonesischer-kampfdrachen\/","title":{"rendered":"Indonesischer Kampfdrachen"},"content":{"rendered":"<h3>Indonesischer Kampfdrachen<\/h3>\n<h5>54 x 50 cm. | R2F<\/h5>\n<p>Indonesischer oder indischer Kampfdrachen nach original orientalischem Vorbild. Wie in fast allen s\u00fcdostasiatischen L\u00e4ndern gab und gibt es auch in Indien\/Indonesien viel Drachensteigen, insbesondere bei gro\u00dfen Dorffesten, bei denen Kampfdrachenflugwettbewerbe organisiert werden. Ziel ist es, den Kampfpiloten durch geschicktes Man\u00f6vrieren und taktisches Verst\u00e4ndnis m\u00f6glichst lange in der Luft zu halten und gleichzeitig die Drachen anderer Piloten abzuschie\u00dfen. Der letzte, der seinen Drachen in die Luft bringt, ist der Drachenk\u00f6nig der Party. <\/p>\n<p>Der Kite besteht aus robustem Spinnaker-Tuch und hat einen Glasfaserrahmen, sodass er Schl\u00e4gen standh\u00e4lt. R2F-Version (Ready-to-Fly), d. h. Drachengarn, Rolle und Schwanz sind im Paket enthalten.<\/p>\n<p>In vielen Uni-Farben erh\u00e4ltlich. Einzeln verpackt in PE-H\u00fclle.<\/p>\n<p><b>Mengenrabatte<\/b>; Beim Kauf gr\u00f6\u00dferer Mengen gew\u00e4hren wir folgende Mengenrabatte:<\/p>\n<ul>\n<li><b>ab 10 St\u00fcck: 2,5%<\/b><\/li>\n<li> <b> ab 25 St\u00fcck: 5%<\/b><\/li>\n<li><b>ab 50 St\u00fcck: 7,5%<\/b><\/li>\n<li><b>ab 100 St\u00fcck: 10 %<\/b> <\/li>\n<\/ul>\n<p>Der Mengenrabatt wird direkt im Warenkorb abgerechnet.<\/p>\n","protected":false},"excerpt":{"rendered":"<p>54 x 50 cm. Bereit zum Fliegen<\/p>\n","protected":false},"featured_media":12836,"comment_status":"closed","ping_status":"closed","template":"","meta":{"_acf_changed":false},"product_brand":[],"product_cat":[1396,2184],"product_tag":[3631],"class_list":{"0":"post-21953","1":"product","2":"type-product","3":"status-publish","4":"has-post-thumbnail","6":"product_cat-drachen","7":"product_cat-kinderdrachen","8":"product_tag-kindervliegers","9":"pa_breedte-cm-50-de","10":"pa_lengte-cm-54-de","12":"first","13":"instock","14":"taxable","15":"shipping-taxable","16":"purchasable","17":"product-type-simple"},"acf":[],"_links":{"self":[{"href":"https:\/\/www.wepaflyer.com\/de\/wp-json\/wp\/v2\/product\/21953","targetHints":{"allow":["GET"]}}],"collection":[{"href":"https:\/\/www.wepaflyer.com\/de\/wp-json\/wp\/v2\/product"}],"about":[{"href":"https:\/\/www.wepaflyer.com\/de\/wp-json\/wp\/v2\/types\/product"}],"replies":[{"embeddable":true,"href":"https:\/\/www.wepaflyer.com\/de\/wp-json\/wp\/v2\/comments?post=21953"}],"wp:featuredmedia":[{"embeddable":true,"href":"https:\/\/www.wepaflyer.com\/de\/wp-json\/wp\/v2\/media\/12836"}],"wp:attachment":[{"href":"https:\/\/www.wepaflyer.com\/de\/wp-json\/wp\/v2\/media?parent=21953"}],"wp:term":[{"taxonomy":"product_brand","embeddable":true,"href":"https:\/\/www.wepaflyer.com\/de\/wp-json\/wp\/v2\/product_brand?post=21953"},{"taxonomy":"product_cat","embeddable":true,"href":"https:\/\/www.wepaflyer.com\/de\/wp-json\/wp\/v2\/product_cat?post=21953"},{"taxonomy":"product_tag","embeddable":true,"href":"https:\/\/www.wepaflyer.com\/de\/wp-json\/wp\/v2\/product_tag?post=21953"}],"curies":[{"name":"wp","href":"https:\/\/api.w.org\/{rel}","templated":true}]}}