{"id":21952,"date":"2023-12-28T11:52:14","date_gmt":"2023-12-28T10:52:14","guid":{"rendered":"https:\/\/www.wepaflyer.com\/?post_type=product&#038;p=21952"},"modified":"2026-05-04T15:55:29","modified_gmt":"2026-05-04T13:55:29","slug":"icarex-ripstop-30d-stahlset","status":"publish","type":"product","link":"https:\/\/www.wepaflyer.com\/de\/produkt\/icarex-ripstop-30d-stahlset\/","title":{"rendered":"ICAREX: Ripstop 30D Mustersatz"},"content":{"rendered":"<h3>ICAREX 30D Mustersatz<\/h3>\n<h5>Mustersatz Icarex 30D | Alle 19 Farben | 50 cm\u00b2 pro Farbe<\/h5>\n<p>Mustersatz des Icarex 30D-Tuches, damit Sie zu Hause in Ruhe Ihre Farben ausw\u00e4hlen k\u00f6nnen.<\/p>\n<p>Das Icarex (Spitzenqualit\u00e4t) 30D ist ein ultraleichtes, hochwertiges Spinnakertuch mit einem effektiven Nettogewicht von ca. 37 g\/m\u00b2. Die Tuchbreite betr\u00e4gt 140 cm.<\/p>\n<p>Es handelt sich um ein ultraleichtes Tuch mit minimaler Dehnung. Das Tuch ist f\u00fcr Drachen und Produkte geeignet, bei denen h\u00f6chste Leistung erwartet wird, und eignet sich daher sehr gut f\u00fcr die Herstellung aller Arten von Top-Drachen und anderen Top-Produkten. Wenn Sie auf der Suche nach Leichtgewicht in Kombination mit unvergleichlicher Luftundurchl\u00e4ssigkeit und Formstabilit\u00e4t sind, dann ist Icarex das richtige Material!<\/p>\n<p><b>Eigenschaften des ICAREX Ripstop Nylon-Tuchs sind:<\/b><\/p>\n<ul>\n<li><b>Ultraleichtes Gewicht<\/b><\/li>\n<li><b>Ausgezeichnete Luftundurchl\u00e4ssigkeit<\/b><\/li>\n<li><b>Extrem geringe Dehnung<\/b><\/li>\n<li><b>Sehr hohe Dimensions- und Zugrei\u00dffestigkeit<\/b><\/li>\n<li><b>Sehr hohe UV-Best\u00e4ndigkeit<\/b><\/li>\n<li><b>Hohe Haltbarkeit<\/b><\/li>\n<li><b>Doppelseitige PU-Beschichtung (PolyUrethan); doppelseitiges WR<\/b><\/li>\n<li><b>Hohe Wasserabweisung<\/b><\/li>\n<li><b>Nicht feuerhemmend<\/b><\/li>\n<\/ul>\n<div>\n<p><b>Technische Details ab Werk:<\/b><\/p>\n<ul>\n<li><b>Material \u2013 Ripstop-Nylon<\/b><\/li>\n<li><b>Nylontyp \u2013 30Dernier Polycarbonat<\/b><\/li>\n<li><b>Beschichtung \u2013 doppelseitiges Polyurethan<\/b><\/li>\n<li><b>Gewicht \u2013 37 g\/m\u00b2<\/b><\/li>\n<li><b>Breite \u2013 140 cm<\/b><\/li>\n<li><b>Rei\u00dffestigkeit \u2013 Kette 1,2 \/ F\u00fcllung 1,2 kg<\/b><\/li>\n<li><b>Bruchfestigkeit \u2013 Kette 28 \/ F\u00fcllung 31 kg\/5 cm<\/b><\/li>\n<li><b>Bruchdehnung \u2013 Kette 12 \/ F\u00fcllung 18 %\/5 cm<\/b><\/li>\n<li><b>Luftdurchl\u00e4ssigkeit \u2013 0,02 cc\/cm\u00b2\/s<\/b><\/li>\n<\/ul>\n<\/div>\n<p><span>Erh\u00e4ltlich in vielen Farben gem\u00e4\u00df der Farbnummernliste unten, wobei auch die Farbbeschreibung angegeben ist. Zwischen (Klammern) die Werks-Farbnummern.<\/span><\/p>\n<p><b>Farbnummern\/Farben\/Mustersatz:<\/b><\/p>\n<ul>\n<li><b>01 Wei\u00df\/White (DPIC0331)<\/b><\/li>\n<li><b>02 Hellgrau\/Light Grey (DPIC0332)<\/b><\/li>\n<li><b>03 Dunkelgrau\/Dark Grey (DPIC0333)<\/b><\/li>\n<li><b>04 Schwarz\/Black (DPIC0334)<\/b><\/li>\n<li><b>05 Gelb\/Yellow (DPIC0336)<\/b><\/li>\n<li><b>06 Gold\/Gold (DPIC0338)<\/b><\/li>\n<li><b>07 Orange\/Orange (DPIC0339)<\/b><\/li>\n<li><b>08 Rot\/Red (DPIC0340)<\/b><\/li>\n<li><b>09 Lila\/Purple (DPIC0352)<\/b><\/li>\n<li><b>10 Himmelblau\/Sky Blue (DPIC0345)<\/b><\/li>\n<li><b>11 K\u00f6nigsblau\/Royal Blue (DPIC0346)<\/b><\/li>\n<li><b>12 Mitternachtsblau\/Midnight Blue (DPIC0347)<\/b><\/li>\n<li><b>13 Blaugr\u00fcn\/Teal (DPIC0349)<\/b><\/li>\n<li><b>14 Waldgr\u00fcn\/Forest Green (DPIC0355)<\/b><\/li>\n<li><b>15 Zederngr\u00fcn\/Cedar Green (DPIC0356)<\/b><\/li>\n<li><b>16 Fluorgelb\/Fluor Yellow (DPIC0357)<\/b><\/li>\n<li><b>17 Fluorgr\u00fcn\/Fluor Green (DPIC0358)<\/b><\/li>\n<li><b>18 Fluor Pink\/Fluor Pink (DPIC0359)<\/b><\/li>\n<li><b>19 Fluororange\/Fluor Orange (DPIC0360)<\/b><\/li>\n<\/ul>\n<p><strong>F\u00fcr dieses Musterset fallen keine Versandkosten an.<\/strong><\/p>\n","protected":false},"excerpt":{"rendered":"<p>Mustersatz Icarex 30D | Alle 19 Farben | 50 cm\u00b2 pro Farbe<\/p>\n","protected":false},"featured_media":12828,"comment_status":"closed","ping_status":"closed","template":"","meta":{"_acf_changed":false},"product_brand":[],"product_cat":[1385,2154,2156,1348],"product_tag":[3626],"class_list":{"0":"post-21952","1":"product","2":"type-product","3":"status-publish","4":"has-post-thumbnail","6":"product_cat-drachen-zubehor","7":"product_cat-drachentuch","8":"product_cat-icarex","9":"product_cat-marken","10":"product_tag-vliegerdoek","11":"product_shipping_class-proben-set","13":"first","14":"instock","15":"taxable","16":"shipping-taxable","17":"purchasable","18":"product-type-simple"},"acf":[],"_links":{"self":[{"href":"https:\/\/www.wepaflyer.com\/de\/wp-json\/wp\/v2\/product\/21952","targetHints":{"allow":["GET"]}}],"collection":[{"href":"https:\/\/www.wepaflyer.com\/de\/wp-json\/wp\/v2\/product"}],"about":[{"href":"https:\/\/www.wepaflyer.com\/de\/wp-json\/wp\/v2\/types\/product"}],"replies":[{"embeddable":true,"href":"https:\/\/www.wepaflyer.com\/de\/wp-json\/wp\/v2\/comments?post=21952"}],"wp:featuredmedia":[{"embeddable":true,"href":"https:\/\/www.wepaflyer.com\/de\/wp-json\/wp\/v2\/media\/12828"}],"wp:attachment":[{"href":"https:\/\/www.wepaflyer.com\/de\/wp-json\/wp\/v2\/media?parent=21952"}],"wp:term":[{"taxonomy":"product_brand","embeddable":true,"href":"https:\/\/www.wepaflyer.com\/de\/wp-json\/wp\/v2\/product_brand?post=21952"},{"taxonomy":"product_cat","embeddable":true,"href":"https:\/\/www.wepaflyer.com\/de\/wp-json\/wp\/v2\/product_cat?post=21952"},{"taxonomy":"product_tag","embeddable":true,"href":"https:\/\/www.wepaflyer.com\/de\/wp-json\/wp\/v2\/product_tag?post=21952"}],"curies":[{"name":"wp","href":"https:\/\/api.w.org\/{rel}","templated":true}]}}