{"id":21950,"date":"2023-12-28T11:52:14","date_gmt":"2023-12-28T10:52:14","guid":{"rendered":"https:\/\/www.wepaflyer.com\/?post_type=product&#038;p=21950"},"modified":"2026-01-21T13:22:05","modified_gmt":"2026-01-21T12:22:05","slug":"hugo-blau","status":"publish","type":"product","link":"https:\/\/www.wepaflyer.com\/de\/produkt\/hugo-blau\/","title":{"rendered":"Hugo Blau"},"content":{"rendered":"<h3>HUGO BLAU<\/h3>\n<h5>140 x 65 cm.<\/h5>\n<p>Der HugoBlue ist ein Drachen, der wie eine Eule aussieht. Er ist so konstruiert, dass er bei st\u00e4rkerem Wind wie ein echter Vogel mit den Fl\u00fcgeln schl\u00e4gt. Ein alternativer Drachen, der auf dem Drachengel\u00e4nde sicherlich f\u00fcr Aufmerksamkeit sorgen wird. Die Hugo-Drachen sind ab ca. 6 Jahren geeignet und fliegen am besten bei m\u00e4\u00dfigem Wind, dann erbringen sie die beste Leistung.<\/p>\n<p>Der Drachen wird R2F (Ready-to-Fly) mit 80 m Drachenfaden auf einer Rolle geliefert. Der Hugo Red besteht aus robustem Spinnakertuch und hat einen Glasfaserrahmen, sodass er einiges aushalten kann. Lieferung in Design und Farbe wie abgebildet. Einzeln verpackt in einer stabilen H\u00fclle.<\/p>\n","protected":false},"excerpt":{"rendered":"<p>140 x 65 cm. Bereit zum Fliegen<\/p>\n","protected":false},"featured_media":12823,"comment_status":"closed","ping_status":"closed","template":"","meta":{"_acf_changed":false},"product_brand":[],"product_cat":[1396,2184],"product_tag":[],"class_list":{"0":"post-21950","1":"product","2":"type-product","3":"status-publish","4":"has-post-thumbnail","6":"product_cat-drachen","7":"product_cat-kinderdrachen","8":"pa_breedte-cm-65-de","9":"pa_lengte-cm-140-de","11":"first","12":"instock","13":"taxable","14":"shipping-taxable","15":"purchasable","16":"product-type-simple"},"acf":[],"_links":{"self":[{"href":"https:\/\/www.wepaflyer.com\/de\/wp-json\/wp\/v2\/product\/21950","targetHints":{"allow":["GET"]}}],"collection":[{"href":"https:\/\/www.wepaflyer.com\/de\/wp-json\/wp\/v2\/product"}],"about":[{"href":"https:\/\/www.wepaflyer.com\/de\/wp-json\/wp\/v2\/types\/product"}],"replies":[{"embeddable":true,"href":"https:\/\/www.wepaflyer.com\/de\/wp-json\/wp\/v2\/comments?post=21950"}],"wp:featuredmedia":[{"embeddable":true,"href":"https:\/\/www.wepaflyer.com\/de\/wp-json\/wp\/v2\/media\/12823"}],"wp:attachment":[{"href":"https:\/\/www.wepaflyer.com\/de\/wp-json\/wp\/v2\/media?parent=21950"}],"wp:term":[{"taxonomy":"product_brand","embeddable":true,"href":"https:\/\/www.wepaflyer.com\/de\/wp-json\/wp\/v2\/product_brand?post=21950"},{"taxonomy":"product_cat","embeddable":true,"href":"https:\/\/www.wepaflyer.com\/de\/wp-json\/wp\/v2\/product_cat?post=21950"},{"taxonomy":"product_tag","embeddable":true,"href":"https:\/\/www.wepaflyer.com\/de\/wp-json\/wp\/v2\/product_tag?post=21950"}],"curies":[{"name":"wp","href":"https:\/\/api.w.org\/{rel}","templated":true}]}}