{"id":21949,"date":"2023-12-28T11:52:14","date_gmt":"2023-12-28T10:52:14","guid":{"rendered":"https:\/\/www.wepaflyer.com\/?post_type=product&#038;p=21949"},"modified":"2026-02-15T15:03:57","modified_gmt":"2026-02-15T14:03:57","slug":"hq-symphony-supertrio-1-3-1-8-2-2-sonderausgabe","status":"publish","type":"product","link":"https:\/\/www.wepaflyer.com\/de\/produkt\/hq-symphony-supertrio-1-3-1-8-2-2-sonderausgabe\/","title":{"rendered":"HQ Symphony SUPERTRIO 1.3 +1.8 + 2.2 Special Edition"},"content":{"rendered":"<h3>HQ Symphony SUPERTRIO 1.3+1.8+2.2 Sonderausgabe<\/h3>\n<h5>TRIO: 3 Drachen in 130+180+220cm. | TOP-ANGEBOT | R2F<\/h5>\n<p>Mit einem Wort: <strong>UNGLAUBLICH!<\/strong> Drei Drachen f\u00fcr jeden Wind!<\/p>\n<p><strong>SUPERTRIO von Symphony Beach in 3 verschiedenen Gr\u00f6\u00dfen<\/strong>, also f\u00fcr alle Windst\u00e4rken und alle Altersgruppen ein passender Drachen. Jetzt im superg\u00fcnstigen <strong>SUPERTRIO<\/strong>-Angebot!<\/p>\n<p>Fantastische Flugeigenschaften, einfache Handhabung und grenzenloser Flugspa\u00df zeichnen den neuen Symphony Beach von HQ Kites aus. Dieser Drachen ist nach den W\u00fcnschen und Anforderungen von Drachenflieger-Anf\u00e4ngern konzipiert und bietet ein hervorragendes Preis-Leistungs-Verh\u00e4ltnis und ist mit sch\u00f6nem Zubeh\u00f6r ausgestattet.<\/p>\n<p>Alle Gr\u00f6\u00dfen der neuen Symphony Beach-Serie sind mit dem Ziel konzipiert, dem Anf\u00e4nger-Kiter so viel Spa\u00df wie m\u00f6glich zu bieten. Sie fliegen sehr stabil und bieten f\u00fcr ihre Gr\u00f6\u00dfe eine bemerkenswerte Geschwindigkeit und Zugkraft.<\/p>\n<p>Diese Drachen sind ein echter Spa\u00dfdrachen f\u00fcr jeden Anf\u00e4nger und halten ihn stundenlang in Bewegung! Der Drachen wird mit Lenkschn\u00fcren auf einem Wickelgriff (Winder) und mit Lenkschlaufen (Straps) geliefert, so dass er sofort flugbereit ist. Verpackt in einer sch\u00f6nen und stabilen Kitebag.<\/p>\n<p id=\"tw-target-text\" class=\"tw-data-text tw-text-large tw-ta\" dir=\"ltr\" data-placeholder=\"Vertaling\" aria-label=\"Vertaalde tekst: Bitte beachten!: Grunds\u00e4tzlich wird das Supertrio immer in der Rainbow-Version geliefert, mangels Verf\u00fcgbarkeit ist jedoch alternativ auch die Aqua-Version lieferbar, allerdings immer in der richtigen Gr\u00f6\u00dfe.\" data-ved=\"2ahUKEwjwl7T3sb6MAxWW_rsIHXulPZ0Q3ewLegQICBAV\"><strong><span class=\"Y2IQFc\" lang=\"de\">Bitte beachten!: Grunds\u00e4tzlich wird das Supertrio immer in der Rainbow-Version geliefert, mangels Verf\u00fcgbarkeit wird jedoch alternativ auch die Aqua-Version geliefert, allerdings immer in der richtigen Gr\u00f6\u00dfe.<\/span><\/strong><\/p>\n<p><strong>Merkmale dieses Super Trios:<\/strong><\/p>\n<ul>\n<li>Spannweite: 130 &amp; 180 &amp; 220 cm<\/li>\n<li>H\u00f6he: 55 &amp; 60 &amp; 73cm<\/li>\n<li>Tuch: Ripstop-Polyester<\/li>\n<li>Flugleinen: inklusive, Polyester 45 &amp; Dyneema 80 &amp; 100 daN, 2 x 25 m auf Wickelgriff mit Straps (Lenkschlaufen)<\/li>\n<li>Wind: 2-6 Bft. (10-49 km\/h | 6-31 mph)<\/li>\n<li>Alter: 8+ &amp; 12+ &amp; 14+ | Familienpaket<\/li>\n<li><strong>Normalpreis 189,97 \u20ac Jetzt f\u00fcr nur 129,95 \u20ac TOP-ANGEBOT!<\/strong><\/li>\n<\/ul>\n","protected":false},"excerpt":{"rendered":"<p>TRIO: 3 Drachen in 130+180+220cm. | TOP-ANGEBOT | R2F<\/p>\n","protected":false},"featured_media":12819,"comment_status":"closed","ping_status":"closed","template":"","meta":{"_acf_changed":false},"product_brand":[],"product_cat":[2164,1347,3553,2177,1348,1372,3554],"product_tag":[],"class_list":{"0":"post-21949","1":"product","2":"type-product","3":"status-publish","4":"has-post-thumbnail","6":"product_cat-2-leiner-lenkmatten","7":"product_cat-angebote","8":"product_cat-drachenpakete","9":"product_cat-hq-kites","10":"product_cat-marken","11":"product_cat-powerkites","12":"product_cat-powerkitespakete","14":"first","15":"instock","16":"sale","17":"taxable","18":"shipping-taxable","19":"purchasable","20":"product-type-simple"},"acf":[],"_links":{"self":[{"href":"https:\/\/www.wepaflyer.com\/de\/wp-json\/wp\/v2\/product\/21949","targetHints":{"allow":["GET"]}}],"collection":[{"href":"https:\/\/www.wepaflyer.com\/de\/wp-json\/wp\/v2\/product"}],"about":[{"href":"https:\/\/www.wepaflyer.com\/de\/wp-json\/wp\/v2\/types\/product"}],"replies":[{"embeddable":true,"href":"https:\/\/www.wepaflyer.com\/de\/wp-json\/wp\/v2\/comments?post=21949"}],"wp:featuredmedia":[{"embeddable":true,"href":"https:\/\/www.wepaflyer.com\/de\/wp-json\/wp\/v2\/media\/12819"}],"wp:attachment":[{"href":"https:\/\/www.wepaflyer.com\/de\/wp-json\/wp\/v2\/media?parent=21949"}],"wp:term":[{"taxonomy":"product_brand","embeddable":true,"href":"https:\/\/www.wepaflyer.com\/de\/wp-json\/wp\/v2\/product_brand?post=21949"},{"taxonomy":"product_cat","embeddable":true,"href":"https:\/\/www.wepaflyer.com\/de\/wp-json\/wp\/v2\/product_cat?post=21949"},{"taxonomy":"product_tag","embeddable":true,"href":"https:\/\/www.wepaflyer.com\/de\/wp-json\/wp\/v2\/product_tag?post=21949"}],"curies":[{"name":"wp","href":"https:\/\/api.w.org\/{rel}","templated":true}]}}