{"id":21948,"date":"2023-12-28T11:51:43","date_gmt":"2023-12-28T10:51:43","guid":{"rendered":"https:\/\/www.wepaflyer.com\/?post_type=product&#038;p=21948"},"modified":"2026-01-21T13:22:02","modified_gmt":"2026-01-21T12:22:02","slug":"hq4-wickler-set-220-100-rush-pro-hydra","status":"publish","type":"product","link":"https:\/\/www.wepaflyer.com\/de\/produkt\/hq4-wickler-set-220-100-rush-pro-hydra\/","title":{"rendered":"HQ4 WinderSet 220\/100 Rush PRO &#038; Hydra"},"content":{"rendered":"<h3>HQ4 WINDER SET 220\/100 RUSH PRO &amp; HYDRA<\/h3>\n<h4>3x25m 220\/100daN Kitelines | 2x220daN + 1x100daN<\/h4>\n<p><b>Dieses Winder-Set wurde speziell f\u00fcr die HQ4 Rush PRO &amp; Hydra Kites entwickelt.<\/b><\/p>\n<p>HQ Kitelines sind von h\u00f6chster Qualit\u00e4t und speziell getestet und Entwickelt f\u00fcr den Kitesport. Maximal vorgestreckt betr\u00e4gt die Dehnung nahezu 0 %.<br \/>\nDiese Lenkschn\u00fcre sind alle mit einer farbigen Beschichtung zur schnellen Erkennung und zum Schutz der Fasern vor UV-Strahlung, Salz und Sand versehen.<\/p>\n<p>Die HQ-Lenks\u00e4tze sind mit gen\u00e4hten H\u00fcllen (Manteln) ausgestattet und in verschiedenen L\u00e4ngen und St\u00e4rken erh\u00e4ltlich.<br \/>\nWenn Sie auf der Suche nach Schn\u00fcren von h\u00f6chster Qualit\u00e4t sind, dann sind die HQ-Drachenleinen eine ausgezeichnete Wahl.<\/p>\n<p><strong>HQ Quad Winder: schwarz<\/strong><br \/>\n<strong>Schnur: 3x20m (1x blau, 1x rot, 1x grau)<\/strong><\/p>\n<p><b>Hinweis!<\/b>: Bei diesen Schn\u00fcren, die auf einem Winder (Wickelgriff) aufgewickelt sind, ben\u00f6tigt man noch Zubeh\u00f6r, um tats\u00e4chlich kiten zu k\u00f6nnen.<br \/>\nSiehe hierzu die \u00fcbrigen Zubeh\u00f6rseiten im Webshop. Der Wickelgriff dient ausschlie\u00dflich der Aufbewahrung der Schnur.<\/p>\n<p>Der Wickelgriff besteht aus robustem PE-Material, die Schnur ist von bester Qualit\u00e4t, getestet und garantiert von HQ.<\/p>\n<p><b>Mengenrabatte<\/b>; Beim Kauf gr\u00f6\u00dferer Mengen gew\u00e4hren wir folgende Mengenrabatte:<\/p>\n<ul>\n<li><b>ab 2 St\u00fcck: 5%<\/b><\/li>\n<li><b>ab 3 St\u00fcck: 7,5%<\/b><\/li>\n<li><b>ab 6 St\u00fcck: 10%<\/b><\/li>\n<\/ul>\n<p>Der Mengenrabatt wird direkt im Warenkorb abgerechnet.<\/p>\n","protected":false},"excerpt":{"rendered":"<p>3x25m 220\/100daN | Rush PRO &amp; Hydra | 2x220daN + 1x100daN<\/p>\n","protected":false},"featured_media":12818,"comment_status":"closed","ping_status":"closed","template":"","meta":{"_acf_changed":false},"product_brand":[],"product_cat":[2172,2180,1348,3546],"product_tag":[],"class_list":{"0":"post-21948","1":"product","2":"type-product","3":"status-publish","4":"has-post-thumbnail","6":"product_cat-drachenleinen","7":"product_cat-hq4","8":"product_cat-marken","9":"product_cat-powerkites-zubehor","11":"first","12":"instock","13":"sale","14":"taxable","15":"shipping-taxable","16":"purchasable","17":"product-type-simple"},"acf":[],"_links":{"self":[{"href":"https:\/\/www.wepaflyer.com\/de\/wp-json\/wp\/v2\/product\/21948","targetHints":{"allow":["GET"]}}],"collection":[{"href":"https:\/\/www.wepaflyer.com\/de\/wp-json\/wp\/v2\/product"}],"about":[{"href":"https:\/\/www.wepaflyer.com\/de\/wp-json\/wp\/v2\/types\/product"}],"replies":[{"embeddable":true,"href":"https:\/\/www.wepaflyer.com\/de\/wp-json\/wp\/v2\/comments?post=21948"}],"wp:featuredmedia":[{"embeddable":true,"href":"https:\/\/www.wepaflyer.com\/de\/wp-json\/wp\/v2\/media\/12818"}],"wp:attachment":[{"href":"https:\/\/www.wepaflyer.com\/de\/wp-json\/wp\/v2\/media?parent=21948"}],"wp:term":[{"taxonomy":"product_brand","embeddable":true,"href":"https:\/\/www.wepaflyer.com\/de\/wp-json\/wp\/v2\/product_brand?post=21948"},{"taxonomy":"product_cat","embeddable":true,"href":"https:\/\/www.wepaflyer.com\/de\/wp-json\/wp\/v2\/product_cat?post=21948"},{"taxonomy":"product_tag","embeddable":true,"href":"https:\/\/www.wepaflyer.com\/de\/wp-json\/wp\/v2\/product_tag?post=21948"}],"curies":[{"name":"wp","href":"https:\/\/api.w.org\/{rel}","templated":true}]}}