{"id":21944,"date":"2023-12-28T11:51:43","date_gmt":"2023-12-28T10:51:43","guid":{"rendered":"https:\/\/www.wepaflyer.com\/?post_type=product&#038;p=21944"},"modified":"2026-05-04T12:38:09","modified_gmt":"2026-05-04T10:38:09","slug":"hq4-grundstein","status":"publish","type":"product","link":"https:\/\/www.wepaflyer.com\/de\/produkt\/hq4-grundstein\/","title":{"rendered":"HQ4-Grundstein"},"content":{"rendered":"<h3>HQ4 GROUNDSTAKE<\/h3>\n<h3>Metall-Erdanker in Signalfarbe<\/h3>\n<p>Sch\u00f6ner, robuster und starker Metall-Erdanker. Leicht und sehr robust. Ideal zum Befestigen Ihres 1-Leiner-Drachens oder Drachens, damit Sie die H\u00e4nde frei haben, um etwas anderes zu tun.<\/p>\n<p>Lieferung in der Version wie abgebildet mit Aufbewahrungskoffer.<\/p>\n<p><b> Mengenrabatte<\/b>; Beim Kauf gr\u00f6\u00dferer Mengen gew\u00e4hren wir folgende Mengenrabatte:<\/p>\n<ul>\n<li style=\"list-style-type: none;\">\n<ul>\n<li><b>ab 2 St\u00fcck: 5%<\/b><\/li>\n<\/ul>\n<\/li>\n<\/ul>\n<p>&lt; li &gt;<b>ab 3 St\u00fcck: 7,5%<\/b><\/p>\n<ul>\n<li><b>ab 5 St\u00fcck: 10%<\/b><\/li>\n<\/ul>\n<p>&nbsp;<\/p>\n<p>&lt;\/ p&gt;&lt; p&gt;Der Mengenrabatt wird direkt im Warenkorb abgerechnet.<\/p>\n","protected":false},"excerpt":{"rendered":"<p>Bodenanker aus Metall. Signalfarbe Orange<\/p>\n","protected":false},"featured_media":12806,"comment_status":"closed","ping_status":"closed","template":"","meta":{"_acf_changed":false},"product_brand":[],"product_cat":[2183,2180,1348,3546],"product_tag":[3637],"class_list":{"0":"post-21944","1":"product","2":"type-product","3":"status-publish","4":"has-post-thumbnail","6":"product_cat-kite-zubehor","7":"product_cat-hq4","8":"product_cat-marken","9":"product_cat-powerkites-zubehor","10":"product_tag-accessoires","12":"first","13":"instock","14":"taxable","15":"shipping-taxable","16":"purchasable","17":"product-type-simple"},"acf":[],"_links":{"self":[{"href":"https:\/\/www.wepaflyer.com\/de\/wp-json\/wp\/v2\/product\/21944","targetHints":{"allow":["GET"]}}],"collection":[{"href":"https:\/\/www.wepaflyer.com\/de\/wp-json\/wp\/v2\/product"}],"about":[{"href":"https:\/\/www.wepaflyer.com\/de\/wp-json\/wp\/v2\/types\/product"}],"replies":[{"embeddable":true,"href":"https:\/\/www.wepaflyer.com\/de\/wp-json\/wp\/v2\/comments?post=21944"}],"wp:featuredmedia":[{"embeddable":true,"href":"https:\/\/www.wepaflyer.com\/de\/wp-json\/wp\/v2\/media\/12806"}],"wp:attachment":[{"href":"https:\/\/www.wepaflyer.com\/de\/wp-json\/wp\/v2\/media?parent=21944"}],"wp:term":[{"taxonomy":"product_brand","embeddable":true,"href":"https:\/\/www.wepaflyer.com\/de\/wp-json\/wp\/v2\/product_brand?post=21944"},{"taxonomy":"product_cat","embeddable":true,"href":"https:\/\/www.wepaflyer.com\/de\/wp-json\/wp\/v2\/product_cat?post=21944"},{"taxonomy":"product_tag","embeddable":true,"href":"https:\/\/www.wepaflyer.com\/de\/wp-json\/wp\/v2\/product_tag?post=21944"}],"curies":[{"name":"wp","href":"https:\/\/api.w.org\/{rel}","templated":true}]}}