{"id":21937,"date":"2023-12-28T11:51:43","date_gmt":"2023-12-28T10:51:43","guid":{"rendered":"https:\/\/www.wepaflyer.com\/?post_type=product&#038;p=21937"},"modified":"2026-05-04T12:38:09","modified_gmt":"2026-05-04T10:38:09","slug":"hq-v-quadbrakebridles-2-5-symphony-pro","status":"publish","type":"product","link":"https:\/\/www.wepaflyer.com\/de\/produkt\/hq-v-quadbrakebridles-2-5-symphony-pro\/","title":{"rendered":"HQ Symphony PRO 2.5 | QUAD-Brake-Bridles Umr\u00fcstsatz"},"content":{"rendered":"<h3>HQ SYMPHONY PRO 2.5 | QUAD-BRAKE-BRIDLES CONVERSION KIT<\/h3>\n<h5>4-Leiner Brems- &amp; Waagenleinensatz | Symphony PRO 2.5 | Umr\u00fcstung zum QUAD-KITE<\/h5>\n<p><b>Dieser Quad BrakeBridlesatz wurde speziell entwickelt, um den Symphony PRO in der 2.5-Version von einem 2-Leiner- auf einen 4-Leiner-Kite umzur\u00fcsten.<\/b><\/p>\n<p><strong>QUAD VORBEREITET:<\/strong><span>\u00a0Die Symphony PRO 2.2 &amp; 2.5-Drachen sind seit der V21-Version \u201eQuad Prepared\u201c, sodass Sie den regul\u00e4ren Symphony PRO 2-Leiner-Drachen im Handumdrehen in einen vollwertigen 4-Leiner-Drachen verwandeln k\u00f6nnen. Befestigen Sie das Quad Waagengestell\u00a0<\/span><strong>(Art.Nr. 015704 = Pro 2.2 | Art.Nr. 015711 = Pro 2.5)<\/strong><span>\u00a0am Kite, ersetzen Sie die 2-Leiner-Lenkschn\u00fcre durch die\u00a0<\/span><strong>HQ QuadLines 160\/70 <\/strong><span><\/span><strong>(Art.Nr. 015803)<\/strong><span>\u00a0und befolgen Sie die klaren Anweisungen &gt;&gt; fertig! Sie haben Ihren 2-Leiner Symphony PRO jetzt in einen 4-Leiner Symphony PRO Quad verwandelt! W\u00e4hlen Sie abschlie\u00dfend Ihre bevorzugten QuadHandles f\u00fcr perfekte Kontrolle, idealerweise die\u00a0<\/span><strong>HQ QuadHandles XL Colored (Art.-Nr. 022665)<\/strong><span>.<br \/>\n<\/span><strong><em>Wenn Sie dieses Zubeh\u00f6r bestellen m\u00f6chten, geben Sie die Artikelnummer in das Suchfeld ein, klicken Sie und legen Sie das entsprechende Zubeh\u00f6r in Ihren Warenkorb.<\/em><\/strong><\/p>\n<p>HQ Quad Brake Bridle Satz ist von h\u00f6chster Qualit\u00e4t und speziell f\u00fcr den Kitesport getestet und entwickelt. Maximal vorgestreckt betr\u00e4gt die Dehnung nahezu 0 %.<\/p>\n<p>Der Symphony Pro 2.5 ist \u201eQuad Prepared\u201c. Wenn Sie also die klaren Anweisungen befolgen, die diesem Set beiliegen, sollte der Umbau von einem 2-Leiner- auf einen 4-Leiner-Drachen immer m\u00f6glich sein.<\/p>\n","protected":false},"excerpt":{"rendered":"<p>4-Leiner Brems- &amp; Waagenleinensatz | Symphony PRO 2.5 | Umr\u00fcstung zum QUAD-KITE<\/p>\n","protected":false},"featured_media":12781,"comment_status":"closed","ping_status":"closed","template":"","meta":{"_acf_changed":false},"product_brand":[],"product_cat":[2164,2183,2177,1348,3546],"product_tag":[3637],"class_list":{"0":"post-21937","1":"product","2":"type-product","3":"status-publish","4":"has-post-thumbnail","6":"product_cat-2-leiner-lenkmatten","7":"product_cat-kite-zubehor","8":"product_cat-hq-kites","9":"product_cat-marken","10":"product_cat-powerkites-zubehor","11":"product_tag-accessoires","13":"first","14":"instock","15":"sale","16":"taxable","17":"shipping-taxable","18":"purchasable","19":"product-type-simple"},"acf":[],"_links":{"self":[{"href":"https:\/\/www.wepaflyer.com\/de\/wp-json\/wp\/v2\/product\/21937","targetHints":{"allow":["GET"]}}],"collection":[{"href":"https:\/\/www.wepaflyer.com\/de\/wp-json\/wp\/v2\/product"}],"about":[{"href":"https:\/\/www.wepaflyer.com\/de\/wp-json\/wp\/v2\/types\/product"}],"replies":[{"embeddable":true,"href":"https:\/\/www.wepaflyer.com\/de\/wp-json\/wp\/v2\/comments?post=21937"}],"wp:featuredmedia":[{"embeddable":true,"href":"https:\/\/www.wepaflyer.com\/de\/wp-json\/wp\/v2\/media\/12781"}],"wp:attachment":[{"href":"https:\/\/www.wepaflyer.com\/de\/wp-json\/wp\/v2\/media?parent=21937"}],"wp:term":[{"taxonomy":"product_brand","embeddable":true,"href":"https:\/\/www.wepaflyer.com\/de\/wp-json\/wp\/v2\/product_brand?post=21937"},{"taxonomy":"product_cat","embeddable":true,"href":"https:\/\/www.wepaflyer.com\/de\/wp-json\/wp\/v2\/product_cat?post=21937"},{"taxonomy":"product_tag","embeddable":true,"href":"https:\/\/www.wepaflyer.com\/de\/wp-json\/wp\/v2\/product_tag?post=21937"}],"curies":[{"name":"wp","href":"https:\/\/api.w.org\/{rel}","templated":true}]}}