{"id":21915,"date":"2023-12-28T11:51:04","date_gmt":"2023-12-28T10:51:04","guid":{"rendered":"https:\/\/www.wepaflyer.com\/?post_type=product&#038;p=21915"},"modified":"2026-05-04T12:30:16","modified_gmt":"2026-05-04T10:30:16","slug":"hq-sleddy-jolly-roger","status":"publish","type":"product","link":"https:\/\/www.wepaflyer.com\/de\/produkt\/hq-sleddy-jolly-roger\/","title":{"rendered":"HQ Sleddy Jolly Roger"},"content":{"rendered":"<h3><span style=\"line-height: 1.5em;\">HQ SLEDDY JOLLY ROGER<\/span><\/h3>\n<h5><span>Stabloser RAM-AIR Schlittendrachen | 76 x 50 cm . | R2F<\/span><\/h5>\n<p><span style=\"line-height: 1.5em;\">Gro\u00dfer Schlittendrachen nach dem Rammy-Air-Prinzip, d.h. mit 2 Tunneln zur Stabilisierung. Ausgestattet mit verschiedenen applizierten (aufgen\u00e4hten) Motiven, teilweise bedruckt. Dank der 2 Stabilisierungstunnel fliegen die HQ Sleddy Kites deutlich stabiler als ein einfacher Schlittendrachen und bleiben auch bei starkem Wind relativ ruhig am Himmel. Mit diesen Schlittendrachen werden Gro\u00df und Klein viel Spa\u00df haben. Idealer Stranddrachen, denn Sie lassen ihn oben, befestigen ihn an Ihrem Sonnenschirm und er bleibt oben, bis Sie ihn wieder einholen. Der HQ Sleddy ist sehr solide und nahezu unzerst\u00f6rbar. Geeignet f\u00fcr alle Altersgruppen.<\/span><\/p>\n<p><span style=\"line-height: 1.5em;\">Der Drachen wird R2F (Ready-to-Fly) mit 60 Metern 17-kg-Drachenschnur geliefert. auf Griff und 2 angen\u00e4hte Schw\u00e4nze. Hergestellt aus Ripstop-Polyestergewebe und in der Farbe und dem Design wie abgebildet. Fliegt am besten bei 2\u20136 Bft.<\/span><\/p>\n<p><span style=\"line-height: 1.5em;\">Einzeln verpackt in einer sch\u00f6nen Strandtasche mit Rei\u00dfverschluss und Aluminiumclip zum einfachen Anbringen an Ihren Hoseng\u00fcrtel.<\/span><\/p>\n","protected":false},"excerpt":{"rendered":"<p><span>Stabloser RAM-AIR Schlittendrachen | 76 x 50 cm . | R2F<\/span><\/p>\n","protected":false},"featured_media":12758,"comment_status":"closed","ping_status":"closed","template":"","meta":{"_acf_changed":false},"product_brand":[],"product_cat":[1396,2177,2184,1348],"product_tag":[3631],"class_list":{"0":"post-21915","1":"product","2":"type-product","3":"status-publish","4":"has-post-thumbnail","6":"product_cat-drachen","7":"product_cat-hq-kites","8":"product_cat-kinderdrachen","9":"product_cat-marken","10":"product_tag-kindervliegers","11":"pa_breedte-cm-50-de","12":"pa_lengte-cm-45-de","14":"first","15":"instock","16":"sale","17":"taxable","18":"shipping-taxable","19":"purchasable","20":"product-type-simple"},"acf":[],"_links":{"self":[{"href":"https:\/\/www.wepaflyer.com\/de\/wp-json\/wp\/v2\/product\/21915","targetHints":{"allow":["GET"]}}],"collection":[{"href":"https:\/\/www.wepaflyer.com\/de\/wp-json\/wp\/v2\/product"}],"about":[{"href":"https:\/\/www.wepaflyer.com\/de\/wp-json\/wp\/v2\/types\/product"}],"replies":[{"embeddable":true,"href":"https:\/\/www.wepaflyer.com\/de\/wp-json\/wp\/v2\/comments?post=21915"}],"wp:featuredmedia":[{"embeddable":true,"href":"https:\/\/www.wepaflyer.com\/de\/wp-json\/wp\/v2\/media\/12758"}],"wp:attachment":[{"href":"https:\/\/www.wepaflyer.com\/de\/wp-json\/wp\/v2\/media?parent=21915"}],"wp:term":[{"taxonomy":"product_brand","embeddable":true,"href":"https:\/\/www.wepaflyer.com\/de\/wp-json\/wp\/v2\/product_brand?post=21915"},{"taxonomy":"product_cat","embeddable":true,"href":"https:\/\/www.wepaflyer.com\/de\/wp-json\/wp\/v2\/product_cat?post=21915"},{"taxonomy":"product_tag","embeddable":true,"href":"https:\/\/www.wepaflyer.com\/de\/wp-json\/wp\/v2\/product_tag?post=21915"}],"curies":[{"name":"wp","href":"https:\/\/api.w.org\/{rel}","templated":true}]}}