{"id":21904,"date":"2023-12-28T11:51:04","date_gmt":"2023-12-28T10:51:04","guid":{"rendered":"https:\/\/www.wepaflyer.com\/?post_type=product&#038;p=21904"},"modified":"2026-05-04T15:52:01","modified_gmt":"2026-05-04T13:52:01","slug":"hq-shade-leichtwind","status":"publish","type":"product","link":"https:\/\/www.wepaflyer.com\/de\/produkt\/hq-shade-leichtwind\/","title":{"rendered":"HQ Shade | Lightwind"},"content":{"rendered":"<h3>HQ Shade | Lightwind<\/h3>\n<h4>215 x 92 cm. | Kite Only | Extreme Lightwind<\/h4>\n<p><b>Leichtwind ist die Heimat des neuen Shade | Kite Only = ohne Lenkschn\u00fcre &amp; Schlaufen<\/b><\/p>\n<p>Leichtwind ist die Komfortzone des neuen Shade. Selbst bei sehr leichtem Wind gibt dieser konsequent auf Leichtwindleistung ausgelegte Drachen dem Piloten ein gutes Feedback, wodurch das Fliegen im niedrigsten Windbereich deutlich erleichtert wird.<\/p>\n<p>Mit seiner markanten Optik, einem Segel aus besonders leichtem Spinnaker-Nylon und extrem leichten Kohlefaserst\u00e4ben zaubert der Shade schon bei der leichtesten Brise wundersch\u00f6ne Flugman\u00f6ver in die Luft. Der Shade steckt voller Tricks und Tricks und meistert auch komplexe Trickmoves m\u00fchelos.<\/p>\n<p>Mit diesem eleganten Leichtwind-Trickster wird es bei niedrigen Windgeschwindigkeiten, wie sie im Binnenland oft vorkommen, nie zu Problemen kommen.<\/p>\n<p><b>Spezifikationen:<\/b><\/p>\n<ul>\n<li>Fl\u00fcgelspannweite: 215 cm<\/li>\n<li>H\u00f6he: 92 cm<\/li>\n<li>Segel: Ripstop-Polyester Light 31gr<\/li>\n<li>St\u00e4be: 4 + 5 mm Carbon\/Carbon<\/li>\n<li>Lenkschn\u00fcre: DyneemaLines 25-50 daN empfohlen<\/li>\n<li>Wind: 1-4 Bft. (4-22 km\/h, 2,5-14 mph)<\/li>\n<li>Alter: 14+<\/li>\n<\/ul>\n","protected":false},"excerpt":{"rendered":"<p>215 x 92 cm. | Kite Only | Extreme Lightwind<\/p>\n","protected":false},"featured_media":12747,"comment_status":"closed","ping_status":"closed","template":"","meta":{"_acf_changed":false},"product_brand":[],"product_cat":[1396,2177,2169,1348],"product_tag":[3640],"class_list":{"0":"post-21904","1":"product","2":"type-product","3":"status-publish","4":"has-post-thumbnail","6":"product_cat-drachen","7":"product_cat-hq-kites","8":"product_cat-lenkdrachen","9":"product_cat-marken","10":"product_tag-stuntvliegers","11":"pa_breedte-cm-92-de","12":"pa_lengte-cm-215-de","14":"first","15":"instock","16":"sale","17":"taxable","18":"shipping-taxable","19":"purchasable","20":"product-type-simple"},"acf":[],"_links":{"self":[{"href":"https:\/\/www.wepaflyer.com\/de\/wp-json\/wp\/v2\/product\/21904","targetHints":{"allow":["GET"]}}],"collection":[{"href":"https:\/\/www.wepaflyer.com\/de\/wp-json\/wp\/v2\/product"}],"about":[{"href":"https:\/\/www.wepaflyer.com\/de\/wp-json\/wp\/v2\/types\/product"}],"replies":[{"embeddable":true,"href":"https:\/\/www.wepaflyer.com\/de\/wp-json\/wp\/v2\/comments?post=21904"}],"wp:featuredmedia":[{"embeddable":true,"href":"https:\/\/www.wepaflyer.com\/de\/wp-json\/wp\/v2\/media\/12747"}],"wp:attachment":[{"href":"https:\/\/www.wepaflyer.com\/de\/wp-json\/wp\/v2\/media?parent=21904"}],"wp:term":[{"taxonomy":"product_brand","embeddable":true,"href":"https:\/\/www.wepaflyer.com\/de\/wp-json\/wp\/v2\/product_brand?post=21904"},{"taxonomy":"product_cat","embeddable":true,"href":"https:\/\/www.wepaflyer.com\/de\/wp-json\/wp\/v2\/product_cat?post=21904"},{"taxonomy":"product_tag","embeddable":true,"href":"https:\/\/www.wepaflyer.com\/de\/wp-json\/wp\/v2\/product_tag?post=21904"}],"curies":[{"name":"wp","href":"https:\/\/api.w.org\/{rel}","templated":true}]}}