{"id":21900,"date":"2023-12-28T11:51:04","date_gmt":"2023-12-28T10:51:04","guid":{"rendered":"https:\/\/www.wepaflyer.com\/?post_type=product&#038;p=21900"},"modified":"2026-05-04T15:52:01","modified_gmt":"2026-05-04T13:52:01","slug":"hq-salsa-iii-dschungel-rundum","status":"publish","type":"product","link":"https:\/\/www.wepaflyer.com\/de\/produkt\/hq-salsa-iii-dschungel-rundum\/","title":{"rendered":"HQ Salsa III Jungle | Allround"},"content":{"rendered":"<h3>HQ Salsa III Jungle | ALLROUND<\/h3>\n<h4>188 x 80 cm | R2F | Kr\u00e4ftiger Pr\u00e4zisiondrachen f\u00fcr erfahrene Anf\u00e4nger<\/h4>\n<p><strong><span class=\"Y2IQFc\" lang=\"en\">Der neue Salsa III ist seinem Vorg\u00e4nger in jeder Hinsicht \u00fcberlegen<\/span><\/strong><\/p>\n<p><span class=\"Y2IQFc\" lang=\"de\">Der neue Salsa III ist seinem Vorg\u00e4nger in jeder Hinsicht \u00fcberlegen: schneller, leistungsst\u00e4rker, pr\u00e4ziser, robuster. Mit seinem neuen Segeldesign zeichnet er wundersch\u00f6ne Bilder in die Luft. Der Salsa III ist ziemlich schnell und kraftvoll. Sein direktes Feedback erleichtert Anf\u00e4ngern den Einstieg in den Kitesport. Das Ger\u00fcst ist \u00e4u\u00dferst robust und \u00fcbersteht problemlos einen Sturz. Der Salsa III l\u00e4sst sich in einem weiten Windbereich sehr sauber fliegen \u2013 mit ordentlicher Pr\u00e4zision und engen Loopings. Auch einfachere Standardtricks beherrscht er \u00fcberzeugend. Lass uns tanzen, den Salsa!<\/span><\/p>\n<p><strong>Spezifikationen:<\/strong><\/p>\n<ul>\n<li>Fl\u00fcgelspannweite: 188 cm<\/li>\n<li>H\u00f6he: 80 cm<\/li>\n<li>Stoff: Ripstop-Polyester<\/li>\n<li>St\u00e4be: Kohlefaser + Hybrid 5 mm<\/li>\n<li>Leinen: inklusive, Dyneema 50 kp, 2 x 25 m am Wickelgriff mit Handgelenkschlaufen (Straps)<\/li>\n<li>Wind: 2\u20135 Bft. (6-38 km\/h, 4-24 mph)<\/li>\n<li>Alter: 14+<\/li>\n<\/ul>\n","protected":false},"excerpt":{"rendered":"<p>188 x 80 cm | R2F | Kr\u00e4ftiger Pr\u00e4zisiondrachen f\u00fcr erfahrene Anf\u00e4nger<\/p>\n","protected":false},"featured_media":12742,"comment_status":"closed","ping_status":"closed","template":"","meta":{"_acf_changed":false},"product_brand":[],"product_cat":[1396,2177,2169,1348,1384],"product_tag":[3640],"class_list":{"0":"post-21900","1":"product","2":"type-product","3":"status-publish","4":"has-post-thumbnail","6":"product_cat-drachen","7":"product_cat-hq-kites","8":"product_cat-lenkdrachen","9":"product_cat-marken","10":"product_cat-sale","11":"product_tag-stuntvliegers","12":"pa_breedte-cm-35-de","13":"pa_lengte-cm-188-de","15":"first","16":"instock","17":"sale","18":"taxable","19":"shipping-taxable","20":"purchasable","21":"product-type-simple"},"acf":[],"_links":{"self":[{"href":"https:\/\/www.wepaflyer.com\/de\/wp-json\/wp\/v2\/product\/21900","targetHints":{"allow":["GET"]}}],"collection":[{"href":"https:\/\/www.wepaflyer.com\/de\/wp-json\/wp\/v2\/product"}],"about":[{"href":"https:\/\/www.wepaflyer.com\/de\/wp-json\/wp\/v2\/types\/product"}],"replies":[{"embeddable":true,"href":"https:\/\/www.wepaflyer.com\/de\/wp-json\/wp\/v2\/comments?post=21900"}],"wp:featuredmedia":[{"embeddable":true,"href":"https:\/\/www.wepaflyer.com\/de\/wp-json\/wp\/v2\/media\/12742"}],"wp:attachment":[{"href":"https:\/\/www.wepaflyer.com\/de\/wp-json\/wp\/v2\/media?parent=21900"}],"wp:term":[{"taxonomy":"product_brand","embeddable":true,"href":"https:\/\/www.wepaflyer.com\/de\/wp-json\/wp\/v2\/product_brand?post=21900"},{"taxonomy":"product_cat","embeddable":true,"href":"https:\/\/www.wepaflyer.com\/de\/wp-json\/wp\/v2\/product_cat?post=21900"},{"taxonomy":"product_tag","embeddable":true,"href":"https:\/\/www.wepaflyer.com\/de\/wp-json\/wp\/v2\/product_tag?post=21900"}],"curies":[{"name":"wp","href":"https:\/\/api.w.org\/{rel}","templated":true}]}}