{"id":21893,"date":"2023-12-28T11:51:04","date_gmt":"2023-12-28T10:51:04","guid":{"rendered":"https:\/\/www.wepaflyer.com\/?post_type=product&#038;p=21893"},"modified":"2026-05-04T16:04:43","modified_gmt":"2026-05-04T14:04:43","slug":"hq-roto-box-kite-95-l","status":"publish","type":"product","link":"https:\/\/www.wepaflyer.com\/de\/produkt\/hq-roto-box-kite-95-l\/","title":{"rendered":"HQ Roto Box Kite 95-L"},"content":{"rendered":"<h3><span style=\"line-height: 1.5em;\">HQ ROTO BOX KITE 95-L<\/span><\/h3>\n<h4><span style=\"line-height: 1.5em;\">\u00f8 86 x 95 cm. | R2F | Rotierender-3D-Einleinerdrachen<\/span><\/h4>\n<p><span style=\"line-height: 1.5em;\">Die Drachen aus der HQ Roto Box Kite-Serie zeichnen sich vor allem dadurch aus, dass sich diese Box Kites w\u00e4hrend des Fluges um die eigene Achse drehen, was f\u00fcr einen besonders auff\u00e4lligen Effekt sorgt. <\/span><\/p>\n<p><span style=\"line-height: 1.5em;\">Diese Roto Box 95-L ist die Originalvariante der Roto-Serie, von der die anderen Rotos abgeleitet sind. Er fliegt bei leichtem Zug \u00e4u\u00dferst zuverl\u00e4ssig, daher auch f\u00fcr j\u00fcngere Drachenflieger geeignet.<\/span><\/p>\n<p><span style=\"line-height: 1.5em;\">Hergestellt aus Ripstop-Polyestertuch mit 3 und 4 mm starken Glasfaserst\u00e4ben.<\/span><\/p>\n<p><span style=\"line-height: 1.5em;\">Der Roto Box Kite 95-L fliegt am besten bei einer Windst\u00e4rke von 2,5 bis 6 Bft.<\/span><\/p>\n<p><span style=\"line-height: 1.5em;\">Der Drachen wird Ready-toFly (R2F) mit 60 Metern Drachenleine in 17 daN St\u00e4rke auf einem Drachenring und im abgebildeten Farbschema geliefert. Anweisungen im Paket enthalten. Verpackt in einer einfachen Aufbewahrungsh\u00fclle.<\/span><\/p>\n","protected":false},"excerpt":{"rendered":"<p><span style=\"line-height: 1.5em;\">\u00f8 86 x 95 cm. | R2F | Rotierender-3D-Einleinerdrachen<\/span><\/p>\n","protected":false},"featured_media":12733,"comment_status":"closed","ping_status":"closed","template":"","meta":{"_acf_changed":false},"product_brand":[],"product_cat":[1396,2182,2177,2184,1348,1384],"product_tag":[3642],"class_list":{"0":"post-21893","1":"product","2":"type-product","3":"status-publish","4":"has-post-thumbnail","6":"product_cat-drachen","7":"product_cat-festival-drachen","8":"product_cat-hq-kites","9":"product_cat-kinderdrachen","10":"product_cat-marken","11":"product_cat-sale","12":"product_tag-festivalvliegers","13":"pa_breedte-cm-95-de","14":"pa_lengte-cm-86-de","16":"first","17":"instock","18":"sale","19":"taxable","20":"shipping-taxable","21":"purchasable","22":"product-type-simple"},"acf":[],"_links":{"self":[{"href":"https:\/\/www.wepaflyer.com\/de\/wp-json\/wp\/v2\/product\/21893","targetHints":{"allow":["GET"]}}],"collection":[{"href":"https:\/\/www.wepaflyer.com\/de\/wp-json\/wp\/v2\/product"}],"about":[{"href":"https:\/\/www.wepaflyer.com\/de\/wp-json\/wp\/v2\/types\/product"}],"replies":[{"embeddable":true,"href":"https:\/\/www.wepaflyer.com\/de\/wp-json\/wp\/v2\/comments?post=21893"}],"wp:featuredmedia":[{"embeddable":true,"href":"https:\/\/www.wepaflyer.com\/de\/wp-json\/wp\/v2\/media\/12733"}],"wp:attachment":[{"href":"https:\/\/www.wepaflyer.com\/de\/wp-json\/wp\/v2\/media?parent=21893"}],"wp:term":[{"taxonomy":"product_brand","embeddable":true,"href":"https:\/\/www.wepaflyer.com\/de\/wp-json\/wp\/v2\/product_brand?post=21893"},{"taxonomy":"product_cat","embeddable":true,"href":"https:\/\/www.wepaflyer.com\/de\/wp-json\/wp\/v2\/product_cat?post=21893"},{"taxonomy":"product_tag","embeddable":true,"href":"https:\/\/www.wepaflyer.com\/de\/wp-json\/wp\/v2\/product_tag?post=21893"}],"curies":[{"name":"wp","href":"https:\/\/api.w.org\/{rel}","templated":true}]}}