{"id":21892,"date":"2023-12-28T11:51:04","date_gmt":"2023-12-28T10:51:04","guid":{"rendered":"https:\/\/www.wepaflyer.com\/?post_type=product&#038;p=21892"},"modified":"2026-01-21T13:21:34","modified_gmt":"2026-01-21T12:21:34","slug":"hq-quad-griffe-aus-edelstahl","status":"publish","type":"product","link":"https:\/\/www.wepaflyer.com\/de\/produkt\/hq-quad-griffe-aus-edelstahl\/","title":{"rendered":"HQ Quad-Griffe aus Edelstahl"},"content":{"rendered":"<h3>HQ VIERFACHGRIFFE EDELSTAHL<\/h3>\n<h5>4-Linien-Griffe aus Edelstahl | Festlegen<\/h5>\n<p>Die <b>HQ-Quad-Griffe Edelstahl<\/b>bestehen aus Edelstahl mit hochwertiger Moosgummiummantelung. Sie liegen gut in der Hand und haben einen angenehmen Griff, der eine perfekte Kontrolle \u00fcber den Kite gew\u00e4hrleistet.<\/p>\n<p>Die Form der Griffe wurde so gew\u00e4hlt, dass sie zu jedem 4-Leiner-Drachen passen und mit ihm harmonieren.&lt;\/p &gt;<\/p>\n<p>p&gt;<\/p>\n<p>Diese 4-Leiner-Griffe sind f\u00fcr alle Arten von Leichtwind-4-Leiner-Drachen geeignet.<\/p>\n<p><b>Mengenrabatte<\/b>; Beim Kauf gr\u00f6\u00dferer Mengen gew\u00e4hren wir folgende Mengenrabatte:<\/p>\n<ul>\n<li style=\"list-style-type: none;\">\n<ul>\n<li><b>ab 2 St\u00fcck: 5%<\/b><\/li>\n<\/ul>\n<\/li>\n<\/ul>\n<p>&lt; li &gt;<b>ab 3 St\u00fcck: 7,5%<\/b><\/p>\n<ul>\n<li><b>ab 5 St\u00fcck: 10%<\/b><\/li>\n<\/ul>\n<p>&nbsp;<\/p>\n<p>Der Mengenrabatt wird sofort angewendet Der Warenkorb ist abgerechnet.<\/p>\n","protected":false},"excerpt":{"rendered":"<p>4-zeilige Griffe aus Edelstahl<\/p>\n","protected":false},"featured_media":12732,"comment_status":"closed","ping_status":"closed","template":"","meta":{"_acf_changed":false},"product_brand":[],"product_cat":[2177,2186,1348,2166],"product_tag":[],"class_list":{"0":"post-21892","1":"product","2":"type-product","3":"status-publish","4":"has-post-thumbnail","6":"product_cat-hq-kites","7":"product_cat-drachen-lenkschlaufen","8":"product_cat-marken","9":"product_cat-quad-line-kites","11":"first","12":"instock","13":"taxable","14":"shipping-taxable","15":"purchasable","16":"product-type-simple"},"acf":[],"_links":{"self":[{"href":"https:\/\/www.wepaflyer.com\/de\/wp-json\/wp\/v2\/product\/21892","targetHints":{"allow":["GET"]}}],"collection":[{"href":"https:\/\/www.wepaflyer.com\/de\/wp-json\/wp\/v2\/product"}],"about":[{"href":"https:\/\/www.wepaflyer.com\/de\/wp-json\/wp\/v2\/types\/product"}],"replies":[{"embeddable":true,"href":"https:\/\/www.wepaflyer.com\/de\/wp-json\/wp\/v2\/comments?post=21892"}],"wp:featuredmedia":[{"embeddable":true,"href":"https:\/\/www.wepaflyer.com\/de\/wp-json\/wp\/v2\/media\/12732"}],"wp:attachment":[{"href":"https:\/\/www.wepaflyer.com\/de\/wp-json\/wp\/v2\/media?parent=21892"}],"wp:term":[{"taxonomy":"product_brand","embeddable":true,"href":"https:\/\/www.wepaflyer.com\/de\/wp-json\/wp\/v2\/product_brand?post=21892"},{"taxonomy":"product_cat","embeddable":true,"href":"https:\/\/www.wepaflyer.com\/de\/wp-json\/wp\/v2\/product_cat?post=21892"},{"taxonomy":"product_tag","embeddable":true,"href":"https:\/\/www.wepaflyer.com\/de\/wp-json\/wp\/v2\/product_tag?post=21892"}],"curies":[{"name":"wp","href":"https:\/\/api.w.org\/{rel}","templated":true}]}}