{"id":21891,"date":"2023-12-28T11:51:04","date_gmt":"2023-12-28T10:51:04","guid":{"rendered":"https:\/\/www.wepaflyer.com\/?post_type=product&#038;p=21891"},"modified":"2026-05-04T12:38:09","modified_gmt":"2026-05-04T10:38:09","slug":"hq-pro-control-bar-3-liner","status":"publish","type":"product","link":"https:\/\/www.wepaflyer.com\/de\/produkt\/hq-pro-control-bar-3-liner\/","title":{"rendered":"HQ Pro Control Bar 3-Liner"},"content":{"rendered":"<h3><span style=\"line-height: 1.5em;\">HQ PRO CONTROL BAR 3-LINER<\/span><\/h3>\n<h3>50cm<\/h3>\n<p>Diese HQ Control Bar ist perfekt Steuerstange f\u00fcr fast alle 3-Leiner Lenkdrachen und Trainerdrachen. Mit dieser Leiste haben Sie die Gewissheit, dass Sie einen hervorragenden Schnitt erzielen, und falls es doch einmal zu viel wird, k\u00f6nnen Sie es verwenden Nehmen Sie den Druck von der dritten Leine und lassen Sie den Kite entspannt und entspannt herunterkommen. Eine Safety Leash ist selbstverst\u00e4ndlich im Lieferumfang enthalten.<\/p>\n<p>HQ steht f\u00fcr High Quality, daher sind Qualit\u00e4t und eine lange Lebensdauer ein Garant.<\/p>\n<p>Zus\u00e4tzlich zu dieser Bar f\u00fcr 3-Leiner gibt es die au\u00dferdem Bars f\u00fcr die 2-Leiner, die Safety-Bar-Versionen, die Crossover-Bars, die De-Power-Bars und die De-Power-Kitesurf-Bar-Varianten. So gelingt Ihnen hier immer!<\/p>\n","protected":false},"excerpt":{"rendered":"<p>50cm<\/p>\n","protected":false},"featured_media":12731,"comment_status":"closed","ping_status":"closed","template":"","meta":{"_acf_changed":false},"product_brand":[],"product_cat":[2177,2186,1348,3546],"product_tag":[3637],"class_list":{"0":"post-21891","1":"product","2":"type-product","3":"status-publish","4":"has-post-thumbnail","6":"product_cat-hq-kites","7":"product_cat-drachen-lenkschlaufen","8":"product_cat-marken","9":"product_cat-powerkites-zubehor","10":"product_tag-accessoires","11":"pa_lengte-cm-50-de","13":"first","14":"instock","15":"taxable","16":"shipping-taxable","17":"purchasable","18":"product-type-simple"},"acf":[],"_links":{"self":[{"href":"https:\/\/www.wepaflyer.com\/de\/wp-json\/wp\/v2\/product\/21891","targetHints":{"allow":["GET"]}}],"collection":[{"href":"https:\/\/www.wepaflyer.com\/de\/wp-json\/wp\/v2\/product"}],"about":[{"href":"https:\/\/www.wepaflyer.com\/de\/wp-json\/wp\/v2\/types\/product"}],"replies":[{"embeddable":true,"href":"https:\/\/www.wepaflyer.com\/de\/wp-json\/wp\/v2\/comments?post=21891"}],"wp:featuredmedia":[{"embeddable":true,"href":"https:\/\/www.wepaflyer.com\/de\/wp-json\/wp\/v2\/media\/12731"}],"wp:attachment":[{"href":"https:\/\/www.wepaflyer.com\/de\/wp-json\/wp\/v2\/media?parent=21891"}],"wp:term":[{"taxonomy":"product_brand","embeddable":true,"href":"https:\/\/www.wepaflyer.com\/de\/wp-json\/wp\/v2\/product_brand?post=21891"},{"taxonomy":"product_cat","embeddable":true,"href":"https:\/\/www.wepaflyer.com\/de\/wp-json\/wp\/v2\/product_cat?post=21891"},{"taxonomy":"product_tag","embeddable":true,"href":"https:\/\/www.wepaflyer.com\/de\/wp-json\/wp\/v2\/product_tag?post=21891"}],"curies":[{"name":"wp","href":"https:\/\/api.w.org\/{rel}","templated":true}]}}