{"id":21887,"date":"2023-12-28T11:51:04","date_gmt":"2023-12-28T10:51:04","guid":{"rendered":"https:\/\/www.wepaflyer.com\/?post_type=product&#038;p=21887"},"modified":"2026-02-05T15:45:21","modified_gmt":"2026-02-05T14:45:21","slug":"hq-taschenschlitten-heissluftballon","status":"publish","type":"product","link":"https:\/\/www.wepaflyer.com\/de\/produkt\/hq-taschenschlitten-heissluftballon\/","title":{"rendered":"HQ Pocketsled Hot Air Balloon"},"content":{"rendered":"<h3><span style=\"line-height: 1.5em;\">HQ POCKET SLED HOT AIR BALLOON | HEISSLUFTBALLON<\/span><\/h3>\n<h4><span>Stabloser Taschenschlittendrachen | 43 x 33 cm . | R2F<\/span><\/h4>\n<p><span>Originaler 3-D-Schlittendrachen mit Heissluftballon-Design. Startbereit, fliegt immer, schie\u00dft von links nach rechts durch die Luft und ist eine Augenweide. Dieser HQ-Taschenschlitten ist praktisch unzerst\u00f6rbar, da er einfach und dennoch sehr robust ist.<\/span><\/p>\n<p><span>Drachen wird R2F (Ready-to-Fly) geliefert mit 20 Metern Drachenschnur auf einer Spule und angen\u00e4hten Schw\u00e4nzen. Hergestellt aus Ripstop-Polyestertuch in Design und Farbe wie abgebildet. Fliegt am besten bei 2\u20135 Bft.<\/span><\/p>\n<p><span>Einzeln verpackt in einem lustigen Taschenbeutel von 7 cm. Durchmesser mit praktischem Schl\u00fcsselring, Sie k\u00f6nnen ihn einfach an Ihrem G\u00fcrtel befestigen.<\/span><\/p>\n","protected":false},"excerpt":{"rendered":"<p><span>Stabloser Taschenschlittendrachen | 43 x 33 cm . | R2F<\/span><\/p>\n","protected":false},"featured_media":12717,"comment_status":"closed","ping_status":"closed","template":"","meta":{"_acf_changed":false},"product_brand":[],"product_cat":[1396,2177,2184,1348,1384],"product_tag":[],"class_list":{"0":"post-21887","1":"product","2":"type-product","3":"status-publish","4":"has-post-thumbnail","6":"product_cat-drachen","7":"product_cat-hq-kites","8":"product_cat-kinderdrachen","9":"product_cat-marken","10":"product_cat-sale","11":"pa_breedte-cm-33-de","12":"pa_lengte-cm-43-de","14":"first","15":"instock","16":"sale","17":"taxable","18":"shipping-taxable","19":"purchasable","20":"product-type-simple"},"acf":[],"_links":{"self":[{"href":"https:\/\/www.wepaflyer.com\/de\/wp-json\/wp\/v2\/product\/21887","targetHints":{"allow":["GET"]}}],"collection":[{"href":"https:\/\/www.wepaflyer.com\/de\/wp-json\/wp\/v2\/product"}],"about":[{"href":"https:\/\/www.wepaflyer.com\/de\/wp-json\/wp\/v2\/types\/product"}],"replies":[{"embeddable":true,"href":"https:\/\/www.wepaflyer.com\/de\/wp-json\/wp\/v2\/comments?post=21887"}],"wp:featuredmedia":[{"embeddable":true,"href":"https:\/\/www.wepaflyer.com\/de\/wp-json\/wp\/v2\/media\/12717"}],"wp:attachment":[{"href":"https:\/\/www.wepaflyer.com\/de\/wp-json\/wp\/v2\/media?parent=21887"}],"wp:term":[{"taxonomy":"product_brand","embeddable":true,"href":"https:\/\/www.wepaflyer.com\/de\/wp-json\/wp\/v2\/product_brand?post=21887"},{"taxonomy":"product_cat","embeddable":true,"href":"https:\/\/www.wepaflyer.com\/de\/wp-json\/wp\/v2\/product_cat?post=21887"},{"taxonomy":"product_tag","embeddable":true,"href":"https:\/\/www.wepaflyer.com\/de\/wp-json\/wp\/v2\/product_tag?post=21887"}],"curies":[{"name":"wp","href":"https:\/\/api.w.org\/{rel}","templated":true}]}}