{"id":21875,"date":"2023-12-28T11:50:21","date_gmt":"2023-12-28T10:50:21","guid":{"rendered":"https:\/\/www.wepaflyer.com\/?post_type=product&#038;p=21875"},"modified":"2026-05-04T15:52:01","modified_gmt":"2026-05-04T13:52:01","slug":"hq-mantra-trickwettbewerb","status":"publish","type":"product","link":"https:\/\/www.wepaflyer.com\/de\/produkt\/hq-mantra-trickwettbewerb\/","title":{"rendered":"HQ Mantra | Trick &#038; Competition"},"content":{"rendered":"<h3>HQ Mantra | Trick &amp; Wettbewerb<\/h3>\n<h4>D\u00e9r Trickkite schlechthin | 243 x 93 cm. | Kite Only (Nur Drachen)<\/h4>\n<p><b>Mantra \u2013 ein Drachen zum Chillen, Tr\u00e4umen und Kunstfliegen | Nur Drachen<\/b><\/p>\n<p>Selbstverst\u00e4ndlich beherrscht der Mantra moderne Tricks und Moves, die er mit einer gewissen Radikalit\u00e4t und Eleganz ausf\u00fchrt. Das Gleichgewicht des Mantras erfordert keine lange Anpassungsphase. Tricks werden mit sehr hoher Pr\u00e4zision und Verst\u00e4ndlichkeit umgesetzt.<\/p>\n<p>Die Pr\u00e4zision auf langen Geraden, Kurven und Loopings ist eine echte St\u00e4rke dieses Drachens. Der Mantra \u00fcberfordert seinen Piloten nie und bietet dennoch nahezu unbegrenzte M\u00f6glichkeiten, die eigenen Flugf\u00e4higkeiten weiterzuentwickeln.<\/p>\n<p><b>Spezifikationen:<\/b><\/p>\n<ul>\n<li>Fl\u00fcgelspannweite: 243 cm<\/li>\n<li>H\u00f6he: 93 cm<\/li>\n<li>Tuch: Ripstop Polyester \u201eLight\u201c 31 g<\/li>\n<li>St\u00e4be: Skyshark 2PX<\/li>\n<li>Schn\u00fcre: DyneemaLines 25\u201370 daN empfohlen<\/li>\n<li>Wind: 2\u20135 Bft. (6-35 km\/h, 4-22 mph)<\/li>\n<li>Alter: 14+<\/li>\n<\/ul>\n","protected":false},"excerpt":{"rendered":"<p>D\u00e9r Trickkite schlechthin | 243 x 93 cm. | Kite Only (Nur Drachen)<\/p>\n","protected":false},"featured_media":12699,"comment_status":"closed","ping_status":"closed","template":"","meta":{"_acf_changed":false},"product_brand":[],"product_cat":[1396,2177,2169,1348],"product_tag":[3640],"class_list":{"0":"post-21875","1":"product","2":"type-product","3":"status-publish","4":"has-post-thumbnail","6":"product_cat-drachen","7":"product_cat-hq-kites","8":"product_cat-lenkdrachen","9":"product_cat-marken","10":"product_tag-stuntvliegers","11":"pa_breedte-cm-60-de","12":"pa_lengte-cm-243-de","14":"first","15":"onbackorder","16":"sale","17":"taxable","18":"shipping-taxable","19":"purchasable","20":"product-type-simple"},"acf":[],"_links":{"self":[{"href":"https:\/\/www.wepaflyer.com\/de\/wp-json\/wp\/v2\/product\/21875","targetHints":{"allow":["GET"]}}],"collection":[{"href":"https:\/\/www.wepaflyer.com\/de\/wp-json\/wp\/v2\/product"}],"about":[{"href":"https:\/\/www.wepaflyer.com\/de\/wp-json\/wp\/v2\/types\/product"}],"replies":[{"embeddable":true,"href":"https:\/\/www.wepaflyer.com\/de\/wp-json\/wp\/v2\/comments?post=21875"}],"wp:featuredmedia":[{"embeddable":true,"href":"https:\/\/www.wepaflyer.com\/de\/wp-json\/wp\/v2\/media\/12699"}],"wp:attachment":[{"href":"https:\/\/www.wepaflyer.com\/de\/wp-json\/wp\/v2\/media?parent=21875"}],"wp:term":[{"taxonomy":"product_brand","embeddable":true,"href":"https:\/\/www.wepaflyer.com\/de\/wp-json\/wp\/v2\/product_brand?post=21875"},{"taxonomy":"product_cat","embeddable":true,"href":"https:\/\/www.wepaflyer.com\/de\/wp-json\/wp\/v2\/product_cat?post=21875"},{"taxonomy":"product_tag","embeddable":true,"href":"https:\/\/www.wepaflyer.com\/de\/wp-json\/wp\/v2\/product_tag?post=21875"}],"curies":[{"name":"wp","href":"https:\/\/api.w.org\/{rel}","templated":true}]}}