{"id":21861,"date":"2023-12-28T11:50:21","date_gmt":"2023-12-28T10:50:21","guid":{"rendered":"https:\/\/www.wepaflyer.com\/?post_type=product&#038;p=21861"},"modified":"2026-02-05T17:42:47","modified_gmt":"2026-02-05T16:42:47","slug":"hq-kleiner-pfeil-geschwindigkeit-und-kraft","status":"publish","type":"product","link":"https:\/\/www.wepaflyer.com\/de\/produkt\/hq-kleiner-pfeil-geschwindigkeit-und-kraft\/","title":{"rendered":"HQ Little Arrow | Speed&#038;Power"},"content":{"rendered":"<h3>HQ Little Arrow | Speed &amp; Power<\/h3>\n<h4>Lenkdrachen | 118 x 43 cm. | R2F<\/h4>\n<p><b>Little Arrow ist schnell, sehr schnell.<\/b><\/p>\n<p>Hier k\u00f6nnen Piloten bis an die Grenzen ihrer Reaktionsf\u00e4higkeit gehen. Trotz seiner unglaublichen Man\u00f6vrierf\u00e4higkeit fliegt Little Arrow sehr pr\u00e4zise. Loopings wie mit einer Kreiss\u00e4ge \u2013 eine Herausforderung f\u00fcr Augen und H\u00e4nde. Ab 2-3 Beaufort kann man problemlos starten, ab 4 Beaufort beginnt die Herausforderung mit der eigenen Konzentration. Im Extrembereich zwingt diese kleine Rakete erfahrene Drachenpiloten zu st\u00e4rkeren Flugleinen, denn dann entwickelt der Little Arrow eine f\u00fcr seine Gr\u00f6\u00dfe \u00fcberraschende Zugkraft \u2013 ein spannendes Erlebnis f\u00fcr alle Drachenpiloten, die an ihre Grenzen gehen wollen.<\/p>\n<p><b>Spezifikationen:<\/b><\/p>\n<ul>\n<li>Fl\u00fcgelspannweite: 118 cm<\/li>\n<li>Standh\u00f6he: 43 cm<\/li>\n<li>Tuch: Ristop-Polyester<\/li>\n<li>St\u00e4be: 4 mm Carbon<\/li>\n<li>Schn\u00fcre: inklusive, Dyneema 40 daN, 2 x 25 m auf Wickelgriff mit Straps (Lenkschlaufen)<\/li>\n<li>Wind: 2\u20138 Bft. (10\u201374 km\/h, 6\u201346 mph)<\/li>\n<li>Alter: 14+<\/li>\n<\/ul>\n","protected":false},"excerpt":{"rendered":"<p>Lenkdrachen | 118 x 43 cm. | R2F<\/p>\n","protected":false},"featured_media":12686,"comment_status":"closed","ping_status":"closed","template":"","meta":{"_acf_changed":false},"product_brand":[],"product_cat":[1396,2177,2169,1348,1384],"product_tag":[],"class_list":{"0":"post-21861","1":"product","2":"type-product","3":"status-publish","4":"has-post-thumbnail","6":"product_cat-drachen","7":"product_cat-hq-kites","8":"product_cat-lenkdrachen","9":"product_cat-marken","10":"product_cat-sale","11":"pa_breedte-cm-43-de","12":"pa_lengte-cm-118-de","14":"first","15":"instock","16":"sale","17":"taxable","18":"shipping-taxable","19":"purchasable","20":"product-type-simple"},"acf":[],"_links":{"self":[{"href":"https:\/\/www.wepaflyer.com\/de\/wp-json\/wp\/v2\/product\/21861","targetHints":{"allow":["GET"]}}],"collection":[{"href":"https:\/\/www.wepaflyer.com\/de\/wp-json\/wp\/v2\/product"}],"about":[{"href":"https:\/\/www.wepaflyer.com\/de\/wp-json\/wp\/v2\/types\/product"}],"replies":[{"embeddable":true,"href":"https:\/\/www.wepaflyer.com\/de\/wp-json\/wp\/v2\/comments?post=21861"}],"wp:featuredmedia":[{"embeddable":true,"href":"https:\/\/www.wepaflyer.com\/de\/wp-json\/wp\/v2\/media\/12686"}],"wp:attachment":[{"href":"https:\/\/www.wepaflyer.com\/de\/wp-json\/wp\/v2\/media?parent=21861"}],"wp:term":[{"taxonomy":"product_brand","embeddable":true,"href":"https:\/\/www.wepaflyer.com\/de\/wp-json\/wp\/v2\/product_brand?post=21861"},{"taxonomy":"product_cat","embeddable":true,"href":"https:\/\/www.wepaflyer.com\/de\/wp-json\/wp\/v2\/product_cat?post=21861"},{"taxonomy":"product_tag","embeddable":true,"href":"https:\/\/www.wepaflyer.com\/de\/wp-json\/wp\/v2\/product_tag?post=21861"}],"curies":[{"name":"wp","href":"https:\/\/api.w.org\/{rel}","templated":true}]}}