{"id":21857,"date":"2023-12-28T11:50:21","date_gmt":"2023-12-28T10:50:21","guid":{"rendered":"https:\/\/www.wepaflyer.com\/?post_type=product&#038;p=21857"},"modified":"2026-02-03T17:52:39","modified_gmt":"2026-02-03T16:52:39","slug":"hq-limbo-ii-lava-rundum","status":"publish","type":"product","link":"https:\/\/www.wepaflyer.com\/de\/produkt\/hq-limbo-ii-lava-rundum\/","title":{"rendered":"HQ Limbo II Lava | Allround"},"content":{"rendered":"<h3><span>HQ LIMBO II LAVA | ALLROUND<\/span><\/h3>\n<h4><span>155 x 67 cm. | R2F | Robuster Lenkdrachen f\u00fcr Anf\u00e4nger<\/span><\/h4>\n<p><strong><span class=\"Y2IQFc\" lang=\"nl\">Der Limbo II ist wirklich ein w\u00fcrdiger Nachfolger des bekannten Limbo.<\/span><\/strong><\/p>\n<p><span class=\"Y2IQFc\" lang=\"nl\">Der Limbo II ist wirklich ein w\u00fcrdiger Nachfolger des bekannten Limbo<\/span><span class=\"Y2IQFc\" lang=\"nl\"><span>\u00a0<\/span>\u2013 mehr Druckaufbau , mehr Pr\u00e4zision, hohe Robustheit und einfache Installation. Und er sieht noch besser aus. Die gute Natur des Limbo II erleichtert den Einstieg in das Drachenfliegen, mit einer Leistung, die in dieser Klasse beeindruckend ist: ansprechendes Design, pr\u00e4ziser und kraftvoller Flug, gro\u00dfes Windfenster, beeindruckende Flugleistungen. Ein Glasfaserrahmen und eine Segelstruktur machen den Limbo II \u00e4u\u00dferst robust. Egal ob leichter Wind oder st\u00e4rkere Meeresbrise \u2013 der Limbo II macht Anf\u00e4ngern auch bei schwierigen Windverh\u00e4ltnissen gro\u00dfen Spa\u00df<\/span><\/p>\n<p><b>Spezifikationen<\/b>:<\/p>\n<ul>\n<li>Fl\u00fcgelspannweite: 155 cm<\/li>\n<li>H\u00f6he: 67 cm<\/li>\n<li>Stoff: Ripstop-Polyester<\/li>\n<li>Stangen: Fiberglas 5 mm<\/li>\n<li>Leinen: inklusive, Polyester 40 kp, 2 x 20 m auf Wickelgriff mit Lenkschlaufen (Straps)<\/li>\n<li>Wind: 2-6 Bft. (6-49 km\/h 7-31 mph)<\/li>\n<li>Alter: 10+<\/li>\n<\/ul>\n","protected":false},"excerpt":{"rendered":"<p><span>155 x 67 cm. | R2F | Robuster Lenkdrachen f\u00fcr Anf\u00e4nger<\/span><\/p>\n","protected":false},"featured_media":12681,"comment_status":"closed","ping_status":"closed","template":"","meta":{"_acf_changed":false},"product_brand":[],"product_cat":[1396,2177,2169,1348,1384],"product_tag":[],"class_list":{"0":"post-21857","1":"product","2":"type-product","3":"status-publish","4":"has-post-thumbnail","6":"product_cat-drachen","7":"product_cat-hq-kites","8":"product_cat-lenkdrachen","9":"product_cat-marken","10":"product_cat-sale","11":"pa_breedte-cm-67-de","12":"pa_lengte-cm-155-de","14":"first","15":"instock","16":"sale","17":"taxable","18":"shipping-taxable","19":"purchasable","20":"product-type-simple"},"acf":[],"_links":{"self":[{"href":"https:\/\/www.wepaflyer.com\/de\/wp-json\/wp\/v2\/product\/21857","targetHints":{"allow":["GET"]}}],"collection":[{"href":"https:\/\/www.wepaflyer.com\/de\/wp-json\/wp\/v2\/product"}],"about":[{"href":"https:\/\/www.wepaflyer.com\/de\/wp-json\/wp\/v2\/types\/product"}],"replies":[{"embeddable":true,"href":"https:\/\/www.wepaflyer.com\/de\/wp-json\/wp\/v2\/comments?post=21857"}],"wp:featuredmedia":[{"embeddable":true,"href":"https:\/\/www.wepaflyer.com\/de\/wp-json\/wp\/v2\/media\/12681"}],"wp:attachment":[{"href":"https:\/\/www.wepaflyer.com\/de\/wp-json\/wp\/v2\/media?parent=21857"}],"wp:term":[{"taxonomy":"product_brand","embeddable":true,"href":"https:\/\/www.wepaflyer.com\/de\/wp-json\/wp\/v2\/product_brand?post=21857"},{"taxonomy":"product_cat","embeddable":true,"href":"https:\/\/www.wepaflyer.com\/de\/wp-json\/wp\/v2\/product_cat?post=21857"},{"taxonomy":"product_tag","embeddable":true,"href":"https:\/\/www.wepaflyer.com\/de\/wp-json\/wp\/v2\/product_tag?post=21857"}],"curies":[{"name":"wp","href":"https:\/\/api.w.org\/{rel}","templated":true}]}}