{"id":21840,"date":"2023-12-28T11:50:21","date_gmt":"2023-12-28T10:50:21","guid":{"rendered":"https:\/\/www.wepaflyer.com\/?post_type=product&#038;p=21840"},"modified":"2026-01-21T13:21:17","modified_gmt":"2026-01-21T12:21:17","slug":"hq-kitebag-red-pro-170","status":"publish","type":"product","link":"https:\/\/www.wepaflyer.com\/de\/produkt\/hq-kitebag-red-pro-170\/","title":{"rendered":"HQ Kitebag Red PRO 170"},"content":{"rendered":"<h3>HQ Kitebag Red PRO 170<\/h3>\n<h5>Starke Qualit\u00e4t | 170 cm | Mit Ablagef\u00e4cher | PRO Version<\/h5>\n<p>Innovatives Design, robuste Verarbeitung und hohe Funktionalit\u00e4t zeichnen diese hochwertigen HQ Kite Bags aus, die auch als Rucksack getragen werden k\u00f6nnen. Diese Rei\u00dfverschlusstaschen bieten nicht nur Platz f\u00fcr eine umfangreiche Drachensammlung, sie \u00fcberzeugen auch mit vielen cleveren Details und Innentaschen zur Aufbewahrung vieler Accessoires.<\/p>\n<p>Eine Tasche f\u00fcr den anspruchsvollen Drachenflieger.<\/p>\n<p>Lieferung im abgebildeten Farbschema.<\/p>\n<p>Geeignet f\u00fcr alle Drachen und auch ideal f\u00fcr Angelruten.<\/p>\n","protected":false},"excerpt":{"rendered":"<p>Starke Qualit\u00e4t | 170 cm | Mit Ablagef\u00e4cher | PRO Version<\/p>\n","protected":false},"featured_media":12672,"comment_status":"closed","ping_status":"closed","template":"","meta":{"_acf_changed":false},"product_brand":[],"product_cat":[1385,2183,2177,1348],"product_tag":[],"class_list":{"0":"post-21840","1":"product","2":"type-product","3":"status-publish","4":"has-post-thumbnail","6":"product_cat-drachen-zubehor","7":"product_cat-kite-zubehor","8":"product_cat-hq-kites","9":"product_cat-marken","10":"pa_lengte-cm-170-de","12":"first","13":"instock","14":"sale","15":"taxable","16":"shipping-taxable","17":"purchasable","18":"product-type-simple"},"acf":[],"_links":{"self":[{"href":"https:\/\/www.wepaflyer.com\/de\/wp-json\/wp\/v2\/product\/21840","targetHints":{"allow":["GET"]}}],"collection":[{"href":"https:\/\/www.wepaflyer.com\/de\/wp-json\/wp\/v2\/product"}],"about":[{"href":"https:\/\/www.wepaflyer.com\/de\/wp-json\/wp\/v2\/types\/product"}],"replies":[{"embeddable":true,"href":"https:\/\/www.wepaflyer.com\/de\/wp-json\/wp\/v2\/comments?post=21840"}],"wp:featuredmedia":[{"embeddable":true,"href":"https:\/\/www.wepaflyer.com\/de\/wp-json\/wp\/v2\/media\/12672"}],"wp:attachment":[{"href":"https:\/\/www.wepaflyer.com\/de\/wp-json\/wp\/v2\/media?parent=21840"}],"wp:term":[{"taxonomy":"product_brand","embeddable":true,"href":"https:\/\/www.wepaflyer.com\/de\/wp-json\/wp\/v2\/product_brand?post=21840"},{"taxonomy":"product_cat","embeddable":true,"href":"https:\/\/www.wepaflyer.com\/de\/wp-json\/wp\/v2\/product_cat?post=21840"},{"taxonomy":"product_tag","embeddable":true,"href":"https:\/\/www.wepaflyer.com\/de\/wp-json\/wp\/v2\/product_tag?post=21840"}],"curies":[{"name":"wp","href":"https:\/\/api.w.org\/{rel}","templated":true}]}}