{"id":21837,"date":"2023-12-28T11:50:21","date_gmt":"2023-12-28T10:50:21","guid":{"rendered":"https:\/\/www.wepaflyer.com\/?post_type=product&#038;p=21837"},"modified":"2026-01-21T13:21:14","modified_gmt":"2026-01-21T12:21:14","slug":"hq-kite-killer-safety-system-handleine","status":"publish","type":"product","link":"https:\/\/www.wepaflyer.com\/de\/produkt\/hq-kite-killer-safety-system-handleine\/","title":{"rendered":"HQ Kite-Killer | Safety-Leash | 1 St\u00fcck"},"content":{"rendered":"<h3><span>HQ KITE-KILLER | SAFETY-SYSTEM HANDLEASH<\/span><\/h3>\n<h5>Sicherheitssystem | 1 St\u00fcck (1 Piece)<\/h5>\n<p>Diese HQ Kite-Killer oder Safety-System Hand-Leash ist ein Sicherheitssystem f\u00fcr 2-Leiner-Drachen, die mit einer Lenkstange gelenkt werden und sorgen unter allen Umst\u00e4nden f\u00fcr eine sichere Landung des Kites, auch wenn Sie leicht in Panik geraten sind.<\/p>\n<p>Die Kite-Killer (Sicherheitssystem) sind eine der besten Erfindungen der letzten Jahre in der Welt des Kitens. Sie bieten dir die M\u00f6glichkeit, den Kite sofort abzukoppeln, so dass die Power (Zugkraft) sofort weg ist und verhindern gleichzeitig, dass der Kite wegweht und in der Ferne verschwindet, da er auch dann noch an deinem Handgelenk befestigt bleibt, wenn du hinf\u00e4llst und die Kitebar losgelassen hast. Du befestigst den KiteKiller\/Handleash an deinem Handgelenk und an der Drachenleine und sie werden durch eine Elastikschnur verbunden. Beim Drachenfliegen merkt man es zwar nicht, aber wenn mal etwas schief geht, sorgt die Leine der Lenkstange daf\u00fcr, dass die Kraft weg ist und der Drachen sicher herunterkommt.<\/p>\n<p>Eine hervorragende integrierte Sicherheit!<span style=\"line-height: 1.5em;\"><\/span><\/p>\n","protected":false},"excerpt":{"rendered":"<p>Sicherheitssystem | 1 St\u00fcck (1 Piece)<\/p>\n","protected":false},"featured_media":12667,"comment_status":"closed","ping_status":"closed","template":"","meta":{"_acf_changed":false},"product_brand":[],"product_cat":[2177,2186,1348,3546],"product_tag":[],"class_list":{"0":"post-21837","1":"product","2":"type-product","3":"status-publish","4":"has-post-thumbnail","6":"product_cat-hq-kites","7":"product_cat-drachen-lenkschlaufen","8":"product_cat-marken","9":"product_cat-powerkites-zubehor","11":"first","12":"instock","13":"sale","14":"taxable","15":"shipping-taxable","16":"purchasable","17":"product-type-simple"},"acf":[],"_links":{"self":[{"href":"https:\/\/www.wepaflyer.com\/de\/wp-json\/wp\/v2\/product\/21837","targetHints":{"allow":["GET"]}}],"collection":[{"href":"https:\/\/www.wepaflyer.com\/de\/wp-json\/wp\/v2\/product"}],"about":[{"href":"https:\/\/www.wepaflyer.com\/de\/wp-json\/wp\/v2\/types\/product"}],"replies":[{"embeddable":true,"href":"https:\/\/www.wepaflyer.com\/de\/wp-json\/wp\/v2\/comments?post=21837"}],"wp:featuredmedia":[{"embeddable":true,"href":"https:\/\/www.wepaflyer.com\/de\/wp-json\/wp\/v2\/media\/12667"}],"wp:attachment":[{"href":"https:\/\/www.wepaflyer.com\/de\/wp-json\/wp\/v2\/media?parent=21837"}],"wp:term":[{"taxonomy":"product_brand","embeddable":true,"href":"https:\/\/www.wepaflyer.com\/de\/wp-json\/wp\/v2\/product_brand?post=21837"},{"taxonomy":"product_cat","embeddable":true,"href":"https:\/\/www.wepaflyer.com\/de\/wp-json\/wp\/v2\/product_cat?post=21837"},{"taxonomy":"product_tag","embeddable":true,"href":"https:\/\/www.wepaflyer.com\/de\/wp-json\/wp\/v2\/product_tag?post=21837"}],"curies":[{"name":"wp","href":"https:\/\/api.w.org\/{rel}","templated":true}]}}