{"id":21836,"date":"2023-12-28T11:50:21","date_gmt":"2023-12-28T10:50:21","guid":{"rendered":"https:\/\/www.wepaflyer.com\/?post_type=product&#038;p=21836"},"modified":"2026-03-08T18:08:12","modified_gmt":"2026-03-08T17:08:12","slug":"hq-jump-300-2-leinen-powerdrachen","status":"publish","type":"product","link":"https:\/\/www.wepaflyer.com\/de\/produkt\/hq-jump-300-2-leinen-powerdrachen\/","title":{"rendered":"HQ JUMP 300 2-Leiner Powerkite"},"content":{"rendered":"<h3>HQ-Jump 300\u00a0Der 2-Leiner Powerkite f\u00fcr gro\u00dfe Spr\u00fcnge<\/h3>\n<h4>JUMP! | 300x75cm | 2,25m\u00b2 | R2F | Dyneema-Leinen 200 daN<\/h4>\n<p style=\"text-align: justify;\"><b>Der Drachen f\u00fcr Springer!<\/b><\/p>\n<p><b>Jump<\/b> \u2013 der Name dieses 2-Leiner-Matratzendrachens ist Programm.<\/p>\n<p>Denn mit dem Jump lenken wir dem Zenit entgegen. Ein flaches und starkes Profil mit ausgestrecktem Segel verleiht dem Jump viel Auftrieb. Das macht den <strong>Jump<\/strong> zu einer sportlichen Herausforderung, die jede Menge Spa\u00df verspricht.<br \/>\nSuchen Sie nach den Grenzen? Dann ist der <strong>Jump<\/strong> dein Drachen!<\/p>\n<p>Trotz seiner Sportlichkeit ist der Jump immer beherrschbar und wird nie zickig.<\/p>\n<p>Die erstklassige Verarbeitung hochwertiger Materialien und eine elegante Tasche, in der der <strong>JUMP<\/strong> verpackt ist, tragen zum Flugspa\u00df bei und machen diesen Drachen zu einem Drachen, den man immer dabei haben m\u00f6chte.<\/p>\n<p style=\"text-align: justify;\"><b>Spezifikationen<\/b>:<\/p>\n<ul>\n<li>Fl\u00fcgelspannweite: 300 cm<\/li>\n<li>H\u00f6he: 75 cm<\/li>\n<li>Tuch; Ripstop-Nylon<\/li>\n<li>Leinen: inkl. 200daN Dyneema, 2&#215;30 Meter auf Wickelgriff, Lenkschlaufen mit 38mm Schlaufen<\/li>\n<li>Wind: 2-6 Bft. (10-48 km\/h | 6-30 mph)<\/li>\n<li>Alter: 16+<\/li>\n<\/ul>\n","protected":false},"excerpt":{"rendered":"<p>JUMP! | 300x75cm | 2,25m\u00b2 | R2F | Dyneema-Leinen 200 daN<\/p>\n","protected":false},"featured_media":17442,"comment_status":"closed","ping_status":"closed","template":"","meta":{"_acf_changed":false},"product_brand":[],"product_cat":[2164,2177,1348,1372,1384],"product_tag":[],"class_list":{"0":"post-21836","1":"product","2":"type-product","3":"status-publish","4":"has-post-thumbnail","6":"product_cat-2-leiner-lenkmatten","7":"product_cat-hq-kites","8":"product_cat-marken","9":"product_cat-powerkites","10":"product_cat-sale","11":"pa_breedte-cm-300-de","12":"pa_lengte-cm-75-de","14":"first","15":"instock","16":"sale","17":"taxable","18":"shipping-taxable","19":"purchasable","20":"product-type-simple"},"acf":[],"_links":{"self":[{"href":"https:\/\/www.wepaflyer.com\/de\/wp-json\/wp\/v2\/product\/21836","targetHints":{"allow":["GET"]}}],"collection":[{"href":"https:\/\/www.wepaflyer.com\/de\/wp-json\/wp\/v2\/product"}],"about":[{"href":"https:\/\/www.wepaflyer.com\/de\/wp-json\/wp\/v2\/types\/product"}],"replies":[{"embeddable":true,"href":"https:\/\/www.wepaflyer.com\/de\/wp-json\/wp\/v2\/comments?post=21836"}],"wp:featuredmedia":[{"embeddable":true,"href":"https:\/\/www.wepaflyer.com\/de\/wp-json\/wp\/v2\/media\/17442"}],"wp:attachment":[{"href":"https:\/\/www.wepaflyer.com\/de\/wp-json\/wp\/v2\/media?parent=21836"}],"wp:term":[{"taxonomy":"product_brand","embeddable":true,"href":"https:\/\/www.wepaflyer.com\/de\/wp-json\/wp\/v2\/product_brand?post=21836"},{"taxonomy":"product_cat","embeddable":true,"href":"https:\/\/www.wepaflyer.com\/de\/wp-json\/wp\/v2\/product_cat?post=21836"},{"taxonomy":"product_tag","embeddable":true,"href":"https:\/\/www.wepaflyer.com\/de\/wp-json\/wp\/v2\/product_tag?post=21836"}],"curies":[{"name":"wp","href":"https:\/\/api.w.org\/{rel}","templated":true}]}}