{"id":21835,"date":"2023-12-28T11:50:21","date_gmt":"2023-12-28T10:50:21","guid":{"rendered":"https:\/\/www.wepaflyer.com\/?post_type=product&#038;p=21835"},"modified":"2026-02-25T18:48:00","modified_gmt":"2026-02-25T17:48:00","slug":"hq-hoffmanns-bowkite-sunrise","status":"publish","type":"product","link":"https:\/\/www.wepaflyer.com\/de\/produkt\/hq-hoffmanns-bowkite-sunrise\/","title":{"rendered":"HQ Hoffmanns BowKite Sea Breeze"},"content":{"rendered":"<h3>HQ Hoffmanns BowKite Sea Breeze<\/h3>\n<h4>55 x 300 cm. | Kite Only | Besonderer 3D Einleinerdrachen | Lieferbar ab 15. M\u00e4rz 2026<\/h4>\n<p>Mit dem Bowkite Sea Breeze hat Rainer Hoffmann wiederum ein Meisterst\u00fcck abgeliefert! Dieser ungew\u00f6hnliche Drachen f\u00fcr leichter bis mittlerer Wind steht aufrecht am Himmel, stets in einer leichten, ruhigen Bewegung, majest\u00e4tisch wie ein Segelschiff. Durch die zum Teil \u00fcberdeckenden Auftriebsfl\u00e4chen entsteht je nach Blickwinkel ein wechselnder Farb- und Formeneindruck. Die kleinen Schlauchschw\u00e4nze unterstreichen diesen Eindruck. Einschlie\u00dflich Starkwind-Gewicht. In neuer, seabreeze Farbversion lieferbar!<\/p>\n<p><b>Spezifikationen:<\/b><\/p>\n<ul>\n<li>Fl\u00fcgelspannweite: 55 cm<\/li>\n<li>Standh\u00f6he: 300 cm<\/li>\n<li>Tuch: Ripstop-Polyester<\/li>\n<li>St\u00e4be: Carbon + Fiberglas 3 + 4 + 6 mm<\/li>\n<li>Schnur empfohlen: DacronLine 25-45 daN<\/li>\n<li>Windbereich: 2-4 Bft. (6-28 km\/h \/ 4-24 mph)<\/li>\n<li>Alter: ab 14 Jahren<\/li>\n<\/ul>\n","protected":false},"excerpt":{"rendered":"<p>55 x 300 cm. | Kite Only | Besonderer 3D Einleinerdrachen | Lieferbar ab 15. M\u00e4rz 2026<\/p>\n","protected":false},"featured_media":85349,"comment_status":"closed","ping_status":"closed","template":"","meta":{"_acf_changed":false},"product_brand":[],"product_cat":[1396,2182,2177,1348,3560],"product_tag":[],"class_list":{"0":"post-21835","1":"product","2":"type-product","3":"status-publish","4":"has-post-thumbnail","6":"product_cat-drachen","7":"product_cat-festival-drachen","8":"product_cat-hq-kites","9":"product_cat-marken","10":"product_cat-neu","11":"pa_breedte-cm-300-de","12":"pa_lengte-cm-55-de","14":"first","15":"instock","16":"sale","17":"taxable","18":"shipping-taxable","19":"purchasable","20":"product-type-simple"},"acf":[],"_links":{"self":[{"href":"https:\/\/www.wepaflyer.com\/de\/wp-json\/wp\/v2\/product\/21835","targetHints":{"allow":["GET"]}}],"collection":[{"href":"https:\/\/www.wepaflyer.com\/de\/wp-json\/wp\/v2\/product"}],"about":[{"href":"https:\/\/www.wepaflyer.com\/de\/wp-json\/wp\/v2\/types\/product"}],"replies":[{"embeddable":true,"href":"https:\/\/www.wepaflyer.com\/de\/wp-json\/wp\/v2\/comments?post=21835"}],"wp:featuredmedia":[{"embeddable":true,"href":"https:\/\/www.wepaflyer.com\/de\/wp-json\/wp\/v2\/media\/85349"}],"wp:attachment":[{"href":"https:\/\/www.wepaflyer.com\/de\/wp-json\/wp\/v2\/media?parent=21835"}],"wp:term":[{"taxonomy":"product_brand","embeddable":true,"href":"https:\/\/www.wepaflyer.com\/de\/wp-json\/wp\/v2\/product_brand?post=21835"},{"taxonomy":"product_cat","embeddable":true,"href":"https:\/\/www.wepaflyer.com\/de\/wp-json\/wp\/v2\/product_cat?post=21835"},{"taxonomy":"product_tag","embeddable":true,"href":"https:\/\/www.wepaflyer.com\/de\/wp-json\/wp\/v2\/product_tag?post=21835"}],"curies":[{"name":"wp","href":"https:\/\/api.w.org\/{rel}","templated":true}]}}