{"id":21834,"date":"2023-12-28T11:50:21","date_gmt":"2023-12-28T10:50:21","guid":{"rendered":"https:\/\/www.wepaflyer.com\/?post_type=product&#038;p=21834"},"modified":"2026-05-04T12:38:09","modified_gmt":"2026-05-04T10:38:09","slug":"hq-erdanker-aus-edelstahl","status":"publish","type":"product","link":"https:\/\/www.wepaflyer.com\/de\/produkt\/hq-erdanker-aus-edelstahl\/","title":{"rendered":"HQ Bodenanker aus Edelstahl"},"content":{"rendered":"<h3><span style=\"line-height: 1.5em;\">HQ BODENANKER aus EDELSTAHL<\/span><\/h3>\n<h5><span style=\"line-height: 1.5em;\">Schraubmodell | Edelstahl | 43,5cm<\/span><\/h5>\n<p>Praktisches Bodenanker aus Metall zum Festmachen gr\u00f6\u00dferer Einleiner-Drachen und Kites.<br \/>\n\u00c4hnlich einem Korkenzieher wird der Bodenanker in den Untergrund gedreht.<br \/>\nDer Griff am oberen Ende erweist sich besonders bei festen Untergr\u00fcnden als praktisch, da die n\u00f6tige Kraft ohne viel M\u00fche \u00fcbertragen werden kann.<\/p>\n<p>Material: Eisen verchromt<br \/>\nL\u00e4nge: 435 mm<br \/>\nMit Befestigungs\u00f6se<\/p>\n<p><span style=\"line-height: 1.5em;\">Geliefert in der abgebildeten Version.<\/span><\/p>\n","protected":false},"excerpt":{"rendered":"<p><span style=\"line-height: 1.5em;\">Schraubmodell | Edelstahl | 43,5cm<\/span><\/p>\n","protected":false},"featured_media":12656,"comment_status":"closed","ping_status":"closed","template":"","meta":{"_acf_changed":false},"product_brand":[],"product_cat":[2183,2177,1348,3546],"product_tag":[3637],"class_list":{"0":"post-21834","1":"product","2":"type-product","3":"status-publish","4":"has-post-thumbnail","6":"product_cat-kite-zubehor","7":"product_cat-hq-kites","8":"product_cat-marken","9":"product_cat-powerkites-zubehor","10":"product_tag-accessoires","12":"first","13":"instock","14":"sale","15":"taxable","16":"shipping-taxable","17":"purchasable","18":"product-type-simple"},"acf":[],"_links":{"self":[{"href":"https:\/\/www.wepaflyer.com\/de\/wp-json\/wp\/v2\/product\/21834","targetHints":{"allow":["GET"]}}],"collection":[{"href":"https:\/\/www.wepaflyer.com\/de\/wp-json\/wp\/v2\/product"}],"about":[{"href":"https:\/\/www.wepaflyer.com\/de\/wp-json\/wp\/v2\/types\/product"}],"replies":[{"embeddable":true,"href":"https:\/\/www.wepaflyer.com\/de\/wp-json\/wp\/v2\/comments?post=21834"}],"wp:featuredmedia":[{"embeddable":true,"href":"https:\/\/www.wepaflyer.com\/de\/wp-json\/wp\/v2\/media\/12656"}],"wp:attachment":[{"href":"https:\/\/www.wepaflyer.com\/de\/wp-json\/wp\/v2\/media?parent=21834"}],"wp:term":[{"taxonomy":"product_brand","embeddable":true,"href":"https:\/\/www.wepaflyer.com\/de\/wp-json\/wp\/v2\/product_brand?post=21834"},{"taxonomy":"product_cat","embeddable":true,"href":"https:\/\/www.wepaflyer.com\/de\/wp-json\/wp\/v2\/product_cat?post=21834"},{"taxonomy":"product_tag","embeddable":true,"href":"https:\/\/www.wepaflyer.com\/de\/wp-json\/wp\/v2\/product_tag?post=21834"}],"curies":[{"name":"wp","href":"https:\/\/api.w.org\/{rel}","templated":true}]}}