{"id":21833,"date":"2023-12-28T11:50:21","date_gmt":"2023-12-28T10:50:21","guid":{"rendered":"https:\/\/www.wepaflyer.com\/?post_type=product&#038;p=21833"},"modified":"2026-02-26T22:26:57","modified_gmt":"2026-02-26T21:26:57","slug":"hq-generator-100","status":"publish","type":"product","link":"https:\/\/www.wepaflyer.com\/de\/produkt\/hq-generator-100\/","title":{"rendered":"HQ Generator 100 Beach Bumper"},"content":{"rendered":"<h3>HQ GENERATOR 100 BEACH BUMPER<\/h3>\n<h4>\u00f8 100 cm. | Das fliegende Windspiel<\/h4>\n<p>Generatoren sind eine Kombination aus Drachen und Windspielen; es ist schwierig, sie genau zu kategorisieren. Sie tanzen auf gro\u00dfen Freifl\u00e4chen wie Str\u00e4nden, Wiesen oder Sportpl\u00e4tzen ihren tollen Tanz.<\/p>\n<p>Befestigen Sie den Generator mit der Ankerleine an einem Grundanker oder \u00e4hnlichem, lassen Sie die Leine langsam anspannen, sch\u00fctteln Sie das Ganze etwas und \u00f6ffnen Sie es und dann beginnt das Windspiel an der Leine, es geht hin und her bis hoch in die Luft, immer in die Richtung, in die der Wind weht. Es ist ein wundersch\u00f6nes Schauspiel, besonders wenn der Wind etwas st\u00e4rker weht oder mehrere Generatoren gleichzeitig sich im Wind bewegen.<\/p>\n<p>Die Generatoren sind sehr robust und praktisch unzerst\u00f6rbar. F\u00fcr (fast) alle Altersgruppen geeignet, aber wie bei anderen Modellen auch bei st\u00e4rkerem Wind immer aufpassen.<\/p>\n<p>Die Generatoren bestehen aus Polyestertuch in der abgebildeten Farbzusammensetzung. Einzeln verpackt in einer Tragetasche.<\/p>\n","protected":false},"excerpt":{"rendered":"<p>\u00f8 100 cm. | Das fliegende Windspiel<\/p>\n","protected":false},"featured_media":12651,"comment_status":"closed","ping_status":"closed","template":"","meta":{"_acf_changed":false},"product_brand":[],"product_cat":[1396,2182,2177,1348,2188],"product_tag":[],"class_list":{"0":"post-21833","1":"product","2":"type-product","3":"status-publish","4":"has-post-thumbnail","6":"product_cat-drachen","7":"product_cat-festival-drachen","8":"product_cat-hq-kites","9":"product_cat-marken","10":"product_cat-windspiele-garten","12":"first","13":"instock","14":"sale","15":"taxable","16":"shipping-taxable","17":"purchasable","18":"product-type-simple"},"acf":[],"_links":{"self":[{"href":"https:\/\/www.wepaflyer.com\/de\/wp-json\/wp\/v2\/product\/21833","targetHints":{"allow":["GET"]}}],"collection":[{"href":"https:\/\/www.wepaflyer.com\/de\/wp-json\/wp\/v2\/product"}],"about":[{"href":"https:\/\/www.wepaflyer.com\/de\/wp-json\/wp\/v2\/types\/product"}],"replies":[{"embeddable":true,"href":"https:\/\/www.wepaflyer.com\/de\/wp-json\/wp\/v2\/comments?post=21833"}],"wp:featuredmedia":[{"embeddable":true,"href":"https:\/\/www.wepaflyer.com\/de\/wp-json\/wp\/v2\/media\/12651"}],"wp:attachment":[{"href":"https:\/\/www.wepaflyer.com\/de\/wp-json\/wp\/v2\/media?parent=21833"}],"wp:term":[{"taxonomy":"product_brand","embeddable":true,"href":"https:\/\/www.wepaflyer.com\/de\/wp-json\/wp\/v2\/product_brand?post=21833"},{"taxonomy":"product_cat","embeddable":true,"href":"https:\/\/www.wepaflyer.com\/de\/wp-json\/wp\/v2\/product_cat?post=21833"},{"taxonomy":"product_tag","embeddable":true,"href":"https:\/\/www.wepaflyer.com\/de\/wp-json\/wp\/v2\/product_tag?post=21833"}],"curies":[{"name":"wp","href":"https:\/\/api.w.org\/{rel}","templated":true}]}}