{"id":21832,"date":"2023-12-28T11:50:21","date_gmt":"2023-12-28T10:50:21","guid":{"rendered":"https:\/\/www.wepaflyer.com\/?post_type=product&#038;p=21832"},"modified":"2026-02-22T17:28:32","modified_gmt":"2026-02-22T16:28:32","slug":"hq-flow-leichtwind","status":"publish","type":"product","link":"https:\/\/www.wepaflyer.com\/de\/produkt\/hq-flow-leichtwind\/","title":{"rendered":"HQ Flow | Lightwind &#038; Streetkite"},"content":{"rendered":"<h3>HQ Flow | Lightwind<\/h3>\n<h4>157 x 76 cm. | Kite Only | Streetkite<\/h4>\n<p><b>Leichtwind &amp; Stra\u00dfendrachen | Kite Only<\/b><\/p>\n<p>Kein Wind, kein Spa\u00df? Es muss nicht so sein. Der Flow ist ein extrem leichter Drachen f\u00fcr nahezu windstille Tage. Auch wenn andere Piloten nicht mehr in Bewegung kommen, liefert der Flow dennoch das n\u00f6tige Feedback, um ihn sicher durch die Luft fliegen zu lassen. Daf\u00fcr sorgen das leichte Tuch und die sehr leichten, robusten 3 mm Carbonst\u00e4be. Tricks, Loops, was auch immer und wo auch immer, auf der Wiese, am Strand oder auch beim Streetkiten. Der Flow zeigt, dass Kunstdrachenfliegen auch unter schwierigsten Bedingungen viel Spa\u00df machen kann.<\/p>\n<p>Der Flow ist ein Drachen, den man immer dabei haben sollte.<\/p>\n<p><b>Spezifikationen:<\/b><\/p>\n<ul>\n<li>Fl\u00fcgelspannweite: 157 cm<\/li>\n<li>Standh\u00f6he: 76 cm<\/li>\n<li>Tuch: Ripstop-Polyester Light 31gr<\/li>\n<li>St\u00e4be: 3 mm Carbon<\/li>\n<li>Schn\u00fcre: DyneemaLines 25 daN empfohlen<\/li>\n<li>Wind: 1-3 Bft. (3-18 km\/h, 2-11 mph)<\/li>\n<li>Alter: ab 10 Jahren<\/li>\n<\/ul>\n","protected":false},"excerpt":{"rendered":"<p>157 x 76 cm. | Kite Only | Streetkite<\/p>\n","protected":false},"featured_media":12646,"comment_status":"closed","ping_status":"closed","template":"","meta":{"_acf_changed":false},"product_brand":[],"product_cat":[1396,2177,2169,1348],"product_tag":[],"class_list":{"0":"post-21832","1":"product","2":"type-product","3":"status-publish","4":"has-post-thumbnail","6":"product_cat-drachen","7":"product_cat-hq-kites","8":"product_cat-lenkdrachen","9":"product_cat-marken","10":"pa_breedte-cm-76-de","11":"pa_lengte-cm-157-de","13":"first","14":"instock","15":"sale","16":"taxable","17":"shipping-taxable","18":"purchasable","19":"product-type-simple"},"acf":[],"_links":{"self":[{"href":"https:\/\/www.wepaflyer.com\/de\/wp-json\/wp\/v2\/product\/21832","targetHints":{"allow":["GET"]}}],"collection":[{"href":"https:\/\/www.wepaflyer.com\/de\/wp-json\/wp\/v2\/product"}],"about":[{"href":"https:\/\/www.wepaflyer.com\/de\/wp-json\/wp\/v2\/types\/product"}],"replies":[{"embeddable":true,"href":"https:\/\/www.wepaflyer.com\/de\/wp-json\/wp\/v2\/comments?post=21832"}],"wp:featuredmedia":[{"embeddable":true,"href":"https:\/\/www.wepaflyer.com\/de\/wp-json\/wp\/v2\/media\/12646"}],"wp:attachment":[{"href":"https:\/\/www.wepaflyer.com\/de\/wp-json\/wp\/v2\/media?parent=21832"}],"wp:term":[{"taxonomy":"product_brand","embeddable":true,"href":"https:\/\/www.wepaflyer.com\/de\/wp-json\/wp\/v2\/product_brand?post=21832"},{"taxonomy":"product_cat","embeddable":true,"href":"https:\/\/www.wepaflyer.com\/de\/wp-json\/wp\/v2\/product_cat?post=21832"},{"taxonomy":"product_tag","embeddable":true,"href":"https:\/\/www.wepaflyer.com\/de\/wp-json\/wp\/v2\/product_tag?post=21832"}],"curies":[{"name":"wp","href":"https:\/\/api.w.org\/{rel}","templated":true}]}}