{"id":21825,"date":"2023-12-28T11:49:39","date_gmt":"2023-12-28T10:49:39","guid":{"rendered":"https:\/\/www.wepaflyer.com\/?post_type=product&#038;p=21825"},"modified":"2026-05-04T12:30:16","modified_gmt":"2026-05-04T10:30:16","slug":"hq-fc-kite-jazzy-owl","status":"publish","type":"product","link":"https:\/\/www.wepaflyer.com\/de\/produkt\/hq-fc-kite-jazzy-owl\/","title":{"rendered":"HQ FC Kite Jazzy Owl"},"content":{"rendered":"<h3><span style=\"line-height: 1.5em;\">HQ FLYING CREATURES KITE JAZZY OWL<\/span><\/h3>\n<h3><span style=\"line-height: 1.5em;\">85 x 140 cm. | Ready to Fly<\/span><\/h3>\n<p><span style=\"line-height: 1.5em;\">Die wundersch\u00f6nen Flying Creatures 1-Leiner-Drachen bestechen durch ihre kr\u00e4ftigen Farben und erzeugen wundersch\u00f6ne Effekte in der Luft.< \/span><\/p>\n<p><span style=\"line-height: 1.5em;\">Einfache Konstruktion und sehr zuverl\u00e4ssige, stabile Flugeigenschaften in einem weiten Windbereich.<\/span><\/p>\n<p> <span style=\"line-height: 1.5em;\"><\/span><\/p>\n<\/p>\n<ul>\n<li>Breite: 140 cm<\/li>\n<li>H\u00f6he: 85 cm <\/li>\n<li>Stoff: Ripstop-Polyester<\/li>\n<li>Stangen: Fiberglas 2 + 4 mm<\/li>\n<li>Inklusive Drachenleine: Polyester 17 daN, 40 m auf einer Ringspule<\/li>\n<li >Wind (Bft.): 2-4 (6-28 km\/h, 4-18 mph)<\/li>\n<li>Alter: ab 5 Jahren<\/li>\n<\/ul>\n<p><\/ p> <\/p>\n<p><b>Mengenrabatte<\/b>; Beim Kauf gr\u00f6\u00dferer Mengen gew\u00e4hren wir folgende Mengenrabatte:<\/p>\n<div>\n<ul>\n<li><b>ab 2 St\u00fcck: 2,5%<\/b> <\/li >\n<li><b>ab 4 St\u00fcck: 5%<\/b><\/li>\n<li><b>ab 8 St\u00fcck: 7,5%<\/b><\/li>\n<li>< b>ab 12 St\u00fcck : 10%<\/b><\/li>\n<\/ul>\n<p>Der Mengenrabatt wird direkt im Warenkorb abgezogen.<\/p>\n<\/div>\n","protected":false},"excerpt":{"rendered":"<p>85 x 140 cm. Bereit zum Fliegen<\/p>\n","protected":false},"featured_media":12619,"comment_status":"closed","ping_status":"closed","template":"","meta":{"_acf_changed":false},"product_brand":[],"product_cat":[1396,2184],"product_tag":[3631],"class_list":{"0":"post-21825","1":"product","2":"type-product","3":"status-publish","4":"has-post-thumbnail","6":"product_cat-drachen","7":"product_cat-kinderdrachen","8":"product_tag-kindervliegers","9":"pa_breedte-cm-140-de","10":"pa_lengte-cm-85-de","12":"first","13":"instock","14":"taxable","15":"shipping-taxable","16":"purchasable","17":"product-type-simple"},"acf":[],"_links":{"self":[{"href":"https:\/\/www.wepaflyer.com\/de\/wp-json\/wp\/v2\/product\/21825","targetHints":{"allow":["GET"]}}],"collection":[{"href":"https:\/\/www.wepaflyer.com\/de\/wp-json\/wp\/v2\/product"}],"about":[{"href":"https:\/\/www.wepaflyer.com\/de\/wp-json\/wp\/v2\/types\/product"}],"replies":[{"embeddable":true,"href":"https:\/\/www.wepaflyer.com\/de\/wp-json\/wp\/v2\/comments?post=21825"}],"wp:featuredmedia":[{"embeddable":true,"href":"https:\/\/www.wepaflyer.com\/de\/wp-json\/wp\/v2\/media\/12619"}],"wp:attachment":[{"href":"https:\/\/www.wepaflyer.com\/de\/wp-json\/wp\/v2\/media?parent=21825"}],"wp:term":[{"taxonomy":"product_brand","embeddable":true,"href":"https:\/\/www.wepaflyer.com\/de\/wp-json\/wp\/v2\/product_brand?post=21825"},{"taxonomy":"product_cat","embeddable":true,"href":"https:\/\/www.wepaflyer.com\/de\/wp-json\/wp\/v2\/product_cat?post=21825"},{"taxonomy":"product_tag","embeddable":true,"href":"https:\/\/www.wepaflyer.com\/de\/wp-json\/wp\/v2\/product_tag?post=21825"}],"curies":[{"name":"wp","href":"https:\/\/api.w.org\/{rel}","templated":true}]}}