{"id":21824,"date":"2023-12-28T11:49:39","date_gmt":"2023-12-28T10:49:39","guid":{"rendered":"https:\/\/www.wepaflyer.com\/?post_type=product&#038;p=21824"},"modified":"2026-01-21T13:21:01","modified_gmt":"2026-01-21T12:21:01","slug":"hq-fc-kite-fox","status":"publish","type":"product","link":"https:\/\/www.wepaflyer.com\/de\/produkt\/hq-fc-kite-fox\/","title":{"rendered":"HQ FC Kite Fox"},"content":{"rendered":"<h3><span style=\"line-height: 1.5em;\">HQ FLYING CREATURES KITE FOX<\/span><\/h3>\n<h3><span style=\"line-height: 1.5em;\">110 x 145 cm. | Mit einem Fransenschwanz von 350 cm<\/span><\/h3>\n<p><span style=\"line-height: 1.5em;\">Der HQ Fox Kite ist ein ganz besonderer Drachen, nicht nur wegen seiner Form und Optik, Sondern auch und gerade wegen der einfachen Konstruktion und den sehr zuverl\u00e4ssigen, stabilen Flugeigenschaften, die ihn besonders bei Kindern beliebt machen.<\/span><\/p>\n<p><span style=\"line-height: 1.5em;\"> Dieser Fox Kite besticht durch seine kr\u00e4ftigen Farben und seine sch\u00f6ne Optik Effekte in der Luft. Die Kinder lieben das! Und das Tolle ist, dass sie diese Drachen ganz alleine steigen lassen k\u00f6nnen! Der Fox Kite ist f\u00fcr Kinder ab 5 Jahren geeignet.<\/span><\/p>\n<p><span style=\"line-height: 1.5em;\">Hergestellt aus Ripstop-Polyestergewebe mit einem 4 mm starken Glasfaserrahmen.< \/span><\/p>\n<p><span style=\"line-height: 1.5em;\"> span><\/p>\n<p><span style=\"line-height: 1.5em;\">Dieser fliegende Stra\u00dfenr\u00e4uber f\u00fchlt sich bei einer Brise von 2 bis 4 Bft am wohlsten.<\/span><\/p>\n<p> <span style=\"line-height: 1.5em;\">Der Drachen wird flugbereit mit 40 Metern Drachenleine in 17 daN St\u00e4rke am Drachenring geliefert. Design und Farben wie abgebildet. Anweisungen enthalten. Verpackt in einer sch\u00f6nen H\u00fclle.<\/span><\/p>\n<p><span style=\"line-height: 1.5em;\"><\/span><\/p>\n<\/p>\n<ul>< li >Breite: 145 cm<\/li>\n<li>H\u00f6he: 110 cm + 350 cm Fransenschwanz<\/li>\n<li>Stoff: Ripstop-Polyester<\/li>\n<li>St\u00e4be: Fiberglas 4 mm<\/li>\n<p>< li> Inklusive Drachenleine: Polyester 17 daN, 40 m auf einer Ringspule<\/li>\n<li>Wind (Bft.): 2-4 (6-28 km\/h, 4-18 mph)<\/li>\n<li>Alter: ab 5 Jahren <\/li>\n<\/ul>\n<p><b>Staffelrabatte<\/b>; Beim Kauf gr\u00f6\u00dferer Mengen gew\u00e4hren wir folgende Mengenrabatte:<\/p>\n<div>\n<ul>\n<li><b>ab 2 St\u00fcck: 2,5%<\/b> <\/li >\n<li><b>ab 4 St\u00fcck: 5%<\/b><\/li>\n<li><b>ab 8 St\u00fcck: 7,5%<\/b><\/li>\n<li>< b>ab 12 St\u00fcck : 10 %<\/b><\/li>\n<\/ul>\n<p>De Mengenrabatt wird direkt im Warenkorb abgerechnet.<\/p>\n<\/div>\n","protected":false},"excerpt":{"rendered":"<p>110 x 145 cm. Bereit zum Fliegen<\/p>\n","protected":false},"featured_media":12616,"comment_status":"closed","ping_status":"closed","template":"","meta":{"_acf_changed":false},"product_brand":[],"product_cat":[1396,2184],"product_tag":[],"class_list":{"0":"post-21824","1":"product","2":"type-product","3":"status-publish","4":"has-post-thumbnail","6":"product_cat-drachen","7":"product_cat-kinderdrachen","8":"pa_breedte-cm-145-de","9":"pa_lengte-cm-110-de","11":"first","12":"instock","13":"taxable","14":"shipping-taxable","15":"purchasable","16":"product-type-simple"},"acf":[],"_links":{"self":[{"href":"https:\/\/www.wepaflyer.com\/de\/wp-json\/wp\/v2\/product\/21824","targetHints":{"allow":["GET"]}}],"collection":[{"href":"https:\/\/www.wepaflyer.com\/de\/wp-json\/wp\/v2\/product"}],"about":[{"href":"https:\/\/www.wepaflyer.com\/de\/wp-json\/wp\/v2\/types\/product"}],"replies":[{"embeddable":true,"href":"https:\/\/www.wepaflyer.com\/de\/wp-json\/wp\/v2\/comments?post=21824"}],"wp:featuredmedia":[{"embeddable":true,"href":"https:\/\/www.wepaflyer.com\/de\/wp-json\/wp\/v2\/media\/12616"}],"wp:attachment":[{"href":"https:\/\/www.wepaflyer.com\/de\/wp-json\/wp\/v2\/media?parent=21824"}],"wp:term":[{"taxonomy":"product_brand","embeddable":true,"href":"https:\/\/www.wepaflyer.com\/de\/wp-json\/wp\/v2\/product_brand?post=21824"},{"taxonomy":"product_cat","embeddable":true,"href":"https:\/\/www.wepaflyer.com\/de\/wp-json\/wp\/v2\/product_cat?post=21824"},{"taxonomy":"product_tag","embeddable":true,"href":"https:\/\/www.wepaflyer.com\/de\/wp-json\/wp\/v2\/product_tag?post=21824"}],"curies":[{"name":"wp","href":"https:\/\/api.w.org\/{rel}","templated":true}]}}