{"id":21823,"date":"2023-12-28T11:49:39","date_gmt":"2023-12-28T10:49:39","guid":{"rendered":"https:\/\/www.wepaflyer.com\/?post_type=product&#038;p=21823"},"modified":"2026-01-21T13:21:00","modified_gmt":"2026-01-21T12:21:00","slug":"hq-fc-kite-flying-floyd-p-i-g","status":"publish","type":"product","link":"https:\/\/www.wepaflyer.com\/de\/produkt\/hq-fc-kite-flying-floyd-p-i-g\/","title":{"rendered":"HQ FC Kite Flying Floyd P.I.G."},"content":{"rendered":"<h3><span style=\"line-height: 1.5em;\">HQ FLYING CREATURES FLYING FLOYD P.I.G.<\/span><\/h3>\n<h3><span style=\"line-height: 1.5em;\">87 x 130 cm. | Bereit zum Fliegen | mit 400 cm langem Schwanz<\/span><\/h3>\n<p>Realistisch oder skurril, unsere farbenfrohen Creature Kites sehen in der Luft niedlich aus, sind einfach zu fliegen und leicht zusammenzubauen. Ein stabiler Rahmen und strapazierf\u00e4higes Ripstop-Polyester sorgen f\u00fcr maximale Haltbarkeit.<\/p>\n<p>Alle HQ Creature-Drachen sind flugbereit und werden mit wiederverwendbaren Drachentaschen geliefert.<\/p>\n<p><span style=\"line-height: 1,5 em;\"><\/span><\/p>\n<\/p>\n<ul>\n<li>Breite: 130 cm<\/li>\n<li>H\u00f6he: 87 cm + 400 cm langer Schwanz<\/li>\n<p>< li>Stoff: Ripstop-Polyester<\/li>\n<li>Stangen: Fiberglas 3 + 4 mm<\/li>\n<li>Inklusive Drachenleine: Polyester 17 daN, 40 m auf einer Ringspule<\/li>\n<li>Wind ( Bft.): 1,5-5 (6-38 km\/h, 4-24 mph)<\/li>\n<li>Alter: ab 5 Jahren<\/li>\n<\/ul>\n<p> <b>Mengenrabatte<\/b>; Beim Kauf gr\u00f6\u00dferer Mengen gew\u00e4hren wir folgende Mengenrabatte:<\/p>\n<div>\n<ul>\n<li><b>ab 2 St\u00fcck: 2,5%<\/b> <\/li >\n<li><b>ab 4 St\u00fcck: 5%<\/b><\/li>\n<li><b>ab 8 St\u00fcck: 7,5%<\/b><\/li>\n<li>< b>ab 12 St\u00fcck : 10%<\/b><\/li>\n<\/ul>\n<p>Der Mengenrabatt wird direkt im Warenkorb abgezogen.<\/p>\n<\/div>\n","protected":false},"excerpt":{"rendered":"<p>87 x 130 cm. + 400 cm Schwanz Ready to Fly<\/p>\n","protected":false},"featured_media":12613,"comment_status":"closed","ping_status":"closed","template":"","meta":{"_acf_changed":false},"product_brand":[],"product_cat":[1396,2177,2184],"product_tag":[],"class_list":{"0":"post-21823","1":"product","2":"type-product","3":"status-publish","4":"has-post-thumbnail","6":"product_cat-drachen","7":"product_cat-hq-kites","8":"product_cat-kinderdrachen","9":"pa_breedte-cm-130-de","10":"pa_lengte-cm-120-de","12":"first","13":"instock","14":"taxable","15":"shipping-taxable","16":"purchasable","17":"product-type-simple"},"acf":[],"_links":{"self":[{"href":"https:\/\/www.wepaflyer.com\/de\/wp-json\/wp\/v2\/product\/21823","targetHints":{"allow":["GET"]}}],"collection":[{"href":"https:\/\/www.wepaflyer.com\/de\/wp-json\/wp\/v2\/product"}],"about":[{"href":"https:\/\/www.wepaflyer.com\/de\/wp-json\/wp\/v2\/types\/product"}],"replies":[{"embeddable":true,"href":"https:\/\/www.wepaflyer.com\/de\/wp-json\/wp\/v2\/comments?post=21823"}],"wp:featuredmedia":[{"embeddable":true,"href":"https:\/\/www.wepaflyer.com\/de\/wp-json\/wp\/v2\/media\/12613"}],"wp:attachment":[{"href":"https:\/\/www.wepaflyer.com\/de\/wp-json\/wp\/v2\/media?parent=21823"}],"wp:term":[{"taxonomy":"product_brand","embeddable":true,"href":"https:\/\/www.wepaflyer.com\/de\/wp-json\/wp\/v2\/product_brand?post=21823"},{"taxonomy":"product_cat","embeddable":true,"href":"https:\/\/www.wepaflyer.com\/de\/wp-json\/wp\/v2\/product_cat?post=21823"},{"taxonomy":"product_tag","embeddable":true,"href":"https:\/\/www.wepaflyer.com\/de\/wp-json\/wp\/v2\/product_tag?post=21823"}],"curies":[{"name":"wp","href":"https:\/\/api.w.org\/{rel}","templated":true}]}}