{"id":21821,"date":"2023-12-28T11:49:39","date_gmt":"2023-12-28T10:49:39","guid":{"rendered":"https:\/\/www.wepaflyer.com\/?post_type=product&#038;p=21821"},"modified":"2026-01-21T13:20:57","modified_gmt":"2026-01-21T12:20:57","slug":"hq-fc-kite-dark-fang-bat-kite","status":"publish","type":"product","link":"https:\/\/www.wepaflyer.com\/de\/produkt\/hq-fc-kite-dark-fang-bat-kite\/","title":{"rendered":"HQ FC Kite Dark Fang Bat Kite"},"content":{"rendered":"<h3><span style=\"line-height: 1.5em;\">HQ FLYING CREATURES KITE DARK FANG BAT KITE<\/span><\/h3>\n<h3><span style=\"line-height: 1.5em;\"> 47 x 117 cm. | Bereit zum Fliegen | mit 100 cm langem Bagtail<\/span><\/h3>\n<p>Realistisch oder skurril, unsere farbenfrohen Creature Kites sehen in der Luft niedlich aus, sind leicht zu fliegen und einfach zu montieren.<\/p>\n<p>Ein stabiler Rahmen und Strapazierf\u00e4higes Ripstop-Polyester sorgt f\u00fcr maximale Haltbarkeit.<\/p>\n<p>Alle HQ Creature-Drachen sind flugbereit und werden mit wiederverwendbaren Drachentaschen geliefert.<\/p>\n<p><span style=\"line-height: 1.5em; \"> <\/span><\/p>\n<\/p>\n<ul>\n<li>Breite: 117 cm<\/li>\n<li>H\u00f6he: 47 cm + 100 cm Bagtail<\/li>\n<li>Stoff: Ripstop Polyester<\/li>\n<li>St\u00e4be: Fiberglas 2 + 3 mm<\/li>\n<li>Inklusive Drachenleine: Polyester 17 daN, 40 m auf einer Ringspule<\/li>\n<li>Wind (Bft.): 1 .5-4\u00a0(5-28 km\/h, 3,5-18 mph)<\/li>\n<li>Alter: ab 5 Jahren<\/li>\n<\/ul>\n<p>< b>Mengenrabatte<\/b>; Beim Kauf gr\u00f6\u00dferer Mengen gew\u00e4hren wir folgende Mengenrabatte:<\/p>\n<div>\n<ul>\n<li><b>ab 2 St\u00fcck: 2,5%<\/b> <\/li >\n<li><b>ab 4 St\u00fcck: 5%<\/b><\/li>\n<li><b>ab 8 St\u00fcck: 7,5%<\/b><\/li>\n<li>< b>ab 12 St\u00fcck : 10%<\/b><\/li>\n<\/ul>\n<p>Der Mengenrabatt wird direkt im Warenkorb abgezogen.<\/p>\n<\/div>\n","protected":false},"excerpt":{"rendered":"<p>47 x 117 cm. + 100 cm Bagtail flugbereit<\/p>\n","protected":false},"featured_media":12608,"comment_status":"closed","ping_status":"closed","template":"","meta":{"_acf_changed":false},"product_brand":[],"product_cat":[1396,2177,2184],"product_tag":[],"class_list":{"0":"post-21821","1":"product","2":"type-product","3":"status-publish","4":"has-post-thumbnail","6":"product_cat-drachen","7":"product_cat-hq-kites","8":"product_cat-kinderdrachen","9":"pa_breedte-cm-117-de","10":"pa_lengte-cm-47-de","12":"first","13":"instock","14":"purchasable","15":"product-type-simple"},"acf":[],"_links":{"self":[{"href":"https:\/\/www.wepaflyer.com\/de\/wp-json\/wp\/v2\/product\/21821","targetHints":{"allow":["GET"]}}],"collection":[{"href":"https:\/\/www.wepaflyer.com\/de\/wp-json\/wp\/v2\/product"}],"about":[{"href":"https:\/\/www.wepaflyer.com\/de\/wp-json\/wp\/v2\/types\/product"}],"replies":[{"embeddable":true,"href":"https:\/\/www.wepaflyer.com\/de\/wp-json\/wp\/v2\/comments?post=21821"}],"wp:featuredmedia":[{"embeddable":true,"href":"https:\/\/www.wepaflyer.com\/de\/wp-json\/wp\/v2\/media\/12608"}],"wp:attachment":[{"href":"https:\/\/www.wepaflyer.com\/de\/wp-json\/wp\/v2\/media?parent=21821"}],"wp:term":[{"taxonomy":"product_brand","embeddable":true,"href":"https:\/\/www.wepaflyer.com\/de\/wp-json\/wp\/v2\/product_brand?post=21821"},{"taxonomy":"product_cat","embeddable":true,"href":"https:\/\/www.wepaflyer.com\/de\/wp-json\/wp\/v2\/product_cat?post=21821"},{"taxonomy":"product_tag","embeddable":true,"href":"https:\/\/www.wepaflyer.com\/de\/wp-json\/wp\/v2\/product_tag?post=21821"}],"curies":[{"name":"wp","href":"https:\/\/api.w.org\/{rel}","templated":true}]}}