{"id":21820,"date":"2023-12-28T11:49:39","date_gmt":"2023-12-28T10:49:39","guid":{"rendered":"https:\/\/www.wepaflyer.com\/?post_type=product&#038;p=21820"},"modified":"2026-05-04T12:30:16","modified_gmt":"2026-05-04T10:30:16","slug":"hq-fc-kite-blaze-the-dragon","status":"publish","type":"product","link":"https:\/\/www.wepaflyer.com\/de\/produkt\/hq-fc-kite-blaze-the-dragon\/","title":{"rendered":"HQ FC Kite Blaze the Dragon"},"content":{"rendered":"<h3><span style=\"line-height: 1.5em;\">HQ FLYING CREATURES BLAZE THE DRAGON<\/span><\/h3>\n<h4><span style=\"line-height: 1.5em;\">135 x 180 cm. | Ready-to-Fly | <strong>Erst ab Januar 2026 wieder lieferbar<\/strong><\/span><\/h4>\n<p>Ob realistisch oder bizarr, unsere farbenfrohen Kreaturendrachen sehen in der Luft niedlich aus, sind einfach zu fliegen und einfach zusammenzubauen. Ein stabiler Rahmen und strapazierf\u00e4higes Ripstop-Polyester sorgen f\u00fcr maximale Haltbarkeit.<\/p>\n<p>Alle HQ Creature-Drachen sind flugbereit und werden mit wiederverwendbaren Drachentaschen geliefert.<\/p>\n<ul>\n<li>Breite: 180 cm<\/li>\n<li>H\u00f6he: 135 cm<\/li>\n<li>Stoff: Ripstop Polyester<\/li>\n<li>St\u00e4be: Fiberglas 2 + 3 + 4 mm<\/li>\n<li>Inklusive Drachenleine: Polyester 17 daN, 40 m auf einer Ringspule<\/li>\n<li>Wind (Bft.) : 2 -4,5 (11-34 km\/h, 7-21 mph)<\/li>\n<li>Alter: ab 5 Jahr<\/li>\n<\/ul>\n<p><b>Staffelrabatte<\/b>; Beim Kauf gr\u00f6\u00dferer Mengen gew\u00e4hren wir folgende Mengenrabatte:<\/p>\n<div>\n<ul>\n<li><b>ab 2 St\u00fcck: 2,5%<\/b> &lt;\/li &gt;<\/li>\n<li><b>ab 4 St\u00fcck: 5%<\/b><\/li>\n<li><b>ab 8 St\u00fcck: 7,5%<\/b><\/li>\n<li><strong>ab 12 St\u00fcck : 10 %<\/strong><\/li>\n<\/ul>\n<p>De Mengenrabatt wird direkt im Warenkorb abgerechnet.<\/p>\n<\/div>\n","protected":false},"excerpt":{"rendered":"<p>135 x 180 cm. | Ready-to-Fly | <strong>Erst ab Januar 2026 wieder lieferbar<\/strong><\/p>\n","protected":false},"featured_media":12605,"comment_status":"closed","ping_status":"closed","template":"","meta":{"_acf_changed":false},"product_brand":[],"product_cat":[1396,2177,2184,1348],"product_tag":[3631],"class_list":{"0":"post-21820","1":"product","2":"type-product","3":"status-publish","4":"has-post-thumbnail","6":"product_cat-drachen","7":"product_cat-hq-kites","8":"product_cat-kinderdrachen","9":"product_cat-marken","10":"product_tag-kindervliegers","11":"pa_breedte-cm-180-de","12":"pa_lengte-cm-135-de","14":"first","15":"onbackorder","16":"taxable","17":"shipping-taxable","18":"purchasable","19":"product-type-simple"},"acf":[],"_links":{"self":[{"href":"https:\/\/www.wepaflyer.com\/de\/wp-json\/wp\/v2\/product\/21820","targetHints":{"allow":["GET"]}}],"collection":[{"href":"https:\/\/www.wepaflyer.com\/de\/wp-json\/wp\/v2\/product"}],"about":[{"href":"https:\/\/www.wepaflyer.com\/de\/wp-json\/wp\/v2\/types\/product"}],"replies":[{"embeddable":true,"href":"https:\/\/www.wepaflyer.com\/de\/wp-json\/wp\/v2\/comments?post=21820"}],"wp:featuredmedia":[{"embeddable":true,"href":"https:\/\/www.wepaflyer.com\/de\/wp-json\/wp\/v2\/media\/12605"}],"wp:attachment":[{"href":"https:\/\/www.wepaflyer.com\/de\/wp-json\/wp\/v2\/media?parent=21820"}],"wp:term":[{"taxonomy":"product_brand","embeddable":true,"href":"https:\/\/www.wepaflyer.com\/de\/wp-json\/wp\/v2\/product_brand?post=21820"},{"taxonomy":"product_cat","embeddable":true,"href":"https:\/\/www.wepaflyer.com\/de\/wp-json\/wp\/v2\/product_cat?post=21820"},{"taxonomy":"product_tag","embeddable":true,"href":"https:\/\/www.wepaflyer.com\/de\/wp-json\/wp\/v2\/product_tag?post=21820"}],"curies":[{"name":"wp","href":"https:\/\/api.w.org\/{rel}","templated":true}]}}