{"id":21817,"date":"2023-12-28T11:49:39","date_gmt":"2023-12-28T10:49:39","guid":{"rendered":"https:\/\/www.wepaflyer.com\/?post_type=product&#038;p=21817"},"modified":"2026-05-04T16:04:43","modified_gmt":"2026-05-04T14:04:43","slug":"hq-f-box-regenbogendrachen","status":"publish","type":"product","link":"https:\/\/www.wepaflyer.com\/de\/produkt\/hq-f-box-regenbogendrachen\/","title":{"rendered":"HQ F-Box Beach Rainbow Kite"},"content":{"rendered":"<h3><span style=\"line-height: 1.5em;\">HQ F-BOX BEACH RAINBOW KITE<\/span><\/h3>\n<h4><span style=\"line-height: 1.5em;\">100 x 85 cm. | R2F | 3D-Einleinerdrachen<\/span><\/h4>\n<p><span style=\"line-height: 1.5em;\">Der F-Box Kite Beach Rainbow ist ein auff\u00e4lliger und vielseitiger Boxdrachen (Kastendrachen), da er \u00fcber einen gro\u00dfen Windbereich verf\u00fcgt. Wenn der Wind sehr schwach ist, befestigen Sie die Fl\u00fcgel und er hebt schon bei einer leichten Brise in die Luft. Weht der Wind jedoch zu stark, k\u00f6nnen Sie die Fl\u00fcgel abnehmen und er steht trotzdem stolz am Himmel. Der F-Box Beach Rainbow ist damit einer der beliebtesten Kastendrachen aus der HQ-Kollektion.<\/span><\/p>\n<p><span style=\"line-height: 1.5em;\">Er fliegt immer etwas unruhig. ist immer in Bewegung und hat eine leichte bis m\u00e4\u00dfige Zugkraft, geeignet f\u00fcr alle Altersgruppen.<\/span><\/p>\n<p><span style=\"line-height: 1.5em;\">Hergestellt aus Ripstop-Polyestertuch mit 3&amp;4 mm Glasfaser St\u00e4ben.<\/span><\/p>\n<p><span style=\"line-height: 1.5em;\">Der F-Box Beach Rainbow Kite fliegt optimal bei Windst\u00e4rke 1 bis 5 Bft.<\/span><\/p>\n<p><span style=\"line-height: 1.5em;\">Der Drachen wird Ready-toFly (R2F) mit 60 Metern Drachenleine in 25 daN St\u00e4rke auf einem Drachenring und im abgebildeten Farbschema geliefert. Anweisungen im Paket enthalten. Verpackt in einer einfachen Aufbewahrungsh\u00fclle.<\/span><\/p>\n","protected":false},"excerpt":{"rendered":"<p><span style=\"line-height: 1.5em;\">100 x 85 cm. | R2F | 3D-Einleinerdrachen<\/span><\/p>\n","protected":false},"featured_media":12592,"comment_status":"closed","ping_status":"closed","template":"","meta":{"_acf_changed":false},"product_brand":[],"product_cat":[1396,2182,2177,2184,1348],"product_tag":[3642],"class_list":{"0":"post-21817","1":"product","2":"type-product","3":"status-publish","4":"has-post-thumbnail","6":"product_cat-drachen","7":"product_cat-festival-drachen","8":"product_cat-hq-kites","9":"product_cat-kinderdrachen","10":"product_cat-marken","11":"product_tag-festivalvliegers","12":"pa_breedte-cm-85-de","13":"pa_lengte-cm-12-de","15":"first","16":"instock","17":"sale","18":"taxable","19":"shipping-taxable","20":"purchasable","21":"product-type-simple"},"acf":[],"_links":{"self":[{"href":"https:\/\/www.wepaflyer.com\/de\/wp-json\/wp\/v2\/product\/21817","targetHints":{"allow":["GET"]}}],"collection":[{"href":"https:\/\/www.wepaflyer.com\/de\/wp-json\/wp\/v2\/product"}],"about":[{"href":"https:\/\/www.wepaflyer.com\/de\/wp-json\/wp\/v2\/types\/product"}],"replies":[{"embeddable":true,"href":"https:\/\/www.wepaflyer.com\/de\/wp-json\/wp\/v2\/comments?post=21817"}],"wp:featuredmedia":[{"embeddable":true,"href":"https:\/\/www.wepaflyer.com\/de\/wp-json\/wp\/v2\/media\/12592"}],"wp:attachment":[{"href":"https:\/\/www.wepaflyer.com\/de\/wp-json\/wp\/v2\/media?parent=21817"}],"wp:term":[{"taxonomy":"product_brand","embeddable":true,"href":"https:\/\/www.wepaflyer.com\/de\/wp-json\/wp\/v2\/product_brand?post=21817"},{"taxonomy":"product_cat","embeddable":true,"href":"https:\/\/www.wepaflyer.com\/de\/wp-json\/wp\/v2\/product_cat?post=21817"},{"taxonomy":"product_tag","embeddable":true,"href":"https:\/\/www.wepaflyer.com\/de\/wp-json\/wp\/v2\/product_tag?post=21817"}],"curies":[{"name":"wp","href":"https:\/\/api.w.org\/{rel}","templated":true}]}}